{"id":312,"date":"2021-09-03T00:20:03","date_gmt":"2021-09-03T00:20:03","guid":{"rendered":"http:\/\/raphaellef5.sg-host.com\/?page_id=312"},"modified":"2026-04-20T15:08:25","modified_gmt":"2026-04-20T15:08:25","slug":"a-propos","status":"publish","type":"page","link":"https:\/\/fondationaleo.ca\/en\/a-propos\/","title":{"rendered":"About"},"content":{"rendered":"<p>[et_pb_section fb_built=\u00a0\u00bb1&Prime; admin_label=\u00a0\u00bbHero &#8211; Section\u00a0\u00bb module_class=\u00a0\u00bbgradient-overlay\u00a0\u00bb _builder_version=\u00a0\u00bb4.21.0&Prime; _module_preset=\u00a0\u00bbdf9e349b-e74a-4278-a6b0-e8745b7adebe\u00a0\u00bb background_color_gradient_stops=\u00a0\u00bb#0a0000 0%|rgba(16,47,87,0) 100%\u00a0\u00bb background_color_gradient_start=\u00a0\u00bb#0a0000&Prime; background_color_gradient_end=\u00a0\u00bbrgba(16,47,87,0)\u00a0\u00bb background_image=\u00a0\u00bbhttps:\/\/fondationaleo.ca\/wp-content\/uploads\/2022\/11\/Aleo-Website-1080&#215;1920-1.jpg\u00a0\u00bb custom_padding_phone=\u00a0\u00bb25px||25px||false|false\u00a0\u00bb global_colors_info=\u00a0\u00bb{}\u00a0\u00bb][et_pb_row _builder_version=\u00a0\u00bb4.16&Prime; _module_preset=\u00a0\u00bbdefault\u00a0\u00bb global_colors_info=\u00a0\u00bb{}\u00a0\u00bb][et_pb_column type=\u00a0\u00bb4_4&Prime; _builder_version=\u00a0\u00bb4.16&Prime; _module_preset=\u00a0\u00bbdefault\u00a0\u00bb global_colors_info=\u00a0\u00bb{}\u00a0\u00bb][et_pb_text _builder_version=\u00a0\u00bb4.16&Prime; _module_preset=\u00a0\u00bb4174990c-c7fd-4fe0-b35e-af2c8240af30&Prime; text_text_color=\u00a0\u00bb#ffe400&Prime; header_text_color=\u00a0\u00bb#ffe400&Prime; global_colors_info=\u00a0\u00bb{}\u00a0\u00bb]<\/p>\n<h1>\u00c0 propos de la Fondation Al\u00e9o<\/h1>\n<p>[\/et_pb_text][\/et_pb_column][\/et_pb_row][\/et_pb_section][et_pb_section fb_built=\u00a0\u00bb1&Prime; admin_label=\u00a0\u00bbAbout I &#8211; Section\u00a0\u00bb _builder_version=\u00a0\u00bb4.21.0&Prime; _module_preset=\u00a0\u00bbdefault\u00a0\u00bb custom_padding=\u00a0\u00bb25px||25px||false|false\u00a0\u00bb global_colors_info=\u00a0\u00bb{}\u00a0\u00bb][et_pb_row column_structure=\u00a0\u00bb1_2,1_2&Prime; _builder_version=\u00a0\u00bb4.16&Prime; _module_preset=\u00a0\u00bbdefault\u00a0\u00bb custom_css_main_element=\u00a0\u00bbdisplay: flex;||align-items: center;\u00a0\u00bb global_colors_info=\u00a0\u00bb{}\u00a0\u00bb custom_css_main_element_last_edited=\u00a0\u00bbon|tablet\u00a0\u00bb custom_css_main_element_tablet=\u00a0\u00bbdisplay: block;\u00a0\u00bb custom_css_main_element_phone=\u00a0\u00bbdisplay: block;\u00a0\u00bb][et_pb_column type=\u00a0\u00bb1_2&Prime; _builder_version=\u00a0\u00bb4.16&Prime; _module_preset=\u00a0\u00bbdefault\u00a0\u00bb global_colors_info=\u00a0\u00bb{}\u00a0\u00bb][et_pb_text _builder_version=\u00a0\u00bb4.16&Prime; _module_preset=\u00a0\u00bbdefault\u00a0\u00bb global_colors_info=\u00a0\u00bb{}\u00a0\u00bb]<\/p>\n<h2>Manifesto<\/h2>\n<p>[\/et_pb_text][et_pb_image src=\u00a0\u00bbhttps:\/\/fondationaleo.ca\/wp-content\/uploads\/2022\/11\/divider.svg\u00a0\u00bb title_text=\u00a0\u00bbdivider\u00a0\u00bb _builder_version=\u00a0\u00bb4.16&Prime; _module_preset=\u00a0\u00bb721d87e2-e859-4484-ba2c-2b5f9115c03f\u00a0\u00bb global_colors_info=\u00a0\u00bb{}\u00a0\u00bb][\/et_pb_image][et_pb_text _builder_version=\u00a0\u00bb4.21.0&Prime; _module_preset=\u00a0\u00bbdefault\u00a0\u00bb global_colors_info=\u00a0\u00bb{}\u00a0\u00bb]<\/p>\n<p>Nos boursiers et boursi\u00e8res m\u00e9ritent d\u2019\u00eatre soutenus, encourag\u00e9s et accompagn\u00e9s dans leurs passions. Ceux et celles qui se pr\u00e9parent \u00e0 prendre notre relais doivent recevoir notre appui dans leurs ambitions, afin d\u2019atteindre un \u00e9quilibre, un bien-\u00eatre dans la performance et un \u00e9panouissement global.<\/p>\n<p>Ils et elles ont besoin de nous tous. Nous pouvons les guider, les propulser, leur donner l\u2019opportunit\u00e9 de d\u00e9ployer leurs ailes.<br \/>Par ses programmes de bourses et ses services d\u2019accompagnement, la Fondation Al\u00e9o et ses partenaires sont:<\/p>\n<ul>\n<li>Pr\u00e9sents d\u00e8s l\u2019\u00e9mergence de leur talent;<\/li>\n<li>Des co\u00e9quipiers de premier plan pendant leur carri\u00e8re sportive et leur parcours scolaire;<\/li>\n<li>Des alli\u00e9s jusqu\u2019\u00e0 la transition vers une vie professionnelle \u00e9panouie.<\/li>\n<\/ul>\n<p>La Fondation Al\u00e9o, c\u2019est une bourse, un soutien, une tape dans le dos, un \u00e9lan, une famille pour la vie. Pour aller au-del\u00e0 des r\u00e9sultats, des m\u00e9dailles et des championnats, car l\u2019objectif r\u00e9el est d\u2019entra\u00eener aujourd\u2019hui, nos leaders de demain.<\/p>\n<p>Ensemble, on peut aller haut.<\/p>\n<p>Et propulser l\u2019athl\u00e8te au-del\u00e0 du sport.<\/p>\n<p>[\/et_pb_text][\/et_pb_column][et_pb_column type=\u00a0\u00bb1_2&Prime; _builder_version=\u00a0\u00bb4.16&Prime; _module_preset=\u00a0\u00bbdefault\u00a0\u00bb global_colors_info=\u00a0\u00bb{}\u00a0\u00bb][et_pb_video src=\u00a0\u00bbhttps:\/\/youtu.be\/B1Y6kKwj4PM\u00a0\u00bb _builder_version=\u00a0\u00bb4.19.1&Prime; _module_preset=\u00a0\u00bbdefault\u00a0\u00bb global_colors_info=\u00a0\u00bb{}\u00a0\u00bb][\/et_pb_video][\/et_pb_column][\/et_pb_row][et_pb_row column_structure=\u00a0\u00bb1_2,1_2&Prime; _builder_version=\u00a0\u00bb4.21.0&Prime; _module_preset=\u00a0\u00bbdefault\u00a0\u00bb custom_margin=\u00a0\u00bb35px||||false|false\u00a0\u00bb custom_padding=\u00a0\u00bb25px||25px||false|false\u00a0\u00bb global_colors_info=\u00a0\u00bb{}\u00a0\u00bb][et_pb_column type=\u00a0\u00bb1_2&Prime; _builder_version=\u00a0\u00bb4.16&Prime; _module_preset=\u00a0\u00bbdefault\u00a0\u00bb global_colors_info=\u00a0\u00bb{}\u00a0\u00bb][et_pb_text _builder_version=\u00a0\u00bb4.16&Prime; _module_preset=\u00a0\u00bbdefault\u00a0\u00bb global_colors_info=\u00a0\u00bb{}\u00a0\u00bb]<\/p>\n<h2>Planification strat\u00e9gique<br \/>2021-2025<\/h2>\n<p>[\/et_pb_text][et_pb_image src=\u00a0\u00bbhttps:\/\/fondationaleo.ca\/wp-content\/uploads\/2022\/11\/divider.svg\u00a0\u00bb title_text=\u00a0\u00bbdivider\u00a0\u00bb _builder_version=\u00a0\u00bb4.16&Prime; _module_preset=\u00a0\u00bb721d87e2-e859-4484-ba2c-2b5f9115c03f\u00a0\u00bb saved_tabs=\u00a0\u00bball\u00a0\u00bb global_colors_info=\u00a0\u00bb{}\u00a0\u00bb][\/et_pb_image][et_pb_text _builder_version=\u00a0\u00bb4.21.0&Prime; _module_preset=\u00a0\u00bbdefault\u00a0\u00bb global_colors_info=\u00a0\u00bb{}\u00a0\u00bb]<\/p>\n<p>La Fondation Al\u00e9o aspire \u00e0 ce que tout \u00e9tudiant-athl\u00e8te du Qu\u00e9bec, peu importe son contexte socio-\u00e9conomique et sa discipline sportive, b\u00e9n\u00e9ficie de conditions favorables \u00e0 sa r\u00e9ussite \u00e9ducative et sportive, et \u00e0 son \u00e9panouissement global. Un \u00e9cosyst\u00e8me qu\u00e9b\u00e9cois soutenant les athl\u00e8tes dans leurs plus grandes ambitions, et ce, pendant toutes les \u00e9tapes et les transitions associ\u00e9es \u00e0 leur vie d\u2019\u00e9tudiant-athl\u00e8te, les pr\u00e9pare \u00e0 jouer un r\u00f4le actif dans la soci\u00e9t\u00e9 qu\u00e9b\u00e9coise, \u00e0 devenir des mod\u00e8les inspirants!<\/p>\n<p>Pour ce faire, la Fondation Al\u00e9o:<\/p>\n<ol>\n<li>Renforcera<strong> sa clart\u00e9 strat\u00e9gique<\/strong>;<\/li>\n<li>Bonifiera ses <strong>actions dans l\u2019\u00e9cosyst\u00e8me<\/strong> selon les apprentissages et le contexte \u00e9mergent;<\/li>\n<li>Accro\u00eetra sa <strong>notori\u00e9t\u00e9 et son rayonnement<\/strong> et communiquera mieux sa raison d\u2019\u00eatre;<\/li>\n<li>Augmentera sa capacit\u00e9 et sa <strong>p\u00e9rennit\u00e9 financi\u00e8re<\/strong>.<\/li>\n<\/ol>\n<p>[\/et_pb_text][et_pb_text module_class=\u00a0\u00bbbtn-non-slanted\u00a0\u00bb _builder_version=\u00a0\u00bb4.14.2&Prime; _module_preset=\u00a0\u00bb89be2cad-54d4-48ba-8324-b808613e81d5&Prime; text_font=\u00a0\u00bb||||||||\u00a0\u00bb text_text_color=\u00a0\u00bb#0B0B0B\u00a0\u00bb ul_text_color=\u00a0\u00bb#0B0B0B\u00a0\u00bb background_color=\u00a0\u00bb#fff500&Prime; transform_skew=\u00a0\u00bb0deg|0deg\u00a0\u00bb link_option_url=\u00a0\u00bbhttps:\/\/fondationaleo.ca\/planification-strategique-2021-2025\/\u00a0\u00bb custom_css_main_element=\u00a0\u00bbcolor: #000000;\u00a0\u00bb global_module=\u00a0\u00bb1421&Prime; saved_tabs=\u00a0\u00bball\u00a0\u00bb locked=\u00a0\u00bboff\u00a0\u00bb global_colors_info=\u00a0\u00bb{}\u00a0\u00bb]<\/p>\n<p><strong>En savoir plus<\/strong><\/p>\n<p>[\/et_pb_text][\/et_pb_column][et_pb_column type=\u00a0\u00bb1_2&Prime; _builder_version=\u00a0\u00bb4.16&Prime; _module_preset=\u00a0\u00bbdefault\u00a0\u00bb custom_padding_tablet=\u00a0\u00bb50px||||false|false\u00a0\u00bb custom_padding_phone=\u00a0\u00bb\u00a0\u00bb custom_padding_last_edited=\u00a0\u00bbon|phone\u00a0\u00bb global_colors_info=\u00a0\u00bb{}\u00a0\u00bb][et_pb_text _builder_version=\u00a0\u00bb4.16&Prime; _module_preset=\u00a0\u00bbdefault\u00a0\u00bb global_colors_info=\u00a0\u00bb{}\u00a0\u00bb]<\/p>\n<h2>Principes d&rsquo;intervention<\/h2>\n<p>[\/et_pb_text][et_pb_image src=\u00a0\u00bbhttps:\/\/fondationaleo.ca\/wp-content\/uploads\/2022\/11\/divider.svg\u00a0\u00bb title_text=\u00a0\u00bbdivider\u00a0\u00bb _builder_version=\u00a0\u00bb4.16&Prime; _module_preset=\u00a0\u00bb721d87e2-e859-4484-ba2c-2b5f9115c03f\u00a0\u00bb global_colors_info=\u00a0\u00bb{}\u00a0\u00bb][\/et_pb_image][et_pb_text _builder_version=\u00a0\u00bb4.21.0&Prime; _module_preset=\u00a0\u00bbdefault\u00a0\u00bb global_colors_info=\u00a0\u00bb{}\u00a0\u00bb]<\/p>\n<ul>\n<li>Privil\u00e9gier une approche personnalis\u00e9e dans les rapports avec les \u00e9tudiant\u00b7es-athl\u00e8tes et les partenaires<\/li>\n<li>Maintenir l\u2019autonomie de l\u2019organisation<\/li>\n<li>Jouer un r\u00f4le de rassembleur<\/li>\n<li>Prioriser les efforts et les activit\u00e9s ayant le plus d\u2019impact (r\u00e8gle du 20-80)<\/li>\n<li>Assurer la p\u00e9rennit\u00e9 de la Fondation<\/li>\n<li>Minimiser les co\u00fbts et d\u00e9bours\u00e9s<\/li>\n<\/ul>\n<p><strong>Les 3 groupes cibles de la Fondation:<\/strong><\/p>\n<p>-\u00bb Les \u00e9tudiant\u00b7e\u00b7s-athl\u00e8tes qu\u00e9b\u00e9cois<br \/>-\u00bb Les anciens boursiers<br \/>-\u00bb Les entreprises et organismes susceptibles d\u2019appuyer les \u00e9tudiant\u00b7e\u00b7s-athl\u00e8tes<\/p>\n<p>[\/et_pb_text][\/et_pb_column][\/et_pb_row][et_pb_row column_structure=\u00a0\u00bb1_3,1_3,1_3&Prime; use_custom_gutter=\u00a0\u00bbon\u00a0\u00bb gutter_width=\u00a0\u00bb1&Prime; _builder_version=\u00a0\u00bb4.21.0&Prime; _module_preset=\u00a0\u00bbdefault\u00a0\u00bb custom_padding=\u00a0\u00bb25px||25px||false|false\u00a0\u00bb custom_css_main_element=\u00a0\u00bbdisplay: flex;||align-items: center;\u00a0\u00bb global_colors_info=\u00a0\u00bb{}\u00a0\u00bb][et_pb_column type=\u00a0\u00bb1_3&Prime; _builder_version=\u00a0\u00bb4.16&Prime; _module_preset=\u00a0\u00bbdefault\u00a0\u00bb global_colors_info=\u00a0\u00bb{}\u00a0\u00bb][et_pb_divider color=\u00a0\u00bbrgba(11,11,11,0.1)\u00a0\u00bb divider_weight=\u00a0\u00bb1.5px\u00a0\u00bb _builder_version=\u00a0\u00bb4.16&Prime; _module_preset=\u00a0\u00bbdefault\u00a0\u00bb global_colors_info=\u00a0\u00bb{}\u00a0\u00bb][\/et_pb_divider][\/et_pb_column][et_pb_column type=\u00a0\u00bb1_3&Prime; _builder_version=\u00a0\u00bb4.16&Prime; _module_preset=\u00a0\u00bbdefault\u00a0\u00bb global_colors_info=\u00a0\u00bb{}\u00a0\u00bb][et_pb_text _builder_version=\u00a0\u00bb4.16&Prime; _module_preset=\u00a0\u00bbdefault\u00a0\u00bb header_2_text_align=\u00a0\u00bbcenter\u00a0\u00bb header_2_font_size=\u00a0\u00bb32px\u00a0\u00bb global_colors_info=\u00a0\u00bb{}\u00a0\u00bb]<\/p>\n<h2>L&rsquo;\u00e9quipe<\/h2>\n<p>[\/et_pb_text][\/et_pb_column][et_pb_column type=\u00a0\u00bb1_3&Prime; _builder_version=\u00a0\u00bb4.16&Prime; _module_preset=\u00a0\u00bbdefault\u00a0\u00bb global_colors_info=\u00a0\u00bb{}\u00a0\u00bb][et_pb_divider color=\u00a0\u00bbrgba(11,11,11,0.1)\u00a0\u00bb divider_weight=\u00a0\u00bb1.5px\u00a0\u00bb _builder_version=\u00a0\u00bb4.16&Prime; _module_preset=\u00a0\u00bbdefault\u00a0\u00bb global_colors_info=\u00a0\u00bb{}\u00a0\u00bb][\/et_pb_divider][\/et_pb_column][\/et_pb_row][\/et_pb_section][et_pb_section fb_built=\u00a0\u00bb1&Prime; admin_label=\u00a0\u00bbTeam Members &#8211; Section\u00a0\u00bb module_id=\u00a0\u00bbequipe\u00a0\u00bb _builder_version=\u00a0\u00bb4.21.0&Prime; _module_preset=\u00a0\u00bbdefault\u00a0\u00bb custom_margin=\u00a0\u00bb||||false|false\u00a0\u00bb custom_padding=\u00a0\u00bb25px||25px||false|false\u00a0\u00bb global_colors_info=\u00a0\u00bb{}\u00a0\u00bb][et_pb_row column_structure=\u00a0\u00bb1_3,1_3,1_3&Prime; _builder_version=\u00a0\u00bb4.21.0&Prime; _module_preset=\u00a0\u00bbdefault\u00a0\u00bb custom_margin=\u00a0\u00bb||70px||false|false\u00a0\u00bb custom_padding=\u00a0\u00bb25px||25px||false|false\u00a0\u00bb global_colors_info=\u00a0\u00bb{}\u00a0\u00bb][et_pb_column type=\u00a0\u00bb1_3&Prime; _builder_version=\u00a0\u00bb4.16&Prime; _module_preset=\u00a0\u00bbdefault\u00a0\u00bb global_colors_info=\u00a0\u00bb{}\u00a0\u00bb][et_pb_team_member name=\u00a0\u00bbPatricia Demers\u00a0\u00bb position=\u00a0\u00bbDirectrice g\u00e9n\u00e9rale\u00a0\u00bb image_url=\u00a0\u00bbhttps:\/\/fondationaleo.ca\/wp-content\/uploads\/2024\/10\/PatriciaDemers-CirqueDuSoleil2024-01-1-scaled.jpg\u00a0\u00bb _builder_version=\u00a0\u00bb4.21.0&Prime; _module_preset=\u00a0\u00bb_initial\u00a0\u00bb background_color=\u00a0\u00bb#ffffff\u00a0\u00bb min_height=\u00a0\u00bb225px\u00a0\u00bb max_height=\u00a0\u00bb225px\u00a0\u00bb custom_padding=\u00a0\u00bb||||false|true\u00a0\u00bb global_colors_info=\u00a0\u00bb{}\u00a0\u00bb]<\/p>\n<p><a href=\"tel:5142523171\">514-252-3171<\/a> poste 3728<br \/><a href=\"mailto:patricia.demers@fondationaleo.ca\">patricia.demers@fondationaleo.ca<\/a><\/p>\n<p>[\/et_pb_team_member][\/et_pb_column][et_pb_column type=\u00a0\u00bb1_3&Prime; _builder_version=\u00a0\u00bb4.16&Prime; _module_preset=\u00a0\u00bbdefault\u00a0\u00bb global_colors_info=\u00a0\u00bb{}\u00a0\u00bb][et_pb_team_member name=\u00a0\u00bbAnnie Dub\u00e9\u00a0\u00bb position=\u00a0\u00bbDirectrice des communications et du marketing\u00a0\u00bb image_url=\u00a0\u00bbhttps:\/\/fondationaleo.ca\/wp-content\/uploads\/2023\/09\/Capture-decran-le-2023-09-27-a-10.05.16-1.png\u00a0\u00bb image_url_tablet=\u00a0\u00bbhttps:\/\/fondationaleo.ca\/wp-content\/uploads\/2023\/09\/Capture-decran-le-2023-09-27-a-10.05.16-1.png\u00a0\u00bb image_url_phone=\u00a0\u00bbhttps:\/\/fondationaleo.ca\/wp-content\/uploads\/2023\/09\/Capture-decran-le-2023-09-27-a-10.05.16-1.png\u00a0\u00bb image_url_last_edited=\u00a0\u00bbon|desktop\u00a0\u00bb _builder_version=\u00a0\u00bb4.21.0&Prime; _module_preset=\u00a0\u00bbdefault\u00a0\u00bb background_color=\u00a0\u00bb#ffffff\u00a0\u00bb min_height=\u00a0\u00bb225px\u00a0\u00bb max_height=\u00a0\u00bb225px\u00a0\u00bb global_colors_info=\u00a0\u00bb{}\u00a0\u00bb]<\/p>\n<p>Cellulaire: 438-884-6626<br \/><a href=\"mailto:annie.dube@fondationaleo.ca\">annie.dube@fondationaleo.ca<\/a><\/p>\n<p>[\/et_pb_team_member][\/et_pb_column][et_pb_column type=\u00a0\u00bb1_3&Prime; _builder_version=\u00a0\u00bb4.16&Prime; _module_preset=\u00a0\u00bbdefault\u00a0\u00bb global_colors_info=\u00a0\u00bb{}\u00a0\u00bb][et_pb_team_member name=\u00a0\u00bbMarie-Eve Desrochers\u00a0\u00bb position=\u00a0\u00bbDirectrice du d\u00e9veloppement philanthropique\u00a0\u00bb image_url=\u00a0\u00bbhttps:\/\/fondationaleo.ca\/wp-content\/uploads\/2025\/03\/Capture-decran-le-2025-03-12-a-15.53.02.png\u00a0\u00bb _builder_version=\u00a0\u00bb4.27.4&Prime; _module_preset=\u00a0\u00bbdefault\u00a0\u00bb background_color=\u00a0\u00bb#ffffff\u00a0\u00bb min_height=\u00a0\u00bb225px\u00a0\u00bb max_height=\u00a0\u00bb225px\u00a0\u00bb global_colors_info=\u00a0\u00bb{}\u00a0\u00bb]<\/p>\n<p><a href=\"tel:5142523171\">514-252-3171<\/a> poste 3931<\/p>\n<p><a href=\"mailto:marie-eve@fondationaleo.ca\">marie-eve@fondationaleo.ca<\/a><\/p>\n<p>[\/et_pb_team_member][\/et_pb_column][\/et_pb_row][et_pb_row column_structure=\u00a0\u00bb1_3,1_3,1_3&Prime; _builder_version=\u00a0\u00bb4.21.0&Prime; _module_preset=\u00a0\u00bbdefault\u00a0\u00bb custom_margin=\u00a0\u00bb||70px||false|false\u00a0\u00bb custom_padding=\u00a0\u00bb25px||25px||false|false\u00a0\u00bb global_colors_info=\u00a0\u00bb{}\u00a0\u00bb][et_pb_column type=\u00a0\u00bb1_3&Prime; _builder_version=\u00a0\u00bb4.16&Prime; _module_preset=\u00a0\u00bbdefault\u00a0\u00bb global_colors_info=\u00a0\u00bb{}\u00a0\u00bb][et_pb_team_member name=\u00a0\u00bbSophie Brassard, Phd\u00a0\u00bb position=\u00a0\u00bbConseill\u00e8re d\u2019orientation &#8211; Directrice des programmes et des services\u00a0\u00bb image_url=\u00a0\u00bbhttps:\/\/fondationaleo.ca\/wp-content\/uploads\/2025\/03\/Capture-decran-le-2025-03-12-a-15.50.55.png\u00a0\u00bb _builder_version=\u00a0\u00bb4.27.6&Prime; _module_preset=\u00a0\u00bbdefault\u00a0\u00bb background_color=\u00a0\u00bb#ffffff\u00a0\u00bb min_height=\u00a0\u00bb225px\u00a0\u00bb max_height=\u00a0\u00bb225px\u00a0\u00bb hover_enabled=\u00a0\u00bb0&Prime; global_colors_info=\u00a0\u00bb{}\u00a0\u00bb sticky_enabled=\u00a0\u00bb0&Prime;]<\/p>\n<p><a href=\"tel:5142523171\">514-252-3171<\/a> poste 3798<br \/><a href=\"mailto:sophie.brassard@fondationaleo.ca\">sophie.brassard@fondationaleo.ca<\/a><br \/><span data-teams=\"true\">Permis n\u00b0 19816-11<\/span><\/p>\n<p>[\/et_pb_team_member][\/et_pb_column][et_pb_column type=\u00a0\u00bb1_3&Prime; _builder_version=\u00a0\u00bb4.16&Prime; _module_preset=\u00a0\u00bbdefault\u00a0\u00bb global_colors_info=\u00a0\u00bb{}\u00a0\u00bb][et_pb_team_member name=\u00a0\u00bbFr\u00e9d\u00e9ric Chagnon\u00a0\u00bb position=\u00a0\u00bbCoordonnateur des programmes de bourses\u00a0\u00bb image_url=\u00a0\u00bbhttps:\/\/fondationaleo.ca\/wp-content\/uploads\/2025\/10\/Capture-decran-le-2025-10-16-a-15.28.20.png\u00a0\u00bb _builder_version=\u00a0\u00bb4.27.4&Prime; _module_preset=\u00a0\u00bbdefault\u00a0\u00bb background_color=\u00a0\u00bb#ffffff\u00a0\u00bb min_height=\u00a0\u00bb225px\u00a0\u00bb max_height=\u00a0\u00bb225px\u00a0\u00bb global_colors_info=\u00a0\u00bb{}\u00a0\u00bb]<\/p>\n<p><span data-teams=\"true\">Cellulaire: 438 889-3305<\/span><br \/><a href=\"mailto:jonathan.collin@fondationaleo.ca\">frederic.chagnon@fondationaleo.ca<\/a><\/p>\n<p>[\/et_pb_team_member][\/et_pb_column][et_pb_column type=\u00a0\u00bb1_3&Prime; _builder_version=\u00a0\u00bb4.16&Prime; _module_preset=\u00a0\u00bbdefault\u00a0\u00bb global_colors_info=\u00a0\u00bb{}\u00a0\u00bb][et_pb_team_member name=\u00a0\u00bbCharles Tropper\u00a0\u00bb position=\u00a0\u00bbConseiller d&rsquo;orientation, services aux \u00e9tudiant\u00b7e\u00b7s-athl\u00e8tes\u00a0\u00bb image_url=\u00a0\u00bbhttps:\/\/fondationaleo.ca\/wp-content\/uploads\/2024\/06\/Capture-decran-le-2024-06-10-a-15.56.18-1.png\u00a0\u00bb _builder_version=\u00a0\u00bb4.27.4&Prime; _module_preset=\u00a0\u00bbdefault\u00a0\u00bb background_color=\u00a0\u00bb#ffffff\u00a0\u00bb min_height=\u00a0\u00bb225px\u00a0\u00bb max_height=\u00a0\u00bb225px\u00a0\u00bb global_colors_info=\u00a0\u00bb{}\u00a0\u00bb]<\/p>\n<p>Cellulaire: <span class=\"ui-provider ed bgt bcy crq crr crs crt cru crv crw crx cry crz csa csb csc csd cse csf csg csh csi csj csk csl csm csn cso csp csq csr css cst csu csv\" dir=\"ltr\">450 577-5427<br \/><\/span><a href=\"mailto:charles.tropper@fondationaleo.ca\">charles.tropper@fondationaleo.ca<\/a><br \/>Permis n\u00b0 <span data-teams=\"true\">21499-24<\/span><\/p>\n<p>[\/et_pb_team_member][\/et_pb_column][\/et_pb_row][et_pb_row column_structure=\u00a0\u00bb1_2,1_2&Prime; _builder_version=\u00a0\u00bb4.27.4&Prime; _module_preset=\u00a0\u00bbdefault\u00a0\u00bb custom_margin=\u00a0\u00bb||70px||false|false\u00a0\u00bb custom_padding=\u00a0\u00bb70px||25px||false|false\u00a0\u00bb global_colors_info=\u00a0\u00bb{}\u00a0\u00bb][et_pb_column type=\u00a0\u00bb1_2&Prime; _builder_version=\u00a0\u00bb4.16&Prime; _module_preset=\u00a0\u00bbdefault\u00a0\u00bb global_colors_info=\u00a0\u00bb{}\u00a0\u00bb][et_pb_team_member name=\u00a0\u00bbMarie-Jos\u00e9e Lapointe\u00a0\u00bb position=\u00a0\u00bbCoordonnatrice des op\u00e9rations\u00a0\u00bb image_url=\u00a0\u00bbhttps:\/\/fondationaleo.ca\/wp-content\/uploads\/2024\/05\/Marie-Josee-scaled.jpeg\u00a0\u00bb _builder_version=\u00a0\u00bb4.21.0&Prime; _module_preset=\u00a0\u00bbdefault\u00a0\u00bb background_color=\u00a0\u00bb#ffffff\u00a0\u00bb min_height=\u00a0\u00bb225px\u00a0\u00bb max_height=\u00a0\u00bb225px\u00a0\u00bb global_colors_info=\u00a0\u00bb{}\u00a0\u00bb]<\/p>\n<p><a href=\"tel:5142523171\">514-252-3171<\/a> poste 3767<br \/><a href=\"mailto:marie-josee@fondationaleo.ca\">marie-josee@fondationaleo.ca<\/a><\/p>\n<p>[\/et_pb_team_member][\/et_pb_column][et_pb_column type=\u00a0\u00bb1_2&Prime; _builder_version=\u00a0\u00bb4.16&Prime; _module_preset=\u00a0\u00bbdefault\u00a0\u00bb global_colors_info=\u00a0\u00bb{}\u00a0\u00bb][et_pb_team_member name=\u00a0\u00bbFran\u00e7ois-Olivier Roberge\u00a0\u00bb position=\u00a0\u00bbConseiller aux communications\u00a0\u00bb image_url=\u00a0\u00bbhttps:\/\/fondationaleo.ca\/wp-content\/uploads\/2023\/09\/Capture-decran-le-2023-09-27-a-11.22.10.png\u00a0\u00bb _builder_version=\u00a0\u00bb4.21.0&Prime; _module_preset=\u00a0\u00bbdefault\u00a0\u00bb background_color=\u00a0\u00bb#ffffff\u00a0\u00bb min_height=\u00a0\u00bb225px\u00a0\u00bb max_height=\u00a0\u00bb225px\u00a0\u00bb global_colors_info=\u00a0\u00bb{}\u00a0\u00bb]<\/p>\n<p>Cellulaire: 418 576-5800<br \/><a href=\"mailto:fo.roberge@fondationaleo.ca\">fo.roberge@fondationaleo.ca<\/a><\/p>\n<p>[\/et_pb_team_member][\/et_pb_column][\/et_pb_row][\/et_pb_section]<\/p>\n","protected":false},"excerpt":{"rendered":"<p>\u00c0 propos de la Fondation Al\u00e9oManifestoNos boursiers et boursi\u00e8res m\u00e9ritent d\u2019\u00eatre soutenus, encourag\u00e9s et accompagn\u00e9s dans leurs passions. Ceux et celles qui se pr\u00e9parent \u00e0 prendre notre relais doivent recevoir notre appui dans leurs ambitions, afin d\u2019atteindre un \u00e9quilibre, un bien-\u00eatre dans la performance et un \u00e9panouissement global. Ils et elles ont besoin de nous [&hellip;]<\/p>\n","protected":false},"author":2,"featured_media":0,"parent":0,"menu_order":0,"comment_status":"closed","ping_status":"closed","template":"","meta":{"_et_pb_use_builder":"on","_et_pb_old_content":"","_et_gb_content_width":"","inline_featured_image":false,"footnotes":""},"class_list":["post-312","page","type-page","status-publish","hentry"],"_links":{"self":[{"href":"https:\/\/fondationaleo.ca\/en\/wp-json\/wp\/v2\/pages\/312","targetHints":{"allow":["GET"]}}],"collection":[{"href":"https:\/\/fondationaleo.ca\/en\/wp-json\/wp\/v2\/pages"}],"about":[{"href":"https:\/\/fondationaleo.ca\/en\/wp-json\/wp\/v2\/types\/page"}],"author":[{"embeddable":true,"href":"https:\/\/fondationaleo.ca\/en\/wp-json\/wp\/v2\/users\/2"}],"replies":[{"embeddable":true,"href":"https:\/\/fondationaleo.ca\/en\/wp-json\/wp\/v2\/comments?post=312"}],"version-history":[{"count":0,"href":"https:\/\/fondationaleo.ca\/en\/wp-json\/wp\/v2\/pages\/312\/revisions"}],"wp:attachment":[{"href":"https:\/\/fondationaleo.ca\/en\/wp-json\/wp\/v2\/media?parent=312"}],"curies":[{"name":"wp","href":"https:\/\/api.w.org\/{rel}","templated":true}]}}