{"id":417,"date":"2021-09-05T19:18:06","date_gmt":"2021-09-05T19:18:06","guid":{"rendered":"http:\/\/raphaellef5.sg-host.com\/?page_id=417"},"modified":"2026-01-09T14:05:44","modified_gmt":"2026-01-09T14:05:44","slug":"evenements-de-collecte-de-fonds","status":"publish","type":"page","link":"https:\/\/fondationaleo.ca\/en\/evenements-de-collecte-de-fonds\/","title":{"rendered":"Fundraising Events"},"content":{"rendered":"<p>[et_pb_section fb_built=\u00a0\u00bb1&Prime; admin_label=\u00a0\u00bbHero &#8211; Section\u00a0\u00bb _builder_version=\u00a0\u00bb4.21.0&Prime; _module_preset=\u00a0\u00bbdf9e349b-e74a-4278-a6b0-e8745b7adebe\u00a0\u00bb background_color_gradient_stops=\u00a0\u00bbrgba(10,0,0,0.8) 0%|rgba(39,97,171,0) 100%\u00a0\u00bb background_color_gradient_start=\u00a0\u00bbrgba(10,0,0,0.8)\u00a0\u00bb background_color_gradient_end=\u00a0\u00bbrgba(39,97,171,0)\u00a0\u00bb background_image=\u00a0\u00bbhttps:\/\/fondationaleo.ca\/wp-content\/uploads\/2022\/11\/Aleo-Website-1080&#215;1920-6.jpg\u00a0\u00bb height=\u00a0\u00bb64vh\u00a0\u00bb custom_padding=\u00a0\u00bb70px||||false|false\u00a0\u00bb custom_padding_phone=\u00a0\u00bb25px||25px||false|false\u00a0\u00bb custom_css_before=\u00a0\u00bbcontent:%22%22;||    display: block;||    position: absolute;||    top: 0;||    left: 0;||    width: 100%;||    height: 100%;||    background: linear-gradient(90deg, rgba(2,0,36,1) 0%, rgba(0,0,0,0.8043811274509804) 0%, rgba(0,212,255,0) 100%);||    z-index: 1;\u00a0\u00bb custom_css_main_element=\u00a0\u00bbdisplay: block;\u00a0\u00bb locked=\u00a0\u00bboff\u00a0\u00bb global_colors_info=\u00a0\u00bb{}\u00a0\u00bb background__hover_enabled=\u00a0\u00bbon|desktop\u00a0\u00bb][et_pb_row _builder_version=\u00a0\u00bb4.21.0&Prime; _module_preset=\u00a0\u00bbdefault\u00a0\u00bb global_colors_info=\u00a0\u00bb{}\u00a0\u00bb][et_pb_column type=\u00a0\u00bb4_4&Prime; _builder_version=\u00a0\u00bb4.16&Prime; _module_preset=\u00a0\u00bbdefault\u00a0\u00bb global_colors_info=\u00a0\u00bb{}\u00a0\u00bb][et_pb_text _builder_version=\u00a0\u00bb4.21.0&Prime; _module_preset=\u00a0\u00bb4174990c-c7fd-4fe0-b35e-af2c8240af30&Prime; header_text_align=\u00a0\u00bbcenter\u00a0\u00bb global_colors_info=\u00a0\u00bb{}\u00a0\u00bb]<\/p>\n<h1>\u00c9v\u00e9nements de<br \/>collecte de fonds<\/h1>\n<p>[\/et_pb_text][\/et_pb_column][\/et_pb_row][et_pb_row column_structure=\u00a0\u00bb1_3,1_3,1_3&Prime; use_custom_gutter=\u00a0\u00bbon\u00a0\u00bb gutter_width=\u00a0\u00bb1&Prime; _builder_version=\u00a0\u00bb4.16&Prime; _module_preset=\u00a0\u00bbdefault\u00a0\u00bb width=\u00a0\u00bb75%\u00a0\u00bb module_alignment=\u00a0\u00bbcenter\u00a0\u00bb custom_margin=\u00a0\u00bb100px||||false|false\u00a0\u00bb custom_margin_tablet=\u00a0\u00bb100px||||false|false\u00a0\u00bb custom_margin_phone=\u00a0\u00bb0px||||false|false\u00a0\u00bb custom_margin_last_edited=\u00a0\u00bbon|tablet\u00a0\u00bb global_colors_info=\u00a0\u00bb{}\u00a0\u00bb][et_pb_column type=\u00a0\u00bb1_3&Prime; _builder_version=\u00a0\u00bb4.16&Prime; _module_preset=\u00a0\u00bbdefault\u00a0\u00bb custom_padding_tablet=\u00a0\u00bb||30px||false|false\u00a0\u00bb custom_padding_phone=\u00a0\u00bb\u00a0\u00bb custom_padding_last_edited=\u00a0\u00bbon|tablet\u00a0\u00bb global_colors_info=\u00a0\u00bb{}\u00a0\u00bb][et_pb_text _builder_version=\u00a0\u00bb4.21.0&Prime; _module_preset=\u00a0\u00bb3d76b3ac-0e7c-4b79-8579-b27fcbe08e86&Prime; text_text_color=\u00a0\u00bb#0a0a0a\u00a0\u00bb background_color=\u00a0\u00bb#fff500&Prime; transform_skew=\u00a0\u00bb0deg|0deg\u00a0\u00bb link_option_url=\u00a0\u00bb#Defi-808-Bonneville\u00a0\u00bb global_colors_info=\u00a0\u00bb{}\u00a0\u00bb background_color__hover=\u00a0\u00bb#4100f5&Prime; text_text_color__hover_enabled=\u00a0\u00bbon|hover\u00a0\u00bb background__hover_enabled=\u00a0\u00bbon|desktop\u00a0\u00bb text_text_color__hover=\u00a0\u00bb#ffffff\u00a0\u00bb transform_skew__hover=\u00a0\u00bb0deg|0deg\u00a0\u00bb transform_skew__hover_enabled=\u00a0\u00bbon|desktop\u00a0\u00bb transform_translate__hover=\u00a0\u00bb0px|0px\u00a0\u00bb]<\/p>\n<p>Marathon<br \/>Beneva Montr\u00e9al<\/p>\n<p>[\/et_pb_text][\/et_pb_column][et_pb_column type=\u00a0\u00bb1_3&Prime; _builder_version=\u00a0\u00bb4.16&Prime; _module_preset=\u00a0\u00bbdefault\u00a0\u00bb custom_padding_tablet=\u00a0\u00bb||30px||false|false\u00a0\u00bb custom_padding_phone=\u00a0\u00bb\u00a0\u00bb custom_padding_last_edited=\u00a0\u00bbon|tablet\u00a0\u00bb global_colors_info=\u00a0\u00bb{}\u00a0\u00bb][et_pb_text _builder_version=\u00a0\u00bb4.21.0&Prime; _module_preset=\u00a0\u00bb3d76b3ac-0e7c-4b79-8579-b27fcbe08e86&Prime; text_text_color=\u00a0\u00bb#0a0a0a\u00a0\u00bb background_color=\u00a0\u00bb#fff500&Prime; transform_skew=\u00a0\u00bb0deg|0deg\u00a0\u00bb link_option_url=\u00a0\u00bb#A-table-pour-les-athletes\u00a0\u00bb global_colors_info=\u00a0\u00bb{}\u00a0\u00bb background_color__hover=\u00a0\u00bb#4100f5&Prime; background__hover_enabled=\u00a0\u00bbon|desktop\u00a0\u00bb transform_translate__hover=\u00a0\u00bb0px|0px\u00a0\u00bb text_text_color__hover_enabled=\u00a0\u00bbon|hover\u00a0\u00bb text_text_color__hover=\u00a0\u00bb#ffffff\u00a0\u00bb]<\/p>\n<p>\u00c0 table pour<br \/>les athl\u00e8tes<\/p>\n<p>[\/et_pb_text][\/et_pb_column][et_pb_column type=\u00a0\u00bb1_3&Prime; _builder_version=\u00a0\u00bb4.16&Prime; _module_preset=\u00a0\u00bbdefault\u00a0\u00bb custom_padding_tablet=\u00a0\u00bb\u00a0\u00bb custom_padding_phone=\u00a0\u00bb||25px||false|false\u00a0\u00bb custom_padding_last_edited=\u00a0\u00bbon|phone\u00a0\u00bb global_colors_info=\u00a0\u00bb{}\u00a0\u00bb][et_pb_text _builder_version=\u00a0\u00bb4.16&Prime; _module_preset=\u00a0\u00bb3d76b3ac-0e7c-4b79-8579-b27fcbe08e86&Prime; text_text_color=\u00a0\u00bb#0a0a0a\u00a0\u00bb background_color=\u00a0\u00bb#fff500&Prime; transform_skew=\u00a0\u00bb0deg|0deg\u00a0\u00bb link_option_url=\u00a0\u00bb#Gala-Coaching-Financier-Trek\u00a0\u00bb global_colors_info=\u00a0\u00bb{}\u00a0\u00bb background_color__hover=\u00a0\u00bb#4100f5&Prime; text_text_color__hover_enabled=\u00a0\u00bbon|hover\u00a0\u00bb text_text_color__hover=\u00a0\u00bb#FFFFFF\u00a0\u00bb transform_scale__hover_enabled=\u00a0\u00bbon|desktop\u00a0\u00bb transform_translate__hover=\u00a0\u00bb0px|0px\u00a0\u00bb transform_skew__hover=\u00a0\u00bb0deg|0deg\u00a0\u00bb]<\/p>\n<p>Gala Coaching<br \/>Financier Trek<\/p>\n<p>[\/et_pb_text][\/et_pb_column][\/et_pb_row][\/et_pb_section][et_pb_section fb_built=\u00a0\u00bb1&Prime; _builder_version=\u00a0\u00bb4.21.0&Prime; _module_preset=\u00a0\u00bbdefault\u00a0\u00bb custom_margin=\u00a0\u00bb||||false|false\u00a0\u00bb custom_padding=\u00a0\u00bb25px||25px||true|false\u00a0\u00bb global_colors_info=\u00a0\u00bb{}\u00a0\u00bb][et_pb_row column_structure=\u00a0\u00bb1_2,1_2&Prime; module_id=\u00a0\u00bbDefi-808-Bonneville\u00a0\u00bb _builder_version=\u00a0\u00bb4.21.0&Prime; _module_preset=\u00a0\u00bbdefault\u00a0\u00bb custom_margin_tablet=\u00a0\u00bb||||false|false\u00a0\u00bb custom_margin_phone=\u00a0\u00bb\u00a0\u00bb custom_margin_last_edited=\u00a0\u00bbon|tablet\u00a0\u00bb global_colors_info=\u00a0\u00bb{}\u00a0\u00bb][et_pb_column type=\u00a0\u00bb1_2&Prime; _builder_version=\u00a0\u00bb4.16&Prime; _module_preset=\u00a0\u00bbdefault\u00a0\u00bb global_colors_info=\u00a0\u00bb{}\u00a0\u00bb][et_pb_text _builder_version=\u00a0\u00bb4.21.0&Prime; _module_preset=\u00a0\u00bbdefault\u00a0\u00bb global_colors_info=\u00a0\u00bb{}\u00a0\u00bb]<\/p>\n<h2>Marathon Beneva de Montr\u00e9al<\/h2>\n<p>[\/et_pb_text][et_pb_image src=\u00a0\u00bbhttps:\/\/fondationaleo.ca\/wp-content\/uploads\/2022\/11\/divider.svg\u00a0\u00bb title_text=\u00a0\u00bbdivider\u00a0\u00bb _builder_version=\u00a0\u00bb4.16&Prime; _module_preset=\u00a0\u00bb721d87e2-e859-4484-ba2c-2b5f9115c03f\u00a0\u00bb global_colors_info=\u00a0\u00bb{}\u00a0\u00bb][\/et_pb_image][\/et_pb_column][et_pb_column type=\u00a0\u00bb1_2&Prime; _builder_version=\u00a0\u00bb4.16&Prime; _module_preset=\u00a0\u00bbdefault\u00a0\u00bb global_colors_info=\u00a0\u00bb{}\u00a0\u00bb][\/et_pb_column][\/et_pb_row][et_pb_row column_structure=\u00a0\u00bb1_2,1_2&Prime; _builder_version=\u00a0\u00bb4.21.0&Prime; _module_preset=\u00a0\u00bbdefault\u00a0\u00bb global_colors_info=\u00a0\u00bb{}\u00a0\u00bb][et_pb_column type=\u00a0\u00bb1_2&Prime; _builder_version=\u00a0\u00bb4.16&Prime; _module_preset=\u00a0\u00bbdefault\u00a0\u00bb global_colors_info=\u00a0\u00bb{}\u00a0\u00bb][et_pb_blurb title=\u00a0\u00bb \u00a0\u00bb image=\u00a0\u00bbhttps:\/\/fondationaleo.ca\/wp-content\/uploads\/2022\/11\/i_icon.svg\u00a0\u00bb _builder_version=\u00a0\u00bb4.27.4&Prime; _module_preset=\u00a0\u00bbdefault\u00a0\u00bb global_colors_info=\u00a0\u00bb{}\u00a0\u00bb]<\/p>\n<p><span class=\"ui-provider ed brp brq brr brs brt bru brv brw brx bry brz bsa bsb bsc bsd bse bsf bsg bsh bsi bsj bsk bsl bsm bsn bso bsp bsq bsr bss bst bsu bsv bsw\" dir=\"ltr\">La Fondation Al\u00e9o est reconnue comme une cause officielle du volet \u00abDu coeur \u00e0 la course\u00bb du Marathon Beneva de Montr\u00e9al. Ainsi, cette activit\u00e9 officielle au calendrier de la Fondation vise \u00e0 amasser des fonds afin de remettre plus de bourses \u00e0 plus d&rsquo;\u00e9tudiant\u00b7e\u00b7s-athl\u00e8tes. Choisissez votre d\u00e9fi et venez courir avec la grande famille Al\u00e9o, en \u00e9quipe ou en solo! Venir courir pour la cause!\u00a0<\/span><\/p>\n<p>[\/et_pb_blurb][et_pb_blurb title=\u00a0\u00bb \u00a0\u00bb image=\u00a0\u00bbhttps:\/\/fondationaleo.ca\/wp-content\/uploads\/2022\/11\/dollar_icon.svg\u00a0\u00bb _builder_version=\u00a0\u00bb4.27.4&Prime; _module_preset=\u00a0\u00bb95df7a4a-c966-4a8e-907e-47a6d2fb56e7&Prime; custom_padding=\u00a0\u00bb||||false|false\u00a0\u00bb global_colors_info=\u00a0\u00bb{}\u00a0\u00bb]<\/p>\n<p><span class=\"ui-provider ed brp brq brr brs brt bru brv brw brx bry brz bsa bsb bsc bsd bse bsf bsg bsh bsi bsj bsk bsl bsm bsn bso bsp bsq bsr bss bst bsu bsv bsw\" dir=\"ltr\">Pr\u00e8s de 100 000$ amass\u00e9s et redonn\u00e9s depuis 2023<\/span><\/p>\n<p>[\/et_pb_blurb][et_pb_blurb title=\u00a0\u00bb \u00a0\u00bb image=\u00a0\u00bbhttps:\/\/fondationaleo.ca\/wp-content\/uploads\/2022\/11\/location_icon.svg\u00a0\u00bb _builder_version=\u00a0\u00bb4.27.4&Prime; _module_preset=\u00a0\u00bb95df7a4a-c966-4a8e-907e-47a6d2fb56e7&Prime; global_colors_info=\u00a0\u00bb{}\u00a0\u00bb]<\/p>\n<p><span class=\"ui-provider ed brp brq brr brs brt bru brv brw brx bry brz bsa bsb bsc bsd bse bsf bsg bsh bsi bsj bsk bsl bsm bsn bso bsp bsq bsr bss bst bsu bsv bsw\" dir=\"ltr\">Montr\u00e9al, 10 et 11 octobre 2026<\/span><\/p>\n<p>[\/et_pb_blurb][et_pb_text _builder_version=\u00a0\u00bb4.27.4&Prime; _module_preset=\u00a0\u00bb89be2cad-54d4-48ba-8324-b808613e81d5&Prime; text_text_color=\u00a0\u00bb#0a0a0a\u00a0\u00bb background_color=\u00a0\u00bb#ffe400&Prime; transform_skew=\u00a0\u00bb0deg|0deg\u00a0\u00bb custom_margin=\u00a0\u00bb50px||||false|false\u00a0\u00bb link_option_url=\u00a0\u00bbhttps:\/\/fondationaleo.ca\/wp-content\/uploads\/2025\/12\/Guide-du-participant-Fondation-Aleo-Marathon-Beneva-Montreal-2025.pdf\u00a0\u00bb link_option_url_new_window=\u00a0\u00bbon\u00a0\u00bb hover_enabled=\u00a0\u00bb0&Prime; global_colors_info=\u00a0\u00bb{}\u00a0\u00bb transform_scale__hover_enabled=\u00a0\u00bbon|desktop\u00a0\u00bb transform_translate__hover=\u00a0\u00bb0px|0px\u00a0\u00bb background_color__hover=\u00a0\u00bb#4100f5&Prime; text_text_color__hover_enabled=\u00a0\u00bbon|hover\u00a0\u00bb text_text_color__hover=\u00a0\u00bb#ffffff\u00a0\u00bb sticky_enabled=\u00a0\u00bb0&Prime;]<\/p>\n<p>En savoir plus<\/p>\n<p>[\/et_pb_text][\/et_pb_column][et_pb_column type=\u00a0\u00bb1_2&Prime; _builder_version=\u00a0\u00bb4.16&Prime; _module_preset=\u00a0\u00bbdefault\u00a0\u00bb global_colors_info=\u00a0\u00bb{}\u00a0\u00bb][et_pb_image src=\u00a0\u00bbhttps:\/\/fondationaleo.ca\/wp-content\/uploads\/2025\/12\/chiffres-marathon-2025.png\u00a0\u00bb title_text=\u00a0\u00bbchiffres marathon 2025&Prime; _builder_version=\u00a0\u00bb4.27.4&Prime; _module_preset=\u00a0\u00bbdefault\u00a0\u00bb global_colors_info=\u00a0\u00bb{}\u00a0\u00bb][\/et_pb_image][\/et_pb_column][\/et_pb_row][\/et_pb_section][et_pb_section fb_built=\u00a0\u00bb1&Prime; custom_padding_last_edited=\u00a0\u00bbon|phone\u00a0\u00bb _builder_version=\u00a0\u00bb4.27.4&Prime; _module_preset=\u00a0\u00bbdefault\u00a0\u00bb custom_margin=\u00a0\u00bb||||false|false\u00a0\u00bb custom_padding=\u00a0\u00bb10px||0px||false|false\u00a0\u00bb custom_padding_tablet=\u00a0\u00bb\u00a0\u00bb custom_padding_phone=\u00a0\u00bb25px||25px||false|false\u00a0\u00bb global_colors_info=\u00a0\u00bb{}\u00a0\u00bb][et_pb_row column_structure=\u00a0\u00bb3_4,1_4&Prime; module_id=\u00a0\u00bbA-table-pour-les-athletes\u00a0\u00bb _builder_version=\u00a0\u00bb4.21.0&Prime; _module_preset=\u00a0\u00bbdefault\u00a0\u00bb custom_margin_tablet=\u00a0\u00bb\u00a0\u00bb custom_margin_phone=\u00a0\u00bb||||false|false\u00a0\u00bb custom_margin_last_edited=\u00a0\u00bbon|phone\u00a0\u00bb global_colors_info=\u00a0\u00bb{}\u00a0\u00bb][et_pb_column type=\u00a0\u00bb3_4&Prime; _builder_version=\u00a0\u00bb4.16&Prime; _module_preset=\u00a0\u00bbdefault\u00a0\u00bb global_colors_info=\u00a0\u00bb{}\u00a0\u00bb][et_pb_text _builder_version=\u00a0\u00bb4.21.0&Prime; _module_preset=\u00a0\u00bbdefault\u00a0\u00bb custom_padding=\u00a0\u00bb3px|||||\u00a0\u00bb global_colors_info=\u00a0\u00bb{}\u00a0\u00bb]<\/p>\n<h2>\u00c0 table pour les athl\u00e8tes<\/h2>\n<p>[\/et_pb_text][et_pb_image src=\u00a0\u00bbhttps:\/\/fondationaleo.ca\/wp-content\/uploads\/2022\/11\/divider.svg\u00a0\u00bb title_text=\u00a0\u00bbdivider\u00a0\u00bb _builder_version=\u00a0\u00bb4.16&Prime; _module_preset=\u00a0\u00bb721d87e2-e859-4484-ba2c-2b5f9115c03f\u00a0\u00bb hover_enabled=\u00a0\u00bb0&Prime; global_colors_info=\u00a0\u00bb{}\u00a0\u00bb sticky_enabled=\u00a0\u00bb0&Prime;][\/et_pb_image][\/et_pb_column][et_pb_column type=\u00a0\u00bb1_4&Prime; _builder_version=\u00a0\u00bb4.16&Prime; _module_preset=\u00a0\u00bbdefault\u00a0\u00bb global_colors_info=\u00a0\u00bb{}\u00a0\u00bb][\/et_pb_column][\/et_pb_row][et_pb_row column_structure=\u00a0\u00bb1_2,1_2&Prime; _builder_version=\u00a0\u00bb4.21.0&Prime; _module_preset=\u00a0\u00bbdefault\u00a0\u00bb global_colors_info=\u00a0\u00bb{}\u00a0\u00bb][et_pb_column type=\u00a0\u00bb1_2&Prime; _builder_version=\u00a0\u00bb4.16&Prime; _module_preset=\u00a0\u00bbdefault\u00a0\u00bb custom_padding_tablet=\u00a0\u00bb||50px||false|false\u00a0\u00bb custom_padding_phone=\u00a0\u00bb\u00a0\u00bb custom_padding_last_edited=\u00a0\u00bbon|phone\u00a0\u00bb global_colors_info=\u00a0\u00bb{}\u00a0\u00bb][et_pb_blurb title=\u00a0\u00bb \u00a0\u00bb image=\u00a0\u00bbhttps:\/\/fondationaleo.ca\/wp-content\/uploads\/2022\/11\/i_icon.svg\u00a0\u00bb _builder_version=\u00a0\u00bb4.21.0&Prime; _module_preset=\u00a0\u00bbdefault\u00a0\u00bb global_colors_info=\u00a0\u00bb{}\u00a0\u00bb]<\/p>\n<p>Le d\u00eener festif \u00ab \u00c0 table pour les athl\u00e8tes \u00bb est un lunch gastronomique aux saveurs d\u2019\u00e9rable dont tous les profits sont remis en soutien aux \u00e9tudiant\u00b7e\u00b7s-athl\u00e8tes des r\u00e9gions de Qu\u00e9bec et de Chaudi\u00e8re-Appalaches.<\/p>\n<p>[\/et_pb_blurb][et_pb_blurb title=\u00a0\u00bb \u00a0\u00bb image=\u00a0\u00bbhttps:\/\/fondationaleo.ca\/wp-content\/uploads\/2022\/11\/dollar_icon.svg\u00a0\u00bb _builder_version=\u00a0\u00bb4.27.4&Prime; _module_preset=\u00a0\u00bb95df7a4a-c966-4a8e-907e-47a6d2fb56e7&Prime; custom_padding=\u00a0\u00bb||||false|false\u00a0\u00bb global_colors_info=\u00a0\u00bb{}\u00a0\u00bb]<\/p>\n<p>Un profit total de 250 000 $ <br \/>pour les \u00e9ditions de 2024 et 2025<\/p>\n<p>[\/et_pb_blurb][et_pb_blurb title=\u00a0\u00bb \u00a0\u00bb image=\u00a0\u00bbhttps:\/\/fondationaleo.ca\/wp-content\/uploads\/2022\/11\/location_icon.svg\u00a0\u00bb _builder_version=\u00a0\u00bb4.27.4&Prime; _module_preset=\u00a0\u00bb95df7a4a-c966-4a8e-907e-47a6d2fb56e7&Prime; global_colors_info=\u00a0\u00bb{}\u00a0\u00bb]<\/p>\n<p class=\"p1\"><span class=\"s1\">Pour 2026, la Fondation Al\u00e9o fait \u00e9quipe avec les Jeux du Canada pour une \u00e9dition sp\u00e9ciale nomm\u00e9e <strong>Aux Jeux pour les athl\u00e8tes pr\u00e9sent\u00e9e par Beneva et Desjardins<\/strong>. Cette soir\u00e9e du 26 mars 2026<\/span>\u00a0<span class=\"s1\">au Terminal de croisi\u00e8re de Qu\u00e9bec promet d&rsquo;en mettre plein la vue, au profit des \u00e9tudiant\u00b7e\u00b7s-athl\u00e8tes des r\u00e9gions de Qu\u00e9bec et Chaudi\u00e8re-Appalaches et des Jeux du Canada, qui se tiendront \u00e0 Qu\u00e9bec en 2027<\/span><span class=\"s1\">. L&rsquo;\u00e9v\u00e9nement festif du printemps \u00e0 Qu\u00e9bec!<\/span><\/p>\n<p>[\/et_pb_blurb][et_pb_image src=\u00a0\u00bbhttps:\/\/fondationaleo.ca\/wp-content\/uploads\/2025\/12\/Aux-Jeux-pour-les-athletes-2026-Plus-dinfo-scaled.png\u00a0\u00bb title_text=\u00a0\u00bbAux Jeux pour les athle\u0300tes 2026 &#8211; Plus d&rsquo;info\u00a0\u00bb url=\u00a0\u00bbhttps:\/\/fondationaleo.ca\/wp-content\/uploads\/2026\/01\/AuxJeux-pour-les-athletes-2026-Forfaits.pdf\u00a0\u00bb url_new_window=\u00a0\u00bbon\u00a0\u00bb _builder_version=\u00a0\u00bb4.27.4&Prime; _module_preset=\u00a0\u00bbdefault\u00a0\u00bb hover_enabled=\u00a0\u00bb0&Prime; global_colors_info=\u00a0\u00bb{}\u00a0\u00bb sticky_enabled=\u00a0\u00bb0&Prime;][\/et_pb_image][\/et_pb_column][et_pb_column type=\u00a0\u00bb1_2&Prime; _builder_version=\u00a0\u00bb4.16&Prime; _module_preset=\u00a0\u00bbdefault\u00a0\u00bb global_colors_info=\u00a0\u00bb{}\u00a0\u00bb][et_pb_image src=\u00a0\u00bbhttps:\/\/fondationaleo.ca\/wp-content\/uploads\/2024\/04\/ATableAthletes-MontagePhotos-PhotographieTB.jpg\u00a0\u00bb alt=\u00a0\u00bbLunch gastronomique aux saveurs d&rsquo;\u00e9rable \u00e0 Qu\u00e9bec\u00a0\u00bb title_text=\u00a0\u00bbATableAthletes-MontagePhotos-PhotographieTB\u00a0\u00bb _builder_version=\u00a0\u00bb4.21.0&Prime; _module_preset=\u00a0\u00bbdefault\u00a0\u00bb global_colors_info=\u00a0\u00bb{}\u00a0\u00bb][\/et_pb_image][et_pb_video src=\u00a0\u00bbhttps:\/\/www.youtube.com\/watch?v=hLjfkb0ajbQ\u00a0\u00bb _builder_version=\u00a0\u00bb4.21.0&Prime; _module_preset=\u00a0\u00bbdefault\u00a0\u00bb global_colors_info=\u00a0\u00bb{}\u00a0\u00bb][\/et_pb_video][\/et_pb_column][\/et_pb_row][\/et_pb_section][et_pb_section fb_built=\u00a0\u00bb1&Prime; _builder_version=\u00a0\u00bb4.27.4&Prime; _module_preset=\u00a0\u00bbdefault\u00a0\u00bb custom_margin=\u00a0\u00bb||||false|false\u00a0\u00bb custom_padding=\u00a0\u00bb0px||25px||false|false\u00a0\u00bb global_colors_info=\u00a0\u00bb{}\u00a0\u00bb][et_pb_row column_structure=\u00a0\u00bb1_2,1_2&Prime; module_id=\u00a0\u00bbGala-Coaching-Financier-Trek\u00a0\u00bb _builder_version=\u00a0\u00bb4.21.0&Prime; _module_preset=\u00a0\u00bbdefault\u00a0\u00bb global_colors_info=\u00a0\u00bb{}\u00a0\u00bb][et_pb_column type=\u00a0\u00bb1_2&Prime; _builder_version=\u00a0\u00bb4.16&Prime; _module_preset=\u00a0\u00bbdefault\u00a0\u00bb custom_padding_tablet=\u00a0\u00bb50px||||false|false\u00a0\u00bb custom_padding_phone=\u00a0\u00bb\u00a0\u00bb custom_padding_last_edited=\u00a0\u00bbon|tablet\u00a0\u00bb global_colors_info=\u00a0\u00bb{}\u00a0\u00bb][\/et_pb_column][et_pb_column type=\u00a0\u00bb1_2&Prime; _builder_version=\u00a0\u00bb4.16&Prime; _module_preset=\u00a0\u00bbdefault\u00a0\u00bb global_colors_info=\u00a0\u00bb{}\u00a0\u00bb][et_pb_text _builder_version=\u00a0\u00bb4.16&Prime; _module_preset=\u00a0\u00bbdefault\u00a0\u00bb global_colors_info=\u00a0\u00bb{}\u00a0\u00bb]<\/p>\n<h2>Gala Coaching Financier TREK<\/h2>\n<p>[\/et_pb_text][et_pb_image src=\u00a0\u00bbhttps:\/\/fondationaleo.ca\/wp-content\/uploads\/2022\/11\/divider.svg\u00a0\u00bb title_text=\u00a0\u00bbdivider\u00a0\u00bb _builder_version=\u00a0\u00bb4.16&Prime; _module_preset=\u00a0\u00bb721d87e2-e859-4484-ba2c-2b5f9115c03f\u00a0\u00bb global_colors_info=\u00a0\u00bb{}\u00a0\u00bb][\/et_pb_image][\/et_pb_column][\/et_pb_row][et_pb_row column_structure=\u00a0\u00bb1_2,1_2&Prime; _builder_version=\u00a0\u00bb4.21.0&Prime; _module_preset=\u00a0\u00bbdefault\u00a0\u00bb global_colors_info=\u00a0\u00bb{}\u00a0\u00bb][et_pb_column type=\u00a0\u00bb1_2&Prime; _builder_version=\u00a0\u00bb4.16&Prime; _module_preset=\u00a0\u00bbdefault\u00a0\u00bb global_colors_info=\u00a0\u00bb{}\u00a0\u00bb][et_pb_image src=\u00a0\u00bbhttps:\/\/fondationaleo.ca\/wp-content\/uploads\/2025\/12\/gala-trek-1.jpg\u00a0\u00bb alt=\u00a0\u00bbMarc B\u00e9rub\u00e9, pr\u00e9sident de Coaching financier Trek, Patrice Bernier, pr\u00e9sident d\u2019honneur du gala, Sylvain Racine, pr\u00e9sident-directeur g\u00e9n\u00e9ral du Groupe Mirabaud Canada, Martin Lavigne, pr\u00e9sident de la Fondation Al\u00e9o, Sylvie Leduc, pr\u00e9sidente de la Fondation Trioomph, et \u00c9ric P. Tremblay, associ\u00e9, vice-pr\u00e9sident d\u00e9veloppement des affaires de Coaching financier Trek. (photo Bernard Brault)\u00a0\u00bb title_text=\u00a0\u00bbgala trek\u00a0\u00bb _builder_version=\u00a0\u00bb4.27.4&Prime; _module_preset=\u00a0\u00bbdefault\u00a0\u00bb global_colors_info=\u00a0\u00bb{}\u00a0\u00bb][\/et_pb_image][\/et_pb_column][et_pb_column type=\u00a0\u00bb1_2&Prime; _builder_version=\u00a0\u00bb4.16&Prime; _module_preset=\u00a0\u00bbdefault\u00a0\u00bb global_colors_info=\u00a0\u00bb{}\u00a0\u00bb][et_pb_blurb title=\u00a0\u00bb \u00a0\u00bb image=\u00a0\u00bbhttps:\/\/fondationaleo.ca\/wp-content\/uploads\/2022\/11\/i_icon.svg\u00a0\u00bb _builder_version=\u00a0\u00bb4.27.4&Prime; _module_preset=\u00a0\u00bbdefault\u00a0\u00bb global_colors_info=\u00a0\u00bb{}\u00a0\u00bb]<\/p>\n<p>La 5e \u00e9dition du Gala Trek au profit de la Fondation a eu lieu le 3 novembre 2025. Lors de cette soir\u00e9e, les participants ont v\u00e9cu une exp\u00e9rience haute en couleur en compagnie d\u2019athl\u00e8tes \u00e9m\u00e9rites et prometteurs.<\/p>\n<p>[\/et_pb_blurb][et_pb_blurb title=\u00a0\u00bb \u00a0\u00bb image=\u00a0\u00bbhttps:\/\/fondationaleo.ca\/wp-content\/uploads\/2022\/11\/dollar_icon.svg\u00a0\u00bb _builder_version=\u00a0\u00bb4.27.4&Prime; _module_preset=\u00a0\u00bb95df7a4a-c966-4a8e-907e-47a6d2fb56e7&Prime; custom_padding=\u00a0\u00bb||||false|false\u00a0\u00bb global_colors_info=\u00a0\u00bb{}\u00a0\u00bb]<\/p>\n<p>Plus de 100 000 $ au profit de la Fondation Al\u00e9o et de la Fondation du Syndr\u00f4me d&rsquo;Angelman.<\/p>\n<p>[\/et_pb_blurb][et_pb_blurb title=\u00a0\u00bb \u00a0\u00bb image=\u00a0\u00bbhttps:\/\/fondationaleo.ca\/wp-content\/uploads\/2022\/11\/location_icon.svg\u00a0\u00bb _builder_version=\u00a0\u00bb4.27.4&Prime; _module_preset=\u00a0\u00bb95df7a4a-c966-4a8e-907e-47a6d2fb56e7&Prime; global_colors_info=\u00a0\u00bb{}\u00a0\u00bb]<\/p>\n<p>De retour en novembre 2026<\/p>\n<p>[\/et_pb_blurb][et_pb_text _builder_version=\u00a0\u00bb4.27.4&Prime; _module_preset=\u00a0\u00bb89be2cad-54d4-48ba-8324-b808613e81d5&Prime; text_text_color=\u00a0\u00bb#0a0a0a\u00a0\u00bb background_color=\u00a0\u00bb#fff500&Prime; transform_skew=\u00a0\u00bb0deg|0deg\u00a0\u00bb custom_margin=\u00a0\u00bb50px||||false|false\u00a0\u00bb link_option_url=\u00a0\u00bbhttps:\/\/fondationaleo.ca\/gala-trek-100-788-pour-la-fondations-aleo-et-la-fondation-du-syndrome-dangelman\/\u00a0\u00bb link_option_url_new_window=\u00a0\u00bbon\u00a0\u00bb global_colors_info=\u00a0\u00bb{}\u00a0\u00bb background__hover_enabled=\u00a0\u00bbon|hover\u00a0\u00bb background_color__hover=\u00a0\u00bb#4100f5&Prime; text_text_color__hover_enabled=\u00a0\u00bbon|hover\u00a0\u00bb text_text_color__hover=\u00a0\u00bb#ffffff\u00a0\u00bb]<\/p>\n<p>En savoir plus<\/p>\n<p>[\/et_pb_text][\/et_pb_column][\/et_pb_row][\/et_pb_section]<\/p>\n","protected":false},"excerpt":{"rendered":"<p>\u00c9v\u00e9nements decollecte de fondsMarathonBeneva Montr\u00e9al\u00c0 table pourles athl\u00e8tesGala CoachingFinancier TrekMarathon Beneva de Montr\u00e9alLa Fondation Al\u00e9o est reconnue comme une cause officielle du volet \u00abDu coeur \u00e0 la course\u00bb du Marathon Beneva de Montr\u00e9al. Ainsi, cette activit\u00e9 officielle au calendrier de la Fondation vise \u00e0 amasser des fonds afin de remettre plus de bourses \u00e0 plus [&hellip;]<\/p>\n","protected":false},"author":2,"featured_media":0,"parent":0,"menu_order":0,"comment_status":"closed","ping_status":"closed","template":"","meta":{"_et_pb_use_builder":"on","_et_pb_old_content":"","_et_gb_content_width":"","inline_featured_image":false,"footnotes":""},"class_list":["post-417","page","type-page","status-publish","hentry"],"_links":{"self":[{"href":"https:\/\/fondationaleo.ca\/en\/wp-json\/wp\/v2\/pages\/417","targetHints":{"allow":["GET"]}}],"collection":[{"href":"https:\/\/fondationaleo.ca\/en\/wp-json\/wp\/v2\/pages"}],"about":[{"href":"https:\/\/fondationaleo.ca\/en\/wp-json\/wp\/v2\/types\/page"}],"author":[{"embeddable":true,"href":"https:\/\/fondationaleo.ca\/en\/wp-json\/wp\/v2\/users\/2"}],"replies":[{"embeddable":true,"href":"https:\/\/fondationaleo.ca\/en\/wp-json\/wp\/v2\/comments?post=417"}],"version-history":[{"count":0,"href":"https:\/\/fondationaleo.ca\/en\/wp-json\/wp\/v2\/pages\/417\/revisions"}],"wp:attachment":[{"href":"https:\/\/fondationaleo.ca\/en\/wp-json\/wp\/v2\/media?parent=417"}],"curies":[{"name":"wp","href":"https:\/\/api.w.org\/{rel}","templated":true}]}}