{"id":429,"date":"2021-09-05T19:34:48","date_gmt":"2021-09-05T19:34:48","guid":{"rendered":"http:\/\/raphaellef5.sg-host.com\/?page_id=429"},"modified":"2024-10-15T15:50:29","modified_gmt":"2024-10-15T15:50:29","slug":"programme-de-lathlete-dexcellence","status":"publish","type":"page","link":"https:\/\/fondationaleo.ca\/en\/programme-de-lathlete-dexcellence\/","title":{"rendered":"\u00c9lite Athlete Program"},"content":{"rendered":"<p>[et_pb_section fb_built=\u00a0\u00bb1&Prime; admin_label=\u00a0\u00bbHero &#8211; Section\u00a0\u00bb module_class=\u00a0\u00bbgradient-overlay\u00a0\u00bb _builder_version=\u00a0\u00bb4.21.0&Prime; _module_preset=\u00a0\u00bbdf9e349b-e74a-4278-a6b0-e8745b7adebe\u00a0\u00bb background_color_gradient_stops=\u00a0\u00bbrgba(10,0,0,0.8) 0%|#29c4a9 100%\u00a0\u00bb background_color_gradient_start=\u00a0\u00bbrgba(10,0,0,0.8)\u00a0\u00bb background_image=\u00a0\u00bbhttps:\/\/fondationaleo.ca\/wp-content\/uploads\/2022\/11\/Aleo-Website-1080&#215;1920-7.jpg\u00a0\u00bb custom_padding_phone=\u00a0\u00bb25px||25px||false|false\u00a0\u00bb locked=\u00a0\u00bboff\u00a0\u00bb global_colors_info=\u00a0\u00bb{}\u00a0\u00bb][et_pb_row _builder_version=\u00a0\u00bb4.21.0&Prime; _module_preset=\u00a0\u00bbdefault\u00a0\u00bb global_colors_info=\u00a0\u00bb{}\u00a0\u00bb][et_pb_column type=\u00a0\u00bb4_4&Prime; _builder_version=\u00a0\u00bb4.16&Prime; _module_preset=\u00a0\u00bbdefault\u00a0\u00bb global_colors_info=\u00a0\u00bb{}\u00a0\u00bb][et_pb_text _builder_version=\u00a0\u00bb4.21.0&Prime; _module_preset=\u00a0\u00bb4174990c-c7fd-4fe0-b35e-af2c8240af30&Prime; global_colors_info=\u00a0\u00bb{}\u00a0\u00bb]<\/p>\n<h1>Programme de l\u2019athl\u00e8te d\u2019excellence<\/h1>\n<p>[\/et_pb_text][et_pb_text _builder_version=\u00a0\u00bb4.21.0&Prime; _module_preset=\u00a0\u00bbdefault\u00a0\u00bb text_font=\u00a0\u00bb||||||||\u00a0\u00bb text_text_color=\u00a0\u00bb#FFFFFF\u00a0\u00bb text_font_size=\u00a0\u00bb26px\u00a0\u00bb text_line_height=\u00a0\u00bb1.2em\u00a0\u00bb width=\u00a0\u00bb60%\u00a0\u00bb width_tablet=\u00a0\u00bb100%\u00a0\u00bb width_phone=\u00a0\u00bb\u00a0\u00bb width_last_edited=\u00a0\u00bbon|tablet\u00a0\u00bb global_colors_info=\u00a0\u00bb{}\u00a0\u00bb]<\/p>\n<p>Pour soutenir les \u00e9tudiant\u00b7e\u00b7s\u2013athl\u00e8tes talentueux dans leur poursuite de l&rsquo;excellence acad\u00e9mique et sportive<\/p>\n<p>[\/et_pb_text][\/et_pb_column][\/et_pb_row][\/et_pb_section][et_pb_section fb_built=\u00a0\u00bb1&Prime; _builder_version=\u00a0\u00bb4.21.0&Prime; _module_preset=\u00a0\u00bbdefault\u00a0\u00bb custom_padding=\u00a0\u00bb25px||25px||false|false\u00a0\u00bb global_colors_info=\u00a0\u00bb{}\u00a0\u00bb][et_pb_row column_structure=\u00a0\u00bb1_2,1_2&Prime; _builder_version=\u00a0\u00bb4.21.0&Prime; _module_preset=\u00a0\u00bbdefault\u00a0\u00bb global_colors_info=\u00a0\u00bb{}\u00a0\u00bb][et_pb_column type=\u00a0\u00bb1_2&Prime; _builder_version=\u00a0\u00bb4.16&Prime; _module_preset=\u00a0\u00bbdefault\u00a0\u00bb custom_padding_tablet=\u00a0\u00bb||50px||false|false\u00a0\u00bb custom_padding_phone=\u00a0\u00bb\u00a0\u00bb custom_padding_last_edited=\u00a0\u00bbon|tablet\u00a0\u00bb global_colors_info=\u00a0\u00bb{}\u00a0\u00bb][et_pb_text _builder_version=\u00a0\u00bb4.21.0&Prime; _module_preset=\u00a0\u00bbdefault\u00a0\u00bb header_text_color=\u00a0\u00bb#0A0A0A\u00a0\u00bb header_2_text_color=\u00a0\u00bb#0A0A0A\u00a0\u00bb global_colors_info=\u00a0\u00bb{}\u00a0\u00bb]<\/p>\n<h2 style=\"text-align: left;\">Le programme<\/h2>\n<p>[\/et_pb_text][et_pb_image src=\u00a0\u00bbhttps:\/\/fondationaleo.ca\/wp-content\/uploads\/2022\/11\/divider.svg\u00a0\u00bb title_text=\u00a0\u00bbdivider\u00a0\u00bb _builder_version=\u00a0\u00bb4.21.0&Prime; _module_preset=\u00a0\u00bb721d87e2-e859-4484-ba2c-2b5f9115c03f\u00a0\u00bb global_colors_info=\u00a0\u00bb{}\u00a0\u00bb][\/et_pb_image][et_pb_text _builder_version=\u00a0\u00bb4.21.0&Prime; _module_preset=\u00a0\u00bbdefault\u00a0\u00bb global_colors_info=\u00a0\u00bb{}\u00a0\u00bb]<\/p>\n<p>Le programme de l\u2019athl\u00e8te d\u2019excellence est destin\u00e9 \u00e0 des \u00e9tudiant\u00b7e\u00b7s\u2013athl\u00e8tes identifi\u00e9s Espoir, Rel\u00e8ve, \u00c9lite et Excellence par leur f\u00e9d\u00e9ration sportive et qui \u00e9tudient dans un \u00e9tablissement d\u2019enseignement qu\u00e9b\u00e9cois reconnu par le minist\u00e8re de l\u2019\u00c9ducation.<\/p>\n<p>Les \u00e9tudiant\u00b7e\u00b7s\u2013athl\u00e8tes devront avoir \u00e9t\u00e9 prioris\u00e9s par leur f\u00e9d\u00e9ration sportive qu\u00e9b\u00e9coise et devront remplir le formulaire en ligne sur le site de Sports Qu\u00e9bec avant la date limite. Habituellement, la date se situe vers la mi-septembre, en utilisant le nom d\u2019utilisateur et le mot de passe que leur aura fait parvenir leur f\u00e9d\u00e9ration.<\/p>\n<p>[\/et_pb_text][\/et_pb_column][et_pb_column type=\u00a0\u00bb1_2&Prime; _builder_version=\u00a0\u00bb4.16&Prime; _module_preset=\u00a0\u00bbdefault\u00a0\u00bb global_colors_info=\u00a0\u00bb{}\u00a0\u00bb][et_pb_text _builder_version=\u00a0\u00bb4.21.0&Prime; _module_preset=\u00a0\u00bbdefault\u00a0\u00bb global_colors_info=\u00a0\u00bb{}\u00a0\u00bb]<\/p>\n<h2>Les crit\u00e8res d&rsquo;admissibilit\u00e9<\/h2>\n<p>[\/et_pb_text][et_pb_image src=\u00a0\u00bbhttps:\/\/fondationaleo.ca\/wp-content\/uploads\/2022\/11\/divider.svg\u00a0\u00bb title_text=\u00a0\u00bbdivider\u00a0\u00bb _builder_version=\u00a0\u00bb4.21.0&Prime; _module_preset=\u00a0\u00bb721d87e2-e859-4484-ba2c-2b5f9115c03f\u00a0\u00bb global_colors_info=\u00a0\u00bb{}\u00a0\u00bb][\/et_pb_image][et_pb_text module_class=\u00a0\u00bbblue-bullets\u00a0\u00bb _builder_version=\u00a0\u00bb4.21.0&Prime; _module_preset=\u00a0\u00bbdefault\u00a0\u00bb global_colors_info=\u00a0\u00bb{}\u00a0\u00bb]<\/p>\n<ul>\n<li>\u00catre \u00e9tudiant \u00e0 temps plein ou \u00e0 temps partiel dans un \u00e9tablissement d&rsquo;enseignement reconnu par le minist\u00e8re de l&rsquo;\u00c9ducation, \u00e0 partir de l&rsquo;\u00e9cole secondaire;<\/li>\n<li>\u00catre identifi\u00e9 et prioris\u00e9 par sa f\u00e9d\u00e9ration sportive comme athl\u00e8te Espoir, Rel\u00e8ve, \u00c9lite ou Excellence dans un sport soutenu par le minist\u00e8re de l&rsquo;\u00c9ducation et \u00eatre engag\u00e9 dans un programme d&rsquo;entra\u00eenement et de comp\u00e9tition de haut niveau;<\/li>\n<li>\u00catre originaire du Qu\u00e9bec ou r\u00e9sident du Qu\u00e9bec depuis au moins 2 ans, ou s&rsquo;entra\u00eener au Qu\u00e9bec dans une structure d&rsquo;accueil de sport de haut niveau.<\/li>\n<\/ul>\n<p>[\/et_pb_text][\/et_pb_column][\/et_pb_row][et_pb_row column_structure=\u00a0\u00bb1_3,1_3,1_3&Prime; _builder_version=\u00a0\u00bb4.21.0&Prime; _module_preset=\u00a0\u00bbdefault\u00a0\u00bb custom_margin=\u00a0\u00bb||||false|false\u00a0\u00bb custom_padding=\u00a0\u00bb||||false|false\u00a0\u00bb locked=\u00a0\u00bboff\u00a0\u00bb global_colors_info=\u00a0\u00bb{}\u00a0\u00bb][et_pb_column type=\u00a0\u00bb1_3&Prime; _builder_version=\u00a0\u00bb4.16&Prime; _module_preset=\u00a0\u00bbdefault\u00a0\u00bb custom_css_main_element=\u00a0\u00bbdisplay: flex;\u00a0\u00bb global_colors_info=\u00a0\u00bb{}\u00a0\u00bb][et_pb_image src=\u00a0\u00bbhttps:\/\/fondationaleo.ca\/wp-content\/uploads\/2022\/11\/person_icon-2.svg\u00a0\u00bb title_text=\u00a0\u00bbperson_icon\u00a0\u00bb _builder_version=\u00a0\u00bb4.21.0&Prime; _module_preset=\u00a0\u00bbdefault\u00a0\u00bb width=\u00a0\u00bb80px\u00a0\u00bb global_colors_info=\u00a0\u00bb{}\u00a0\u00bb][\/et_pb_image][et_pb_number_counter title=\u00a0\u00bbBoursiers en 2023&Prime; number=\u00a0\u00bb500+\u00a0\u00bb percent_sign=\u00a0\u00bboff\u00a0\u00bb _builder_version=\u00a0\u00bb4.21.0&Prime; _module_preset=\u00a0\u00bbdefault\u00a0\u00bb global_colors_info=\u00a0\u00bb{}\u00a0\u00bb][\/et_pb_number_counter][\/et_pb_column][et_pb_column type=\u00a0\u00bb1_3&Prime; _builder_version=\u00a0\u00bb4.16&Prime; _module_preset=\u00a0\u00bbdefault\u00a0\u00bb custom_css_main_element=\u00a0\u00bbdisplay: flex;\u00a0\u00bb global_colors_info=\u00a0\u00bb{}\u00a0\u00bb][et_pb_image src=\u00a0\u00bbhttps:\/\/fondationaleo.ca\/wp-content\/uploads\/2022\/11\/dollar_icon.svg\u00a0\u00bb title_text=\u00a0\u00bbdollar_icon\u00a0\u00bb _builder_version=\u00a0\u00bb4.21.0&Prime; _module_preset=\u00a0\u00bbdefault\u00a0\u00bb width=\u00a0\u00bb80px\u00a0\u00bb global_colors_info=\u00a0\u00bb{}\u00a0\u00bb][\/et_pb_image][et_pb_number_counter title=\u00a0\u00bbDistribu\u00e9s par ann\u00e9e\u00a0\u00bb number=\u00a0\u00bb1 700 000+\u00a0\u00bb percent_sign=\u00a0\u00bboff\u00a0\u00bb module_class=\u00a0\u00bbdollar\u00a0\u00bb _builder_version=\u00a0\u00bb4.21.0&Prime; _module_preset=\u00a0\u00bbdefault\u00a0\u00bb global_colors_info=\u00a0\u00bb{}\u00a0\u00bb][\/et_pb_number_counter][\/et_pb_column][et_pb_column type=\u00a0\u00bb1_3&Prime; _builder_version=\u00a0\u00bb4.16&Prime; _module_preset=\u00a0\u00bbdefault\u00a0\u00bb custom_css_main_element=\u00a0\u00bbdisplay: flex;\u00a0\u00bb global_colors_info=\u00a0\u00bb{}\u00a0\u00bb][et_pb_image src=\u00a0\u00bbhttps:\/\/fondationaleo.ca\/wp-content\/uploads\/2022\/11\/dollar_icon.svg\u00a0\u00bb title_text=\u00a0\u00bbdollar_icon\u00a0\u00bb _builder_version=\u00a0\u00bb4.21.0&Prime; _module_preset=\u00a0\u00bbdefault\u00a0\u00bb width=\u00a0\u00bb80px\u00a0\u00bb global_colors_info=\u00a0\u00bb{}\u00a0\u00bb][\/et_pb_image][et_pb_number_counter title=\u00a0\u00bbDepuis sa cr\u00e9ation\u00a0\u00bb number=\u00a0\u00bb22 000 000+\u00a0\u00bb percent_sign=\u00a0\u00bboff\u00a0\u00bb module_class=\u00a0\u00bbdollar\u00a0\u00bb _builder_version=\u00a0\u00bb4.21.0&Prime; _module_preset=\u00a0\u00bbdefault\u00a0\u00bb global_colors_info=\u00a0\u00bb{}\u00a0\u00bb][\/et_pb_number_counter][\/et_pb_column][\/et_pb_row][\/et_pb_section][et_pb_section fb_built=\u00a0\u00bb1&Prime; admin_label=\u00a0\u00bbTypes de bourses &#8211; Section\u00a0\u00bb _builder_version=\u00a0\u00bb4.21.0&Prime; _module_preset=\u00a0\u00bbdefault\u00a0\u00bb custom_padding=\u00a0\u00bb0px||0px||false|false\u00a0\u00bb hover_enabled=\u00a0\u00bb0&Prime; global_colors_info=\u00a0\u00bb{}\u00a0\u00bb sticky_enabled=\u00a0\u00bb0&Prime;][et_pb_row _builder_version=\u00a0\u00bb4.21.0&Prime; _module_preset=\u00a0\u00bbdefault\u00a0\u00bb global_colors_info=\u00a0\u00bb{}\u00a0\u00bb][et_pb_column type=\u00a0\u00bb4_4&Prime; _builder_version=\u00a0\u00bb4.16&Prime; _module_preset=\u00a0\u00bbdefault\u00a0\u00bb global_colors_info=\u00a0\u00bb{}\u00a0\u00bb][et_pb_divider color=\u00a0\u00bbrgba(0,0,0,0.1)\u00a0\u00bb _builder_version=\u00a0\u00bb4.21.0&Prime; _module_preset=\u00a0\u00bbdefault\u00a0\u00bb global_colors_info=\u00a0\u00bb{}\u00a0\u00bb][\/et_pb_divider][\/et_pb_column][\/et_pb_row][\/et_pb_section][et_pb_section fb_built=\u00a0\u00bb1&Prime; _builder_version=\u00a0\u00bb4.21.0&Prime; _module_preset=\u00a0\u00bbdefault\u00a0\u00bb custom_padding=\u00a0\u00bb25px||25px||false|false\u00a0\u00bb global_colors_info=\u00a0\u00bb{}\u00a0\u00bb][et_pb_row _builder_version=\u00a0\u00bb4.21.0&Prime; _module_preset=\u00a0\u00bbdefault\u00a0\u00bb global_colors_info=\u00a0\u00bb{}\u00a0\u00bb][et_pb_column type=\u00a0\u00bb4_4&Prime; _builder_version=\u00a0\u00bb4.16&Prime; _module_preset=\u00a0\u00bbdefault\u00a0\u00bb global_colors_info=\u00a0\u00bb{}\u00a0\u00bb][et_pb_text _builder_version=\u00a0\u00bb4.21.0&Prime; _module_preset=\u00a0\u00bbdefault\u00a0\u00bb global_colors_info=\u00a0\u00bb{}\u00a0\u00bb]<\/p>\n<h2>Comment postuler ?<\/h2>\n<p>[\/et_pb_text][et_pb_image src=\u00a0\u00bbhttps:\/\/fondationaleo.ca\/wp-content\/uploads\/2022\/11\/divider.svg\u00a0\u00bb title_text=\u00a0\u00bbdivider\u00a0\u00bb _builder_version=\u00a0\u00bb4.21.0&Prime; _module_preset=\u00a0\u00bb721d87e2-e859-4484-ba2c-2b5f9115c03f\u00a0\u00bb global_colors_info=\u00a0\u00bb{}\u00a0\u00bb][\/et_pb_image][\/et_pb_column][\/et_pb_row][et_pb_row column_structure=\u00a0\u00bb1_2,1_2&Prime; _builder_version=\u00a0\u00bb4.21.0&Prime; _module_preset=\u00a0\u00bbdefault\u00a0\u00bb global_colors_info=\u00a0\u00bb{}\u00a0\u00bb][et_pb_column type=\u00a0\u00bb1_2&Prime; _builder_version=\u00a0\u00bb4.16&Prime; _module_preset=\u00a0\u00bbdefault\u00a0\u00bb global_colors_info=\u00a0\u00bb{}\u00a0\u00bb][et_pb_text module_class=\u00a0\u00bbblue-bullets\u00a0\u00bb _builder_version=\u00a0\u00bb4.21.0&Prime; _module_preset=\u00a0\u00bbdefault\u00a0\u00bb global_colors_info=\u00a0\u00bb{}\u00a0\u00bb]<\/p>\n<p>Pour ce programme, toutes les demandes soumises \u00e0 la Fondation devront obligatoirement provenir des f\u00e9d\u00e9rations sportives provinciales. <strong>La Fondation n&rsquo;accepte aucune candidature directement.<\/strong><\/p>\n<p>Les \u00e9l\u00e9ments obligatoires \u00e0 fournir sont les suivants :<\/p>\n<p>&nbsp;<\/p>\n<ul>\n<li>Les informations sur le statut d\u2019\u00e9tudiant et le bulletin le plus r\u00e9cent;<\/li>\n<li>Le num\u00e9ro d\u2019assurance sociale;<\/li>\n<li>L\u2019adresse permanente et\/ou actuelle;<\/li>\n<li>Les meilleures performances des 24 derniers mois;<\/li>\n<li>La justification de la demande d\u2019assistance financi\u00e8re et le budget de revenus et d\u00e9penses;<\/li>\n<li>Les performances acad\u00e9miques remarquables et honneurs re\u00e7us, s\u2019il y a lieu (bourse acad\u00e9mique);<\/li>\n<li>Une lettre pr\u00e9cisant le type d\u2019engagement communautaire, s\u2019il y a lieu (bourse leadership).<\/li>\n<\/ul>\n<p>Les demandes seront ensuite d\u00e9pos\u00e9es \u00e0 la Fondation par chaque f\u00e9d\u00e9ration sportive. La Fondation proc\u00e9dera \u00e0 la s\u00e9lection de ses boursiers tout au cours de l\u2019ann\u00e9e selon l\u2019\u00e9ch\u00e9ancier de ses diff\u00e9rents programmes de bourses.<\/p>\n<p>[\/et_pb_text][\/et_pb_column][et_pb_column type=\u00a0\u00bb1_2&Prime; _builder_version=\u00a0\u00bb4.16&Prime; _module_preset=\u00a0\u00bbdefault\u00a0\u00bb global_colors_info=\u00a0\u00bb{}\u00a0\u00bb][et_pb_image src=\u00a0\u00bbhttps:\/\/fondationaleo.ca\/wp-content\/uploads\/2021\/09\/typing_laptop_475w.png\u00a0\u00bb title_text=\u00a0\u00bbtyping_laptop_475w\u00a0\u00bb align=\u00a0\u00bbcenter\u00a0\u00bb _builder_version=\u00a0\u00bb4.21.0&Prime; _module_preset=\u00a0\u00bbdefault\u00a0\u00bb global_colors_info=\u00a0\u00bb{}\u00a0\u00bb][\/et_pb_image][\/et_pb_column][\/et_pb_row][\/et_pb_section]<\/p>\n","protected":false},"excerpt":{"rendered":"<p>Programme de l\u2019athl\u00e8te d\u2019excellencePour soutenir les \u00e9tudiant\u00b7e\u00b7s\u2013athl\u00e8tes talentueux dans leur poursuite de l&rsquo;excellence acad\u00e9mique et sportiveLe programmeLe programme de l\u2019athl\u00e8te d\u2019excellence est destin\u00e9 \u00e0 des \u00e9tudiant\u00b7e\u00b7s\u2013athl\u00e8tes identifi\u00e9s Espoir, Rel\u00e8ve, \u00c9lite et Excellence par leur f\u00e9d\u00e9ration sportive et qui \u00e9tudient dans un \u00e9tablissement d\u2019enseignement qu\u00e9b\u00e9cois reconnu par le minist\u00e8re de l\u2019\u00c9ducation. Les \u00e9tudiant\u00b7e\u00b7s\u2013athl\u00e8tes devront avoir \u00e9t\u00e9 [&hellip;]<\/p>\n","protected":false},"author":2,"featured_media":0,"parent":0,"menu_order":0,"comment_status":"closed","ping_status":"closed","template":"","meta":{"_et_pb_use_builder":"on","_et_pb_old_content":"","_et_gb_content_width":"","inline_featured_image":false,"footnotes":""},"class_list":["post-429","page","type-page","status-publish","hentry"],"_links":{"self":[{"href":"https:\/\/fondationaleo.ca\/en\/wp-json\/wp\/v2\/pages\/429","targetHints":{"allow":["GET"]}}],"collection":[{"href":"https:\/\/fondationaleo.ca\/en\/wp-json\/wp\/v2\/pages"}],"about":[{"href":"https:\/\/fondationaleo.ca\/en\/wp-json\/wp\/v2\/types\/page"}],"author":[{"embeddable":true,"href":"https:\/\/fondationaleo.ca\/en\/wp-json\/wp\/v2\/users\/2"}],"replies":[{"embeddable":true,"href":"https:\/\/fondationaleo.ca\/en\/wp-json\/wp\/v2\/comments?post=429"}],"version-history":[{"count":0,"href":"https:\/\/fondationaleo.ca\/en\/wp-json\/wp\/v2\/pages\/429\/revisions"}],"wp:attachment":[{"href":"https:\/\/fondationaleo.ca\/en\/wp-json\/wp\/v2\/media?parent=429"}],"curies":[{"name":"wp","href":"https:\/\/api.w.org\/{rel}","templated":true}]}}