{"id":6016,"date":"2023-11-10T01:46:52","date_gmt":"2023-11-10T01:46:52","guid":{"rendered":"https:\/\/fondationaleo.ca\/a-propos-copy\/"},"modified":"2025-05-08T13:42:18","modified_gmt":"2025-05-08T13:42:18","slug":"give-the-following","status":"publish","type":"page","link":"https:\/\/fondationaleo.ca\/en\/donnez-au-suivant\/","title":{"rendered":"Program Give the following"},"content":{"rendered":"<p>[et_pb_section fb_built=\u00a0\u00bb1&Prime; admin_label=\u00a0\u00bbHero &#8211; Section\u00a0\u00bb module_class=\u00a0\u00bbgradient-overlay\u00a0\u00bb _builder_version=\u00a0\u00bb4.21.0&Prime; _module_preset=\u00a0\u00bbdf9e349b-e74a-4278-a6b0-e8745b7adebe\u00a0\u00bb background_color_gradient_stops=\u00a0\u00bb#0a0000 0%|rgba(16,47,87,0) 100%\u00a0\u00bb background_color_gradient_start=\u00a0\u00bb#0a0000&Prime; background_color_gradient_end=\u00a0\u00bbrgba(16,47,87,0)\u00a0\u00bb background_image=\u00a0\u00bbhttps:\/\/fondationaleo.ca\/wp-content\/uploads\/2024\/12\/Capture-decran-le-2024-12-04-a-14.35.57.png\u00a0\u00bb min_height=\u00a0\u00bb200px\u00a0\u00bb max_height=\u00a0\u00bb700px\u00a0\u00bb custom_padding_phone=\u00a0\u00bb25px||25px||false|false\u00a0\u00bb global_colors_info=\u00a0\u00bb{}\u00a0\u00bb][et_pb_row _builder_version=\u00a0\u00bb4.21.0&Prime; _module_preset=\u00a0\u00bbdefault\u00a0\u00bb global_colors_info=\u00a0\u00bb{}\u00a0\u00bb][et_pb_column type=\u00a0\u00bb4_4&Prime; _builder_version=\u00a0\u00bb4.16&Prime; _module_preset=\u00a0\u00bbdefault\u00a0\u00bb global_colors_info=\u00a0\u00bb{}\u00a0\u00bb][et_pb_text _builder_version=\u00a0\u00bb4.21.0&Prime; _module_preset=\u00a0\u00bb4174990c-c7fd-4fe0-b35e-af2c8240af30&Prime; text_text_color=\u00a0\u00bb#54FDBF\u00a0\u00bb header_text_color=\u00a0\u00bb#FF6446&Prime; global_colors_info=\u00a0\u00bb{}\u00a0\u00bb]<\/p>\n<h1>Programme Donnez au suivant<\/h1>\n<p>[\/et_pb_text][\/et_pb_column][\/et_pb_row][\/et_pb_section][et_pb_section fb_built=\u00a0\u00bb1&Prime; admin_label=\u00a0\u00bbAbout I &#8211; Section\u00a0\u00bb _builder_version=\u00a0\u00bb4.21.0&Prime; _module_preset=\u00a0\u00bbdefault\u00a0\u00bb custom_padding=\u00a0\u00bb25px||25px||false|false\u00a0\u00bb global_colors_info=\u00a0\u00bb{}\u00a0\u00bb][et_pb_row column_structure=\u00a0\u00bb1_2,1_2&Prime; _builder_version=\u00a0\u00bb4.21.0&Prime; _module_preset=\u00a0\u00bbdefault\u00a0\u00bb custom_css_main_element=\u00a0\u00bbdisplay: flex;||align-items: center;\u00a0\u00bb global_colors_info=\u00a0\u00bb{}\u00a0\u00bb custom_css_main_element_last_edited=\u00a0\u00bbon|tablet\u00a0\u00bb custom_css_main_element_tablet=\u00a0\u00bbdisplay: block;\u00a0\u00bb custom_css_main_element_phone=\u00a0\u00bbdisplay: block;\u00a0\u00bb][et_pb_column type=\u00a0\u00bb1_2&Prime; _builder_version=\u00a0\u00bb4.16&Prime; _module_preset=\u00a0\u00bbdefault\u00a0\u00bb global_colors_info=\u00a0\u00bb{}\u00a0\u00bb][et_pb_text _builder_version=\u00a0\u00bb4.21.0&Prime; _module_preset=\u00a0\u00bbdefault\u00a0\u00bb global_colors_info=\u00a0\u00bb{}\u00a0\u00bb]<\/p>\n<h2>\u00a0<\/h2>\n<h2>Le programme<\/h2>\n<p>[\/et_pb_text][et_pb_image src=\u00a0\u00bbhttps:\/\/fondationaleo.ca\/wp-content\/uploads\/2022\/11\/divider.svg\u00a0\u00bb title_text=\u00a0\u00bbdivider\u00a0\u00bb _builder_version=\u00a0\u00bb4.21.0&Prime; _module_preset=\u00a0\u00bb721d87e2-e859-4484-ba2c-2b5f9115c03f\u00a0\u00bb global_colors_info=\u00a0\u00bb{}\u00a0\u00bb][\/et_pb_image][et_pb_text _builder_version=\u00a0\u00bb4.21.0&Prime; _module_preset=\u00a0\u00bbdefault\u00a0\u00bb global_colors_info=\u00a0\u00bb{}\u00a0\u00bb]<\/p>\n<p>La Fondation Al\u00e9o mobilise des boursier\u00b7\u00e8re\u00b7s \u00abdu pass\u00e9\u00bb ainsi que des amis de la Fondation conquis \u00e0 la cause dans le cadre du programme Donnez au Suivant! Ces donatrices et ces donateurs s\u2019engagent de fa\u00e7on personnelle pour faire une r\u00e9elle diff\u00e9rence dans le parcours d\u2019un\u00b7e \u00e9tudiant\u00b7e-athl\u00e8te, parce qu\u2019ils croient profond\u00e9ment en notre mission et estiment que nous sommes les mieux plac\u00e9s pour la r\u00e9aliser! <\/p>\n<p>&nbsp;<\/p>\n<p>[\/et_pb_text][et_pb_text _builder_version=\u00a0\u00bb4.27.4&Prime; _module_preset=\u00a0\u00bb8805badd-7a41-4da9-8c45-1a83f3b17007&Prime; text_text_color=\u00a0\u00bb#0a0a0a\u00a0\u00bb background_color=\u00a0\u00bb#fff500&Prime; transform_skew=\u00a0\u00bb0deg|0deg\u00a0\u00bb width=\u00a0\u00bb300px\u00a0\u00bb custom_margin=\u00a0\u00bb-30px||||false|false\u00a0\u00bb link_option_url=\u00a0\u00bbhttps:\/\/forms.office.com\/Pages\/ResponsePage.aspx?id=s6HweMHMI02KZnzjEij7vnKRljvINtVArX4QBhVQkARUM1RTUkg5VDFUS1JXSTc4QVkyNDJMSkZOVSQlQCN0PWcu\u00a0\u00bb link_option_url_new_window=\u00a0\u00bbon\u00a0\u00bb hover_enabled=\u00a0\u00bb0&Prime; text_text_color_tablet=\u00a0\u00bb#0a0a0a\u00a0\u00bb text_text_color_phone=\u00a0\u00bb#0a0a0a\u00a0\u00bb text_text_color_last_edited=\u00a0\u00bbon|desktop\u00a0\u00bb locked=\u00a0\u00bboff\u00a0\u00bb global_colors_info=\u00a0\u00bb{}\u00a0\u00bb background_color__hover=\u00a0\u00bb#FF6446&Prime; transform_skew__hover=\u00a0\u00bb0deg|0deg\u00a0\u00bb transform_translate__hover=\u00a0\u00bb0px|0px\u00a0\u00bb content__hover_enabled=\u00a0\u00bbon|hover\u00a0\u00bb text_text_color__hover_enabled=\u00a0\u00bbon|hover\u00a0\u00bb text_text_color__hover=\u00a0\u00bb#ffffff\u00a0\u00bb content__hover=\u00a0\u00bb<\/p>\n<p>Je donne au suivant!<\/p>\n<p>\u00a0\u00bb sticky_enabled=\u00a0\u00bb0&Prime;]<\/p>\n<p>Je donne au suivant!<\/p>\n<p>[\/et_pb_text][\/et_pb_column][et_pb_column type=\u00a0\u00bb1_2&Prime; _builder_version=\u00a0\u00bb4.16&Prime; _module_preset=\u00a0\u00bbdefault\u00a0\u00bb global_colors_info=\u00a0\u00bb{}\u00a0\u00bb][et_pb_image src=\u00a0\u00bbhttps:\/\/fondationaleo.ca\/wp-content\/uploads\/2024\/12\/Capture-decran-le-2024-12-05-a-19.29.29-1.png\u00a0\u00bb title_text=\u00a0\u00bbCapture d\u2019e\u0301cran, le 2024-12-05 a\u0300 19.29.29&Prime; _builder_version=\u00a0\u00bb4.21.0&Prime; _module_preset=\u00a0\u00bbdefault\u00a0\u00bb global_colors_info=\u00a0\u00bb{}\u00a0\u00bb][\/et_pb_image][\/et_pb_column][\/et_pb_row][et_pb_row column_structure=\u00a0\u00bb1_2,1_2&Prime; _builder_version=\u00a0\u00bb4.21.0&Prime; _module_preset=\u00a0\u00bbdefault\u00a0\u00bb custom_css_main_element=\u00a0\u00bbdisplay: flex;||align-items: center;\u00a0\u00bb global_colors_info=\u00a0\u00bb{}\u00a0\u00bb custom_css_main_element_last_edited=\u00a0\u00bbon|tablet\u00a0\u00bb custom_css_main_element_tablet=\u00a0\u00bbdisplay: block;\u00a0\u00bb custom_css_main_element_phone=\u00a0\u00bbdisplay: block;\u00a0\u00bb][et_pb_column type=\u00a0\u00bb1_2&Prime; _builder_version=\u00a0\u00bb4.16&Prime; _module_preset=\u00a0\u00bbdefault\u00a0\u00bb global_colors_info=\u00a0\u00bb{}\u00a0\u00bb][et_pb_video src=\u00a0\u00bbhttps:\/\/www.youtube.com\/watch?v=oBSwEMXLCBM\u00a0\u00bb _builder_version=\u00a0\u00bb4.21.0&Prime; _module_preset=\u00a0\u00bbdefault\u00a0\u00bb global_colors_info=\u00a0\u00bb{}\u00a0\u00bb][\/et_pb_video][et_pb_image src=\u00a0\u00bbhttps:\/\/fondationaleo.ca\/wp-content\/uploads\/2024\/12\/Capture-decran-le-2024-12-05-a-21.26.32.png\u00a0\u00bb title_text=\u00a0\u00bbCapture d\u2019e\u0301cran, le 2024-12-05 a\u0300 21.26.32&Prime; _builder_version=\u00a0\u00bb4.21.0&Prime; _module_preset=\u00a0\u00bbdefault\u00a0\u00bb global_colors_info=\u00a0\u00bb{}\u00a0\u00bb][\/et_pb_image][\/et_pb_column][et_pb_column type=\u00a0\u00bb1_2&Prime; _builder_version=\u00a0\u00bb4.16&Prime; _module_preset=\u00a0\u00bbdefault\u00a0\u00bb global_colors_info=\u00a0\u00bb{}\u00a0\u00bb][et_pb_text _builder_version=\u00a0\u00bb4.21.0&Prime; _module_preset=\u00a0\u00bbdefault\u00a0\u00bb custom_margin=\u00a0\u00bb-25px||||false|false\u00a0\u00bb global_colors_info=\u00a0\u00bb{}\u00a0\u00bb]<\/p>\n<h2>Volet universitaire<\/h2>\n<p>[\/et_pb_text][et_pb_text _builder_version=\u00a0\u00bb4.21.0&Prime; _module_preset=\u00a0\u00bbdefault\u00a0\u00bb custom_margin=\u00a0\u00bb-20px||||false|false\u00a0\u00bb global_colors_info=\u00a0\u00bb{}\u00a0\u00bb]<\/p>\n<p>Avec le volet universitaire du programme Donnez au suivant, d\u2019ancien\u00b7ne\u00b7s r\u00e9cipiendaires parrainent \u00e0 leur tour la g\u00e9n\u00e9ration actuelle en s\u2019engageant \u00e0 financer les cinq ann\u00e9es de leur parcours. Ils remettent ainsi directement la bourse au suivant, ce qui donne, en plus des montants fort appr\u00e9ci\u00e9s, des rencontres riches o\u00f9 l\u2019\u00e9change devient plus grand qu\u2019un ch\u00e8que. Cette bourse est \u00e9galement accompagn\u00e9e de services d\u2019accompagnement, notamment d\u2019orientation scolaire et professionnelle et de transition de carri\u00e8re, et ce, \u00e0 vie!<\/p>\n<p>Depuis sa cr\u00e9ation en 2023, plus d\u2019une vingtaine \u00abd\u2019ancien\u00b7ne\u00b7s\u00bb ont remis leur premi\u00e8re bourse!<\/p>\n<p>&nbsp;<\/p>\n<p>[\/et_pb_text][et_pb_text _builder_version=\u00a0\u00bb4.21.0&Prime; _module_preset=\u00a0\u00bbdefault\u00a0\u00bb custom_margin=\u00a0\u00bb-25px||||false|false\u00a0\u00bb global_colors_info=\u00a0\u00bb{}\u00a0\u00bb]<\/p>\n<h2>Volet sport d&rsquo;excellence<\/h2>\n<p>[\/et_pb_text][et_pb_text _builder_version=\u00a0\u00bb4.21.0&Prime; _module_preset=\u00a0\u00bbdefault\u00a0\u00bb custom_margin=\u00a0\u00bb-20px||||false|false\u00a0\u00bb global_colors_info=\u00a0\u00bb{}\u00a0\u00bb]<\/p>\n<p>Inspir\u00e9s par leurs coll\u00e8gues du volet universitaires, des boursi\u00e8res et des boursiers maintenant retrait\u00e9\u00b7e\u00b7s de leur sport ont manifest\u00e9 le souhait \u00e9galement de donner au suivant. La premi\u00e8re remise de ce volet a eu lieu en janvier 2024, dans le cadre de la remise de la Fondation Georges Saint-Pierre, par Am\u00e9lie Henry. Elle-m\u00eame ancienne boursi\u00e8re de cette fondation, via la Fondation Al\u00e9o, elle a choisi de remettre une bourse \u00e0 son tour \u00e0 un jeune de taekwondo.<\/p>\n<p>Quelques semaines plus tard, Christelle Doyon, une ancienne athl\u00e8te en snowboard cross et boursi\u00e8re de la Fondation a aussi contribu\u00e9 au programme Donnez au suivant en le croisant avec le programme Acc\u00e8s Nouvelle G\u00e9n\u00e9ration. Elle a ainsi \u00e9t\u00e9 jumel\u00e9e \u00e0 un jeune \u00e9tudiant-athl\u00e8te de grand talent pour l\u2019\u00e9pauler dans son acc\u00e8s aux plus hauts niveaux.<\/p>\n<p>[\/et_pb_text][\/et_pb_column][\/et_pb_row][et_pb_row column_structure=\u00a0\u00bb3_5,2_5&Prime; _builder_version=\u00a0\u00bb4.21.0&Prime; _module_preset=\u00a0\u00bbdefault\u00a0\u00bb custom_margin=\u00a0\u00bb-20px||||false|false\u00a0\u00bb custom_css_main_element=\u00a0\u00bbdisplay: flex;||align-items: center;\u00a0\u00bb global_colors_info=\u00a0\u00bb{}\u00a0\u00bb custom_css_main_element_last_edited=\u00a0\u00bbon|tablet\u00a0\u00bb custom_css_main_element_tablet=\u00a0\u00bbdisplay: block;\u00a0\u00bb custom_css_main_element_phone=\u00a0\u00bbdisplay: block;\u00a0\u00bb][et_pb_column type=\u00a0\u00bb3_5&Prime; _builder_version=\u00a0\u00bb4.16&Prime; _module_preset=\u00a0\u00bbdefault\u00a0\u00bb global_colors_info=\u00a0\u00bb{}\u00a0\u00bb][et_pb_text _builder_version=\u00a0\u00bb4.21.0&Prime; _module_preset=\u00a0\u00bbdefault\u00a0\u00bb custom_margin=\u00a0\u00bb-20px||||false|false\u00a0\u00bb global_colors_info=\u00a0\u00bb{}\u00a0\u00bb]<\/p>\n<h2>Volet famille<\/h2>\n<p>[\/et_pb_text][et_pb_text _builder_version=\u00a0\u00bb4.21.0&Prime; _module_preset=\u00a0\u00bbdefault\u00a0\u00bb custom_margin=\u00a0\u00bb-20px||||false|false\u00a0\u00bb global_colors_info=\u00a0\u00bb{}\u00a0\u00bb]<\/p>\n<p>De fa\u00e7on compl\u00e9mentaire, un volet famille s\u2019est ajout\u00e9 au programme. Ainsi, des donateurs se sont regroup\u00e9s en famille, pour soutenir un boursier ou une boursi\u00e8re. La majorit\u00e9 des familles compte sur un ou des ancien\u00b7ne\u00b7s boursi\u00e8res et boursiers, mais pas toutes. Des familles passionn\u00e9es de sport et des athl\u00e8tes ont joint le mouvement. Les premi\u00e8res remises au aussi eu lieu en d\u00e9but d\u2019ann\u00e9e 2024-2025.<\/p>\n<p>&nbsp;<\/p>\n<p>[\/et_pb_text][et_pb_text _builder_version=\u00a0\u00bb4.21.0&Prime; _module_preset=\u00a0\u00bbdefault\u00a0\u00bb custom_margin=\u00a0\u00bb-25px||||false|false\u00a0\u00bb global_colors_info=\u00a0\u00bb{}\u00a0\u00bb]<\/p>\n<h2>Volet marathon<\/h2>\n<p>[\/et_pb_text][et_pb_text _builder_version=\u00a0\u00bb4.21.0&Prime; _module_preset=\u00a0\u00bbdefault\u00a0\u00bb custom_margin=\u00a0\u00bb-20px||||false|false\u00a0\u00bb global_colors_info=\u00a0\u00bb{}\u00a0\u00bb]<\/p>\n<p>Le Marathon Beneva de Montr\u00e9al se joint \u00e9galement aux outils disponibles pour alimenter le programme Donnez au Suivant. Ainsi, les f\u00e9d\u00e9rations sportives et la grande communaut\u00e9 du sport sont invit\u00e9es \u00e0 courir pour amasser des fonds pour des r\u00e9cipiendaires suppl\u00e9mentaires aux remises r\u00e9guli\u00e8res! Des donatrices et des donateurs participants \u00e0 l\u2019une des \u00e9preuves du Marathon Beneva de Montr\u00e9al peuvent ainsi financer leur geste philanthropique en courant pour la cause et en sollicitant leur r\u00e9seau gr\u00e2ce \u00e0 la lev\u00e9e de fond officielle de l\u2019\u00e9v\u00e9nement!<\/p>\n<p><a href=\"https:\/\/fondationaleo.ca\/je-cours-pour-les-athletes\/\"><strong>Tous les d\u00e9tails \u00e0 la page Je cours pour les athl\u00e8tes. <\/strong><\/a><\/p>\n<p>&nbsp;<\/p>\n<p>[\/et_pb_text][\/et_pb_column][et_pb_column type=\u00a0\u00bb2_5&Prime; _builder_version=\u00a0\u00bb4.16&Prime; _module_preset=\u00a0\u00bbdefault\u00a0\u00bb global_colors_info=\u00a0\u00bb{}\u00a0\u00bb][et_pb_image src=\u00a0\u00bbhttps:\/\/fondationaleo.ca\/wp-content\/uploads\/2024\/12\/Capture-decran-le-2024-12-05-a-21.47.43.png\u00a0\u00bb title_text=\u00a0\u00bbCapture d\u2019e\u0301cran, le 2024-12-05 a\u0300 21.47.43&Prime; _builder_version=\u00a0\u00bb4.21.0&Prime; _module_preset=\u00a0\u00bbdefault\u00a0\u00bb global_colors_info=\u00a0\u00bb{}\u00a0\u00bb][\/et_pb_image][\/et_pb_column][\/et_pb_row][\/et_pb_section]<\/p>\n","protected":false},"excerpt":{"rendered":"<p>Programme Donnez au suivant\u00a0 Le programmeLa Fondation Al\u00e9o mobilise des boursier\u00b7\u00e8re\u00b7s \u00abdu pass\u00e9\u00bb ainsi que des amis de la Fondation conquis \u00e0 la cause dans le cadre du programme Donnez au Suivant! Ces donatrices et ces donateurs s\u2019engagent de fa\u00e7on personnelle pour faire une r\u00e9elle diff\u00e9rence dans le parcours d\u2019un\u00b7e \u00e9tudiant\u00b7e-athl\u00e8te, parce qu\u2019ils croient profond\u00e9ment [&hellip;]<\/p>\n","protected":false},"author":5,"featured_media":0,"parent":0,"menu_order":0,"comment_status":"closed","ping_status":"closed","template":"","meta":{"_et_pb_use_builder":"on","_et_pb_old_content":"","_et_gb_content_width":"","inline_featured_image":false,"footnotes":""},"class_list":["post-6016","page","type-page","status-publish","hentry"],"_links":{"self":[{"href":"https:\/\/fondationaleo.ca\/en\/wp-json\/wp\/v2\/pages\/6016","targetHints":{"allow":["GET"]}}],"collection":[{"href":"https:\/\/fondationaleo.ca\/en\/wp-json\/wp\/v2\/pages"}],"about":[{"href":"https:\/\/fondationaleo.ca\/en\/wp-json\/wp\/v2\/types\/page"}],"author":[{"embeddable":true,"href":"https:\/\/fondationaleo.ca\/en\/wp-json\/wp\/v2\/users\/5"}],"replies":[{"embeddable":true,"href":"https:\/\/fondationaleo.ca\/en\/wp-json\/wp\/v2\/comments?post=6016"}],"version-history":[{"count":0,"href":"https:\/\/fondationaleo.ca\/en\/wp-json\/wp\/v2\/pages\/6016\/revisions"}],"wp:attachment":[{"href":"https:\/\/fondationaleo.ca\/en\/wp-json\/wp\/v2\/media?parent=6016"}],"curies":[{"name":"wp","href":"https:\/\/api.w.org\/{rel}","templated":true}]}}