{"id":6037,"date":"2023-11-10T12:51:25","date_gmt":"2023-11-10T12:51:25","guid":{"rendered":"https:\/\/fondationaleo.ca\/donnez-au-suivant-copy-2\/"},"modified":"2024-10-08T18:30:31","modified_gmt":"2024-10-08T18:30:31","slug":"circle-of-young-philanthropists","status":"publish","type":"page","link":"https:\/\/fondationaleo.ca\/en\/cerle-des-jeunes-philanthropes\/","title":{"rendered":"Young Philanthropists Circle"},"content":{"rendered":"<p>[et_pb_section fb_built=\u00a0\u00bb1&Prime; admin_label=\u00a0\u00bbHero &#8211; Section\u00a0\u00bb module_class=\u00a0\u00bbgradient-overlay\u00a0\u00bb _builder_version=\u00a0\u00bb4.21.0&Prime; _module_preset=\u00a0\u00bbdf9e349b-e74a-4278-a6b0-e8745b7adebe\u00a0\u00bb background_color_gradient_stops=\u00a0\u00bb#0a0000 0%|rgba(16,47,87,0) 100%\u00a0\u00bb background_color_gradient_start=\u00a0\u00bb#0a0000&Prime; background_color_gradient_end=\u00a0\u00bbrgba(16,47,87,0)\u00a0\u00bb background_image=\u00a0\u00bbhttps:\/\/fondationaleo.ca\/wp-content\/uploads\/2022\/11\/Aleo-Website-1080&#215;1920-1.jpg\u00a0\u00bb custom_padding_phone=\u00a0\u00bb25px||25px||false|false\u00a0\u00bb global_colors_info=\u00a0\u00bb{}\u00a0\u00bb][et_pb_row _builder_version=\u00a0\u00bb4.21.0&Prime; _module_preset=\u00a0\u00bbdefault\u00a0\u00bb global_colors_info=\u00a0\u00bb{}\u00a0\u00bb][et_pb_column type=\u00a0\u00bb4_4&Prime; _builder_version=\u00a0\u00bb4.16&Prime; _module_preset=\u00a0\u00bbdefault\u00a0\u00bb global_colors_info=\u00a0\u00bb{}\u00a0\u00bb][et_pb_text _builder_version=\u00a0\u00bb4.21.0&Prime; _module_preset=\u00a0\u00bb4174990c-c7fd-4fe0-b35e-af2c8240af30&Prime; text_text_color=\u00a0\u00bb#54FDBF\u00a0\u00bb header_text_color=\u00a0\u00bb#FFE400&Prime; global_colors_info=\u00a0\u00bb{}\u00a0\u00bb]<\/p>\n<h1>Cercle des jeunes philanthropes<\/h1>\n<p>[\/et_pb_text][\/et_pb_column][\/et_pb_row][\/et_pb_section][et_pb_section fb_built=\u00a0\u00bb1&Prime; admin_label=\u00a0\u00bbAbout I &#8211; Section\u00a0\u00bb _builder_version=\u00a0\u00bb4.21.0&Prime; _module_preset=\u00a0\u00bbdefault\u00a0\u00bb custom_padding=\u00a0\u00bb25px||25px||false|false\u00a0\u00bb global_colors_info=\u00a0\u00bb{}\u00a0\u00bb][et_pb_row column_structure=\u00a0\u00bb1_2,1_2&Prime; _builder_version=\u00a0\u00bb4.21.0&Prime; _module_preset=\u00a0\u00bbdefault\u00a0\u00bb max_width=\u00a0\u00bb1000px\u00a0\u00bb custom_padding=\u00a0\u00bb25px||25px||false|false\u00a0\u00bb custom_css_main_element=\u00a0\u00bbdisplay: flex;||align-items: center;\u00a0\u00bb global_colors_info=\u00a0\u00bb{}\u00a0\u00bb custom_css_main_element_last_edited=\u00a0\u00bbon|tablet\u00a0\u00bb custom_css_main_element_tablet=\u00a0\u00bbdisplay: block;\u00a0\u00bb custom_css_main_element_phone=\u00a0\u00bbdisplay: block;\u00a0\u00bb][et_pb_column type=\u00a0\u00bb1_2&Prime; _builder_version=\u00a0\u00bb4.21.0&Prime; _module_preset=\u00a0\u00bbdefault\u00a0\u00bb custom_padding=\u00a0\u00bb25px||25px||false|false\u00a0\u00bb global_colors_info=\u00a0\u00bb{}\u00a0\u00bb][et_pb_text _builder_version=\u00a0\u00bb4.21.0&Prime; _module_preset=\u00a0\u00bbdefault\u00a0\u00bb global_colors_info=\u00a0\u00bb{}\u00a0\u00bb]<\/p>\n<h2>\u00a0<\/h2>\n<h2>Le Cercle<\/h2>\n<p>[\/et_pb_text][et_pb_image src=\u00a0\u00bbhttps:\/\/fondationaleo.ca\/wp-content\/uploads\/2022\/11\/divider.svg\u00a0\u00bb title_text=\u00a0\u00bbdivider\u00a0\u00bb _builder_version=\u00a0\u00bb4.16&Prime; _module_preset=\u00a0\u00bb721d87e2-e859-4484-ba2c-2b5f9115c03f\u00a0\u00bb global_colors_info=\u00a0\u00bb{}\u00a0\u00bb][\/et_pb_image][et_pb_text _builder_version=\u00a0\u00bb4.21.0&Prime; _module_preset=\u00a0\u00bbdefault\u00a0\u00bb global_colors_info=\u00a0\u00bb{}\u00a0\u00bb]<\/p>\n<p><span class=\"OYPEnA text-decoration-none text-strikethrough-none\">Le Cercle des jeunes philanthropes met en lumi\u00e8re le leadership de jeunes professionnels engag\u00e9s ayant un int\u00e9r\u00eat pour le d\u00e9passement de soi, les d\u00e9fis et partageant les valeurs d&rsquo;excellence de la Fondation Al\u00e9o. Compos\u00e9 notamment de boursier\u00b7\u00e8re\u00b7s des ann\u00e9es pass\u00e9es maintenant engag\u00e9\u00b7e\u00b7s dans une carri\u00e8re florissante ainsi que de pr\u00e9cieux alli\u00e9\u00b7e\u00b7s ayant les m\u00eames objectifs, le Cercle a pour mandat d\u2019organiser des \u00e9v\u00e9nements de collecte de fonds au profit de la Fondation Al\u00e9o r\u00e9unissant des pair\u00b7e\u00b7s de tous les horizons professionnels. Les sommes amass\u00e9es sont investies dans la mission de la Fondation Al\u00e9o, notamment par le d\u00e9ploiement des divers services offerts \u00e0 vie aux boursi\u00e8res et aux boursiers.<\/span><\/p>\n<p><a href=\"https:\/\/fondationaleo.ca\/je-donne\/\"><img loading=\"lazy\" decoding=\"async\" class=\"wp-image-6074  aligncenter\" src=\"https:\/\/fondationaleo.ca\/wp-content\/uploads\/2023\/11\/Capture-decran-le-2023-11-13-a-17.34.15-300x135.png\" alt=\"\" width=\"220\" height=\"99\" srcset=\"https:\/\/fondationaleo.ca\/wp-content\/uploads\/2023\/11\/Capture-decran-le-2023-11-13-a-17.34.15-300x135.png 300w, https:\/\/fondationaleo.ca\/wp-content\/uploads\/2023\/11\/Capture-decran-le-2023-11-13-a-17.34.15.png 400w\" sizes=\"(max-width: 220px) 100vw, 220px\" \/><\/a><\/p>\n<p>[\/et_pb_text][\/et_pb_column][et_pb_column type=\u00a0\u00bb1_2&Prime; _builder_version=\u00a0\u00bb4.21.0&Prime; _module_preset=\u00a0\u00bbdefault\u00a0\u00bb custom_padding=\u00a0\u00bb25px||25px||false|false\u00a0\u00bb global_colors_info=\u00a0\u00bb{}\u00a0\u00bb][et_pb_image src=\u00a0\u00bbhttps:\/\/fondationaleo.ca\/wp-content\/uploads\/2023\/11\/Par-le-programme-Donnez-au-suivant-la-Fondation-Aleo-mobilise-ses-ancien\u00b7ne\u00b7s-boursier\u00b7ere\u00b7s-pour-contribuer-financierement-aux-bourses-de-recrutement-universitaire-dune-importance-capitale-po.png\u00a0\u00bb title_text=\u00a0\u00bbPar le programme \u00abDonnez au suivant\u00bb, la Fondation Ale\u0301o mobilise ses ancien\u00b7ne\u00b7s boursier\u00b7e\u0300re\u00b7s pour contribuer financie\u0300rement aux bourses de recrutement universitaire d\u2019une importance capitale po\u00a0\u00bb show_bottom_space=\u00a0\u00bboff\u00a0\u00bb src_tablet=\u00a0\u00bbhttps:\/\/fondationaleo.ca\/wp-content\/uploads\/2023\/11\/Design-sans-titre-1.jpg\u00a0\u00bb src_phone=\u00a0\u00bbhttps:\/\/fondationaleo.ca\/wp-content\/uploads\/2023\/11\/Design-sans-titre-1.jpg\u00a0\u00bb src_last_edited=\u00a0\u00bbon|phone\u00a0\u00bb admin_label=\u00a0\u00bbImage\u00a0\u00bb _builder_version=\u00a0\u00bb4.21.0&Prime; _module_preset=\u00a0\u00bbdefault\u00a0\u00bb hover_enabled=\u00a0\u00bb0&Prime; global_colors_info=\u00a0\u00bb{}\u00a0\u00bb sticky_enabled=\u00a0\u00bb0&Prime;][\/et_pb_image][\/et_pb_column][\/et_pb_row][\/et_pb_section]<\/p>\n","protected":false},"excerpt":{"rendered":"<p>Cercle des jeunes philanthropes\u00a0 Le CercleLe Cercle des jeunes philanthropes met en lumi\u00e8re le leadership de jeunes professionnels engag\u00e9s ayant un int\u00e9r\u00eat pour le d\u00e9passement de soi, les d\u00e9fis et partageant les valeurs d&rsquo;excellence de la Fondation Al\u00e9o. Compos\u00e9 notamment de boursier\u00b7\u00e8re\u00b7s des ann\u00e9es pass\u00e9es maintenant engag\u00e9\u00b7e\u00b7s dans une carri\u00e8re florissante ainsi que de pr\u00e9cieux [&hellip;]<\/p>\n","protected":false},"author":5,"featured_media":0,"parent":0,"menu_order":0,"comment_status":"closed","ping_status":"closed","template":"","meta":{"_et_pb_use_builder":"on","_et_pb_old_content":"","_et_gb_content_width":"","inline_featured_image":false,"footnotes":""},"class_list":["post-6037","page","type-page","status-publish","hentry"],"_links":{"self":[{"href":"https:\/\/fondationaleo.ca\/en\/wp-json\/wp\/v2\/pages\/6037","targetHints":{"allow":["GET"]}}],"collection":[{"href":"https:\/\/fondationaleo.ca\/en\/wp-json\/wp\/v2\/pages"}],"about":[{"href":"https:\/\/fondationaleo.ca\/en\/wp-json\/wp\/v2\/types\/page"}],"author":[{"embeddable":true,"href":"https:\/\/fondationaleo.ca\/en\/wp-json\/wp\/v2\/users\/5"}],"replies":[{"embeddable":true,"href":"https:\/\/fondationaleo.ca\/en\/wp-json\/wp\/v2\/comments?post=6037"}],"version-history":[{"count":0,"href":"https:\/\/fondationaleo.ca\/en\/wp-json\/wp\/v2\/pages\/6037\/revisions"}],"wp:attachment":[{"href":"https:\/\/fondationaleo.ca\/en\/wp-json\/wp\/v2\/media?parent=6037"}],"curies":[{"name":"wp","href":"https:\/\/api.w.org\/{rel}","templated":true}]}}