{"id":6044,"date":"2023-11-10T13:33:20","date_gmt":"2023-11-10T13:33:20","guid":{"rendered":"https:\/\/fondationaleo.ca\/programme-du-sport-universitaire-copy\/"},"modified":"2025-11-14T20:59:19","modified_gmt":"2025-11-14T20:59:19","slug":"acces-nouvelle-generation","status":"publish","type":"page","link":"https:\/\/fondationaleo.ca\/en\/acces-nouvelle-generation\/","title":{"rendered":"Next Generation Access Program"},"content":{"rendered":"<p>[et_pb_section fb_built=\u00a0\u00bb1&Prime; admin_label=\u00a0\u00bbHero &#8211; Section\u00a0\u00bb module_class=\u00a0\u00bbgradient-overlay\u00a0\u00bb _builder_version=\u00a0\u00bb4.21.0&Prime; _module_preset=\u00a0\u00bbdf9e349b-e74a-4278-a6b0-e8745b7adebe\u00a0\u00bb background_color_gradient_stops=\u00a0\u00bbrgba(10,0,0,0.8) 0%|rgba(16,47,87,0) 100%\u00a0\u00bb background_color_gradient_start=\u00a0\u00bbrgba(10,0,0,0.8)\u00a0\u00bb background_color_gradient_end=\u00a0\u00bbrgba(16,47,87,0)\u00a0\u00bb background_image=\u00a0\u00bbhttps:\/\/fondationaleo.ca\/wp-content\/uploads\/2024\/12\/Capture-decran-le-2024-12-04-a-13.25.32.png\u00a0\u00bb width=\u00a0\u00bb100%\u00a0\u00bb max_width=\u00a0\u00bb100%\u00a0\u00bb min_height=\u00a0\u00bb200px\u00a0\u00bb max_height=\u00a0\u00bb400px\u00a0\u00bb custom_padding_phone=\u00a0\u00bb25px||25px||false|false\u00a0\u00bb locked=\u00a0\u00bboff\u00a0\u00bb global_colors_info=\u00a0\u00bb{}\u00a0\u00bb][et_pb_row _builder_version=\u00a0\u00bb4.21.0&Prime; _module_preset=\u00a0\u00bbdefault\u00a0\u00bb global_colors_info=\u00a0\u00bb{}\u00a0\u00bb][et_pb_column type=\u00a0\u00bb4_4&Prime; _builder_version=\u00a0\u00bb4.16&Prime; _module_preset=\u00a0\u00bbdefault\u00a0\u00bb global_colors_info=\u00a0\u00bb{}\u00a0\u00bb][et_pb_text _builder_version=\u00a0\u00bb4.21.0&Prime; _module_preset=\u00a0\u00bb4174990c-c7fd-4fe0-b35e-af2c8240af30&Prime; text_text_color=\u00a0\u00bb#54FDBF\u00a0\u00bb header_text_color=\u00a0\u00bb#54FDBF\u00a0\u00bb global_colors_info=\u00a0\u00bb{}\u00a0\u00bb]<\/p>\n<h1>Programme Acc\u00e8s Nouvelle G\u00e9n\u00e9ration<\/h1>\n<p>[\/et_pb_text][\/et_pb_column][\/et_pb_row][\/et_pb_section][et_pb_section fb_built=\u00a0\u00bb1&Prime; _builder_version=\u00a0\u00bb4.21.0&Prime; _module_preset=\u00a0\u00bbdefault\u00a0\u00bb custom_margin=\u00a0\u00bb||||false|false\u00a0\u00bb custom_padding=\u00a0\u00bb25px||25px||true|false\u00a0\u00bb locked=\u00a0\u00bboff\u00a0\u00bb global_colors_info=\u00a0\u00bb{}\u00a0\u00bb][et_pb_row column_structure=\u00a0\u00bb3_4,1_4&Prime; module_id=\u00a0\u00bbGala-Fondation-Bruny-Surin\u00a0\u00bb _builder_version=\u00a0\u00bb4.21.0&Prime; _module_preset=\u00a0\u00bbdefault\u00a0\u00bb global_colors_info=\u00a0\u00bb{}\u00a0\u00bb][et_pb_column type=\u00a0\u00bb3_4&Prime; _builder_version=\u00a0\u00bb4.16&Prime; _module_preset=\u00a0\u00bbdefault\u00a0\u00bb global_colors_info=\u00a0\u00bb{}\u00a0\u00bb][et_pb_text _builder_version=\u00a0\u00bb4.21.0&Prime; _module_preset=\u00a0\u00bbdefault\u00a0\u00bb global_colors_info=\u00a0\u00bb{}\u00a0\u00bb]<\/p>\n<h2>Le programme<\/h2>\n<p>[\/et_pb_text][et_pb_image src=\u00a0\u00bbhttps:\/\/fondationaleo.ca\/wp-content\/uploads\/2022\/11\/divider.svg\u00a0\u00bb title_text=\u00a0\u00bbdivider\u00a0\u00bb _builder_version=\u00a0\u00bb4.21.0&Prime; _module_preset=\u00a0\u00bb721d87e2-e859-4484-ba2c-2b5f9115c03f\u00a0\u00bb global_colors_info=\u00a0\u00bb{}\u00a0\u00bb][\/et_pb_image][\/et_pb_column][et_pb_column type=\u00a0\u00bb1_4&Prime; _builder_version=\u00a0\u00bb4.16&Prime; _module_preset=\u00a0\u00bbdefault\u00a0\u00bb global_colors_info=\u00a0\u00bb{}\u00a0\u00bb][\/et_pb_column][\/et_pb_row][et_pb_row column_structure=\u00a0\u00bb1_2,1_2&Prime; _builder_version=\u00a0\u00bb4.21.0&Prime; _module_preset=\u00a0\u00bbdefault\u00a0\u00bb global_colors_info=\u00a0\u00bb{}\u00a0\u00bb][et_pb_column type=\u00a0\u00bb1_2&Prime; _builder_version=\u00a0\u00bb4.16&Prime; _module_preset=\u00a0\u00bbdefault\u00a0\u00bb global_colors_info=\u00a0\u00bb{}\u00a0\u00bb][et_pb_text _builder_version=\u00a0\u00bb4.21.0&Prime; _module_preset=\u00a0\u00bbdefault\u00a0\u00bb link_font=\u00a0\u00bb|600|||on|||#0B0B0B|\u00a0\u00bb link_text_color=\u00a0\u00bb#0B0B0B\u00a0\u00bb global_colors_info=\u00a0\u00bb{}\u00a0\u00bb]<\/p>\n<p>Le programme Acc\u00e8s Nouvelle G\u00e9n\u00e9ration soutient de jeunes \u00e9tudiant\u00b7e\u00b7s-athl\u00e8tes prometteurs et contribue \u00e0 faire tomber certaines barri\u00e8res \u00e0 l\u2019entr\u00e9e au sport de haut niveau telles que les contraintes financi\u00e8res, scolaires ou m\u00eame l\u2019\u00e9loignement g\u00e9ographique. Le souhait de la Fondation Al\u00e9o est de reconna\u00eetre et c\u00e9l\u00e9brer le talent, encourager la pers\u00e9v\u00e9rance et offrir des services d\u2019accompagnement pour faire face aux d\u00e9fis de la conciliation sportive et scolaire.<span data-ccp-props=\"{&quot;201341983&quot;:0,&quot;335559740&quot;:252}\">\u00a0<\/span><\/p>\n<p>&nbsp;<\/p>\n<p><span data-contrast=\"none\">\u00a0<\/span><span data-contrast=\"none\"><strong>Grand objectif<\/strong><strong>\u202f<\/strong><strong>:\u00a0<\/strong><\/span><span data-ccp-props=\"{}\">\u00a0<\/span><\/p>\n<p><span data-contrast=\"none\">\u00c9largir l\u2019acc\u00e8s au sport de haut niveau \u00e0 des jeunes qui n\u2019ont pas toujours les ressources pour le faire.<\/span><span data-ccp-props=\"{}\">\u00a0<\/span><\/p>\n<p>&nbsp;<\/p>\n<p><span data-contrast=\"none\">\u00a0<\/span><span data-contrast=\"none\"><strong>Objectifs d\u00e9taill\u00e9s<\/strong><strong>\u202f<\/strong><strong>:<\/strong><\/span><span data-ccp-props=\"{&quot;335551550&quot;:6,&quot;335551620&quot;:6}\">\u00a0<\/span><\/p>\n<ol>\n<li><span data-contrast=\"none\"> Donner ACC\u00c8S au sport de haut niveau aux \u00e9tudiant\u00b7e\u00b7s-athl\u00e8tes les plus prometteurs de la nouvelle g\u00e9n\u00e9ration (via des bourses, paiement de frais d\u2019inscriptions, camps \u00e9quipe du Qu\u00e9bec ou d\u2019identification) qui n\u2019ont habituellement pas acc\u00e8s \u00e0 ces programmes par manque de ressources;<\/span><\/li>\n<li><span data-contrast=\"none\"> Encourager la pers\u00e9v\u00e9rance scolaire pour que les \u00e9tudiant\u00b7e\u00b7s-athl\u00e8tes cibl\u00e9\u00b7e\u00b7s obtiennent leur dipl\u00f4me au secondaire tout en d\u00e9veloppant leurs habilet\u00e9s sportives;<\/span><\/li>\n<li><span data-contrast=\"none\"> Soutenir les jeunes \u00e9tudiant\u00b7e\u00b7s-athl\u00e8tes dans leurs choix scolaires et sportifs;<\/span><\/li>\n<li><span data-contrast=\"none\"> Soutenir les \u00e9tudiant\u00b7e\u00b7s-athl\u00e8tes dans leur \u00e9panouissement global en leur offrant : des conseils d\u2019orientation scolaire personnalis\u00e9s, de l\u2019aide \u00e0 l\u2019\u00e9laboration de C.V. et des simulations d\u2019entrevue, des opportunit\u00e9s de r\u00e9seautage avec des partenaires cl\u00e9s, un programme de mentorat, du soutien en communications et des stages d\u2019observation ou r\u00e9mun\u00e9r\u00e9s.<\/span><\/li>\n<\/ol>\n<p>[\/et_pb_text][\/et_pb_column][et_pb_column type=\u00a0\u00bb1_2&Prime; _builder_version=\u00a0\u00bb4.16&Prime; _module_preset=\u00a0\u00bbdefault\u00a0\u00bb global_colors_info=\u00a0\u00bb{}\u00a0\u00bb][et_pb_image src=\u00a0\u00bbhttps:\/\/fondationaleo.ca\/wp-content\/uploads\/2024\/12\/2.png\u00a0\u00bb title_text=\u00a0\u00bb2&Prime; _builder_version=\u00a0\u00bb4.21.0&Prime; _module_preset=\u00a0\u00bbdefault\u00a0\u00bb global_colors_info=\u00a0\u00bb{}\u00a0\u00bb][\/et_pb_image][et_pb_image src=\u00a0\u00bbhttps:\/\/fondationaleo.ca\/wp-content\/uploads\/2024\/12\/Capture-decran-le-2024-12-04-a-14.50.59.png\u00a0\u00bb title_text=\u00a0\u00bbCapture d\u2019e\u0301cran, le 2024-12-04 a\u0300 14.50.59&Prime; url=\u00a0\u00bbhttps:\/\/parutions.fondationaleo.ca\/books\/axsf\/#p=1&Prime; url_new_window=\u00a0\u00bbon\u00a0\u00bb _builder_version=\u00a0\u00bb4.21.0&Prime; _module_preset=\u00a0\u00bbdefault\u00a0\u00bb global_colors_info=\u00a0\u00bb{}\u00a0\u00bb][\/et_pb_image][\/et_pb_column][\/et_pb_row][et_pb_row column_structure=\u00a0\u00bb1_2,1_2&Prime; _builder_version=\u00a0\u00bb4.21.0&Prime; _module_preset=\u00a0\u00bbdefault\u00a0\u00bb global_colors_info=\u00a0\u00bb{}\u00a0\u00bb][et_pb_column type=\u00a0\u00bb1_2&Prime; _builder_version=\u00a0\u00bb4.16&Prime; _module_preset=\u00a0\u00bbdefault\u00a0\u00bb global_colors_info=\u00a0\u00bb{}\u00a0\u00bb][et_pb_image src=\u00a0\u00bbhttps:\/\/fondationaleo.ca\/wp-content\/uploads\/2024\/12\/Capture-decran-le-2024-12-05-a-08.33.15.png\u00a0\u00bb title_text=\u00a0\u00bbCapture d\u2019e\u0301cran, le 2024-12-05 a\u0300 08.33.15&Prime; url=\u00a0\u00bbhttps:\/\/forms.office.com\/pages\/responsepage.aspx?id=s6HweMHMI02KZnzjEij7vnKRljvINtVArX4QBhVQkARUMzVZRzVONEdTWjRZVTJYTURKQ1ExSjU5SiQlQCNjPTEkJUAjdD1n&#038;route=shorturl\u00a0\u00bb url_new_window=\u00a0\u00bbon\u00a0\u00bb _builder_version=\u00a0\u00bb4.27.4&Prime; _module_preset=\u00a0\u00bbdefault\u00a0\u00bb hover_enabled=\u00a0\u00bb0&Prime; global_colors_info=\u00a0\u00bb{}\u00a0\u00bb sticky_enabled=\u00a0\u00bb0&Prime;][\/et_pb_image][et_pb_image src=\u00a0\u00bbhttps:\/\/fondationaleo.ca\/wp-content\/uploads\/2024\/12\/Suivez-le-mouvement-FondationAleo.ca-1.png\u00a0\u00bb title_text=\u00a0\u00bbSuivez le mouvement \u00bb FondationAleo.ca (1)\u00a0\u00bb _builder_version=\u00a0\u00bb4.21.0&Prime; _module_preset=\u00a0\u00bbdefault\u00a0\u00bb global_colors_info=\u00a0\u00bb{}\u00a0\u00bb][\/et_pb_image][et_pb_video src=\u00a0\u00bbhttps:\/\/www.youtube.com\/watch?v=zRDJ6pTw7ao\u00a0\u00bb _builder_version=\u00a0\u00bb4.21.0&Prime; _module_preset=\u00a0\u00bbdefault\u00a0\u00bb global_colors_info=\u00a0\u00bb{}\u00a0\u00bb][\/et_pb_video][\/et_pb_column][et_pb_column type=\u00a0\u00bb1_2&Prime; _builder_version=\u00a0\u00bb4.16&Prime; _module_preset=\u00a0\u00bbdefault\u00a0\u00bb global_colors_info=\u00a0\u00bb{}\u00a0\u00bb][et_pb_text _builder_version=\u00a0\u00bb4.21.0&Prime; _module_preset=\u00a0\u00bbdefault\u00a0\u00bb global_colors_info=\u00a0\u00bb{}\u00a0\u00bb]<\/p>\n<h2><strong>L\u2019importance du programme<\/strong><\/h2>\n<p><strong>Contexte\u200b<br \/><\/strong>Il existe au Qu\u00e9bec une cat\u00e9gorie de jeunes athl\u00e8tes trop souvent dans l&rsquo;ombre. \u200b<\/p>\n<p>Ces jeunes sportives et sportifs, souvent dou\u00e9\u00b7e\u00b7s athl\u00e9tiquement, ne poss\u00e8dent pas toujours les ressources et le soutien n\u00e9cessaires pour maximiser leur potentiel. Leur situation financi\u00e8re pr\u00e9caire personnelle ou familiale est couramment une emb\u00fbche importante, non seulement au d\u00e9veloppement de leurs habilet\u00e9s sportives, mais aussi \u00e0 leurs efforts face au risque de d\u00e9crochage scolaire. L\u2019acc\u00e8s au sport de haut niveau permet de canaliser positivement l\u2019\u00e9nergie de cette m\u00eame client\u00e8le vuln\u00e9rable et de l\u2019accrocher au syst\u00e8me scolaire en lui offrant des occasions, un sentiment d&rsquo;appartenance et la fiert\u00e9 de d\u00e9fendre les couleurs de leur institution, de leur province, de leur r\u00e9gion. \u200b<\/p>\n<p>[\/et_pb_text][et_pb_image src=\u00a0\u00bbhttps:\/\/fondationaleo.ca\/wp-content\/uploads\/2024\/12\/Capture-decran-le-2024-12-05-a-13.39.17.png\u00a0\u00bb title_text=\u00a0\u00bbCapture d\u2019e\u0301cran, le 2024-12-05 a\u0300 13.39.17&Prime; _builder_version=\u00a0\u00bb4.21.0&Prime; _module_preset=\u00a0\u00bbdefault\u00a0\u00bb global_colors_info=\u00a0\u00bb{}\u00a0\u00bb][\/et_pb_image][et_pb_text _builder_version=\u00a0\u00bb4.21.0&Prime; _module_preset=\u00a0\u00bbdefault\u00a0\u00bb global_colors_info=\u00a0\u00bb{}\u00a0\u00bb]<\/p>\n<p><strong>Notre vision du programme<\/strong><br \/>Lorsque plusieurs barri\u00e8res se retrouvent sur son chemin, qu\u2019elles soient financi\u00e8res ou en termes de soutien, la personne qui le parcourt peut \u00eatre men\u00e9e \u00e0 faire des choix par d\u00e9faut, des choix pouvant avoir un impact n\u00e9gatif sur son avenir. Certains quittent l\u2019\u00e9cole \u00e0 regret, se disent anxieux face \u00e0 leur avenir. D\u2019autres quittent leur sport, alors qu\u2019ils ou qu&rsquo;elles se croyaient encore capables d\u2019accomplir de grandes choses, pour prioriser le volet acad\u00e9mique, coinc\u00e9\u00b7e\u00b7s \u00e0 devoir trancher entre l&rsquo;un ou l&rsquo;autre.\u200b<\/p>\n<p>\u200bAvoir acc\u00e8s \u00e0 un syst\u00e8me de soutien est donc primordial afin que l\u2019\u00e9tudiant\u00b7e-athl\u00e8te puisse s\u2019\u00e9panouir \u00e0 la hauteur de ses ambitions acad\u00e9miques et sportives. C&rsquo;est en ce sens que la Fondation Al\u00e9o offre du soutien financier, mais \u00e9galement des services d\u2019accompagnement pour toutes ses boursi\u00e8res et tous ses boursiers, et ce, d\u00e8s l\u2019\u00e9mergence de leur talent. La combinaison bourse et services \u00e0 vie se veut l\u2019\u00e9lan qui manquait pour \u00eatre propuls\u00e9 vers les plus hauts sommets. \u200b<\/p>\n<p>\u200bPropulser l\u2019athl\u00e8te au-del\u00e0 du sport, c\u2019est aussi permettre aux jeunes de se projeter eux-m\u00eames plus loin, gr\u00e2ce aux acquis appris dans le sport, leur offrant ainsi les ailes pour devenir nos leaders de demain. \u200b<\/p>\n<p>[\/et_pb_text][\/et_pb_column][\/et_pb_row][\/et_pb_section]<\/p>\n","protected":false},"excerpt":{"rendered":"<p>Programme Acc\u00e8s Nouvelle G\u00e9n\u00e9rationLe programmeLe programme Acc\u00e8s Nouvelle G\u00e9n\u00e9ration soutient de jeunes \u00e9tudiant\u00b7e\u00b7s-athl\u00e8tes prometteurs et contribue \u00e0 faire tomber certaines barri\u00e8res \u00e0 l\u2019entr\u00e9e au sport de haut niveau telles que les contraintes financi\u00e8res, scolaires ou m\u00eame l\u2019\u00e9loignement g\u00e9ographique. Le souhait de la Fondation Al\u00e9o est de reconna\u00eetre et c\u00e9l\u00e9brer le talent, encourager la pers\u00e9v\u00e9rance et [&hellip;]<\/p>\n","protected":false},"author":5,"featured_media":0,"parent":0,"menu_order":0,"comment_status":"closed","ping_status":"closed","template":"","meta":{"_et_pb_use_builder":"on","_et_pb_old_content":"","_et_gb_content_width":"","inline_featured_image":false,"footnotes":""},"class_list":["post-6044","page","type-page","status-publish","hentry"],"_links":{"self":[{"href":"https:\/\/fondationaleo.ca\/en\/wp-json\/wp\/v2\/pages\/6044","targetHints":{"allow":["GET"]}}],"collection":[{"href":"https:\/\/fondationaleo.ca\/en\/wp-json\/wp\/v2\/pages"}],"about":[{"href":"https:\/\/fondationaleo.ca\/en\/wp-json\/wp\/v2\/types\/page"}],"author":[{"embeddable":true,"href":"https:\/\/fondationaleo.ca\/en\/wp-json\/wp\/v2\/users\/5"}],"replies":[{"embeddable":true,"href":"https:\/\/fondationaleo.ca\/en\/wp-json\/wp\/v2\/comments?post=6044"}],"version-history":[{"count":0,"href":"https:\/\/fondationaleo.ca\/en\/wp-json\/wp\/v2\/pages\/6044\/revisions"}],"wp:attachment":[{"href":"https:\/\/fondationaleo.ca\/en\/wp-json\/wp\/v2\/media?parent=6044"}],"curies":[{"name":"wp","href":"https:\/\/api.w.org\/{rel}","templated":true}]}}