{"id":6528,"date":"2024-02-29T15:29:41","date_gmt":"2024-02-29T15:29:41","guid":{"rendered":"https:\/\/fondationaleo.ca\/programme-du-sport-universitaire-copy\/"},"modified":"2026-04-01T14:35:14","modified_gmt":"2026-04-01T14:35:14","slug":"programme-leadership","status":"publish","type":"page","link":"https:\/\/fondationaleo.ca\/en\/programme-leadership\/","title":{"rendered":"Programme leadership McCall MacBain X Al\u00e9o"},"content":{"rendered":"<p>[et_pb_section fb_built=\u00a0\u00bb1&Prime; admin_label=\u00a0\u00bbHero &#8211; Section\u00a0\u00bb module_class=\u00a0\u00bbgradient-overlay\u00a0\u00bb _builder_version=\u00a0\u00bb4.21.0&Prime; _module_preset=\u00a0\u00bbdf9e349b-e74a-4278-a6b0-e8745b7adebe\u00a0\u00bb background_color_gradient_stops=\u00a0\u00bbrgba(10,0,0,0.8) 0%|rgba(16,47,87,0) 100%\u00a0\u00bb background_color_gradient_start=\u00a0\u00bbrgba(10,0,0,0.8)\u00a0\u00bb background_color_gradient_end=\u00a0\u00bbrgba(16,47,87,0)\u00a0\u00bb background_image=\u00a0\u00bbhttps:\/\/fondationaleo.ca\/wp-content\/uploads\/2024\/03\/Capture-decran-le-2024-03-03-a-17.13.34.png\u00a0\u00bb custom_padding_phone=\u00a0\u00bb25px||25px||false|false\u00a0\u00bb locked=\u00a0\u00bboff\u00a0\u00bb global_colors_info=\u00a0\u00bb{}\u00a0\u00bb][et_pb_row _builder_version=\u00a0\u00bb4.21.0&Prime; _module_preset=\u00a0\u00bbdefault\u00a0\u00bb global_colors_info=\u00a0\u00bb{}\u00a0\u00bb][et_pb_column type=\u00a0\u00bb4_4&Prime; _builder_version=\u00a0\u00bb4.16&Prime; _module_preset=\u00a0\u00bbdefault\u00a0\u00bb global_colors_info=\u00a0\u00bb{}\u00a0\u00bb][et_pb_text _builder_version=\u00a0\u00bb4.21.0&Prime; _module_preset=\u00a0\u00bb4174990c-c7fd-4fe0-b35e-af2c8240af30&Prime; global_colors_info=\u00a0\u00bb{}\u00a0\u00bb]<\/p>\n<h1>Programme leadership<br \/>McCall MacBain X Al\u00e9o<\/h1>\n<p>[\/et_pb_text][et_pb_text _builder_version=\u00a0\u00bb4.21.0&Prime; _module_preset=\u00a0\u00bbdefault\u00a0\u00bb text_font=\u00a0\u00bb||||||||\u00a0\u00bb text_text_color=\u00a0\u00bb#FFFFFF\u00a0\u00bb text_font_size=\u00a0\u00bb26px\u00a0\u00bb text_line_height=\u00a0\u00bb1.2em\u00a0\u00bb width=\u00a0\u00bb45%\u00a0\u00bb width_tablet=\u00a0\u00bb100%\u00a0\u00bb width_phone=\u00a0\u00bb\u00a0\u00bb width_last_edited=\u00a0\u00bbon|phone\u00a0\u00bb global_colors_info=\u00a0\u00bb{}\u00a0\u00bb]<\/p>\n<p><span class=\"NormalTextRun SCXW199359474 BCX0\">Un programme unique pour encourager les \u00e9tudiant<span class=\"TextRun SCXW118901322 BCX0\" lang=\"FR-CA\" xml:lang=\"FR-CA\" data-contrast=\"auto\"><span class=\"NormalTextRun SCXW118901322 BCX0\">\u00b7<\/span><\/span>e<span class=\"TextRun SCXW118901322 BCX0\" lang=\"FR-CA\" xml:lang=\"FR-CA\" data-contrast=\"auto\"><span class=\"NormalTextRun SCXW118901322 BCX0\">\u00b7<\/span><\/span>s-athl\u00e8tes u<\/span><span class=\"NormalTextRun SCXW199359474 BCX0\">niversitaires s\u00e9lectionn\u00e9<span class=\"TextRun SCXW118901322 BCX0\" lang=\"FR-CA\" xml:lang=\"FR-CA\" data-contrast=\"auto\"><span class=\"NormalTextRun SCXW118901322 BCX0\">\u00b7<\/span><\/span>e<span class=\"TextRun SCXW118901322 BCX0\" lang=\"FR-CA\" xml:lang=\"FR-CA\" data-contrast=\"auto\"><span class=\"NormalTextRun SCXW118901322 BCX0\">\u00b7s<\/span><\/span><\/span><span class=\"NormalTextRun SCXW199359474 BCX0\"> \u00e0 d\u00e9velopper leurs comp\u00e9tences en leadership, tout en conciliant <\/span><span class=\"NormalTextRun SCXW199359474 BCX0\">leurs \u00e9tudes et leur sport!<\/span><\/p>\n<p>[\/et_pb_text][\/et_pb_column][\/et_pb_row][\/et_pb_section][et_pb_section fb_built=\u00a0\u00bb1&Prime; specialty=\u00a0\u00bbon\u00a0\u00bb padding_top_bottom_link_2=\u00a0\u00bbfalse\u00a0\u00bb padding_left_right_link_2=\u00a0\u00bbfalse\u00a0\u00bb _builder_version=\u00a0\u00bb4.21.0&Prime; _module_preset=\u00a0\u00bbdefault\u00a0\u00bb max_width=\u00a0\u00bb1220px\u00a0\u00bb custom_padding=\u00a0\u00bb25px||25px||false|false\u00a0\u00bb global_colors_info=\u00a0\u00bb{}\u00a0\u00bb][et_pb_column type=\u00a0\u00bb1_2&Prime; _builder_version=\u00a0\u00bb4.16&Prime; custom_padding=\u00a0\u00bb|||\u00a0\u00bb global_colors_info=\u00a0\u00bb{}\u00a0\u00bb custom_padding__hover=\u00a0\u00bb|||\u00a0\u00bb][et_pb_text admin_label=\u00a0\u00bbText\u00a0\u00bb _builder_version=\u00a0\u00bb4.27.6&Prime; _module_preset=\u00a0\u00bbdefault\u00a0\u00bb global_colors_info=\u00a0\u00bb{}\u00a0\u00bb]<\/p>\n<h1><strong>Le programme<\/strong><\/h1>\n<p>[\/et_pb_text][et_pb_image src=\u00a0\u00bbhttps:\/\/fondationaleo.ca\/wp-content\/uploads\/2022\/11\/divider.svg\u00a0\u00bb title_text=\u00a0\u00bbdivider\u00a0\u00bb _builder_version=\u00a0\u00bb4.16&Prime; _module_preset=\u00a0\u00bb721d87e2-e859-4484-ba2c-2b5f9115c03f\u00a0\u00bb global_colors_info=\u00a0\u00bb{}\u00a0\u00bb][\/et_pb_image][et_pb_text _builder_version=\u00a0\u00bb4.27.6&Prime; _module_preset=\u00a0\u00bbdefault\u00a0\u00bb global_colors_info=\u00a0\u00bb{}\u00a0\u00bb]<\/p>\n<p><span data-contrast=\"auto\">La Fondation Al\u00e9o en partenariat avec la Fondation McCall MacBain lance un tout nouveau programme misant sp\u00e9cifiquement sur le d\u00e9veloppement du leadership!\u00a0<\/span><span data-contrast=\"auto\">En plus des <strong>bourses de 4000$<\/strong> qui contribueront \u00e0 couvrir une partie des co\u00fbts li\u00e9s \u00e0 la pratique d&rsquo;un sport de haut niveau et aux \u00e9tudes universitaires, le programme inclut <strong>des s\u00e9ances individuelles<\/strong> ainsi que des <strong>rencontres de groupe avec des experts en formation de leadership<\/strong>. <\/span><\/p>\n<p><span data-contrast=\"auto\">Ce programme est destin\u00e9 aux \u00e9tudiant\u00b7e\u00b7s-athl\u00e8tes du <strong>R\u00e9seau du sport \u00e9tudiant du Qu\u00e9bec (RSEQ)<\/strong> au niveau <strong>universitaire<\/strong>, incluant des \u00e9tudiants-athl\u00e8tes originaires d&rsquo;une autre province et qui poursuivent leurs \u00e9tudes dans une institution qu\u00e9b\u00e9coise. Ces \u00e9tudiant\u00b7e\u00b7s ont en commun le fort d\u00e9sir de <\/span><span data-contrast=\"auto\">concilier leurs \u00e9tudes et leur sport, tout en d\u00e9veloppant leurs comp\u00e9tences en leadership.<\/span><span data-ccp-props=\"{&quot;201341983&quot;:0,&quot;335551550&quot;:6,&quot;335551620&quot;:6,&quot;335559739&quot;:0,&quot;335559740&quot;:240}\">\u00a0<\/span><\/p>\n<p>_______________________________<\/p>\n<p><em>The Al\u00e9o Foundation, in partnership with the McCall MacBain Foundation, is launching a brand-new program focusing specifically on leadership development! In addition to $4000 scholarships, the program includes meetings with leadership training experts. <\/em><em>This program is intended for student-athletes in the R\u00e9seau du sport \u00e9tudiant du Qu\u00e9bec (RSEQ) at the university level, including student-athletes from other provinces studying at a Quebec institution. These students share a strong desire to balance their studies and sports while developing their leadership skills.<\/em><\/p>\n<p>[\/et_pb_text][\/et_pb_column][et_pb_column type=\u00a0\u00bb1_2&Prime; specialty_columns=\u00a0\u00bb2&Prime; _builder_version=\u00a0\u00bb4.16&Prime; custom_padding=\u00a0\u00bb|||\u00a0\u00bb global_colors_info=\u00a0\u00bb{}\u00a0\u00bb custom_padding__hover=\u00a0\u00bb|||\u00a0\u00bb][et_pb_row_inner _builder_version=\u00a0\u00bb4.21.0&Prime; _module_preset=\u00a0\u00bbdefault\u00a0\u00bb custom_margin=\u00a0\u00bb|||40%|false|false\u00a0\u00bb custom_margin_tablet=\u00a0\u00bb|||0%|false|false\u00a0\u00bb custom_margin_phone=\u00a0\u00bb\u00a0\u00bb custom_margin_last_edited=\u00a0\u00bbon|tablet\u00a0\u00bb custom_padding=\u00a0\u00bb25px||25px||false|false\u00a0\u00bb collapsed=\u00a0\u00bboff\u00a0\u00bb global_colors_info=\u00a0\u00bb{}\u00a0\u00bb][et_pb_column_inner saved_specialty_column_type=\u00a0\u00bb1_2&Prime; _builder_version=\u00a0\u00bb4.16&Prime; _module_preset=\u00a0\u00bbdefault\u00a0\u00bb custom_css_main_element=\u00a0\u00bbdisplay: flex;\u00a0\u00bb global_colors_info=\u00a0\u00bb{}\u00a0\u00bb][et_pb_image src=\u00a0\u00bbhttps:\/\/fondationaleo.ca\/wp-content\/uploads\/2024\/12\/Capture-decran-le-2024-12-16-a-08.32.58.png\u00a0\u00bb title_text=\u00a0\u00bbCapture d\u2019e\u0301cran, le 2024-12-16 a\u0300 08.32.58&Prime; _builder_version=\u00a0\u00bb4.21.0&Prime; _module_preset=\u00a0\u00bbdefault\u00a0\u00bb global_colors_info=\u00a0\u00bb{}\u00a0\u00bb][\/et_pb_image][\/et_pb_column_inner][\/et_pb_row_inner][et_pb_row_inner _builder_version=\u00a0\u00bb4.21.0&Prime; _module_preset=\u00a0\u00bbdefault\u00a0\u00bb custom_margin=\u00a0\u00bb|||40%|false|false\u00a0\u00bb custom_margin_tablet=\u00a0\u00bb-60px|||0%|false|false\u00a0\u00bb custom_margin_phone=\u00a0\u00bb\u00a0\u00bb custom_margin_last_edited=\u00a0\u00bbon|tablet\u00a0\u00bb custom_padding=\u00a0\u00bb25px||25px||false|false\u00a0\u00bb global_colors_info=\u00a0\u00bb{}\u00a0\u00bb][et_pb_column_inner saved_specialty_column_type=\u00a0\u00bb1_2&Prime; _builder_version=\u00a0\u00bb4.16&Prime; _module_preset=\u00a0\u00bbdefault\u00a0\u00bb custom_css_main_element=\u00a0\u00bbdisplay: flex;\u00a0\u00bb global_colors_info=\u00a0\u00bb{}\u00a0\u00bb][et_pb_image src=\u00a0\u00bbhttps:\/\/fondationaleo.ca\/wp-content\/uploads\/2022\/11\/person_icon-2.svg\u00a0\u00bb title_text=\u00a0\u00bbperson_icon\u00a0\u00bb _builder_version=\u00a0\u00bb4.16&Prime; _module_preset=\u00a0\u00bbdefault\u00a0\u00bb width=\u00a0\u00bb80px\u00a0\u00bb global_colors_info=\u00a0\u00bb{}\u00a0\u00bb][\/et_pb_image][et_pb_number_counter number=\u00a0\u00bb12 leaders \/ ann\u00e9e!\u00a0\u00bb percent_sign=\u00a0\u00bboff\u00a0\u00bb number_last_edited=\u00a0\u00bboff|desktop\u00a0\u00bb _builder_version=\u00a0\u00bb4.27.4&Prime; _module_preset=\u00a0\u00bbdefault\u00a0\u00bb text_orientation=\u00a0\u00bbleft\u00a0\u00bb custom_margin=\u00a0\u00bb-10px|||-21%|false|false\u00a0\u00bb custom_margin_phone=\u00a0\u00bb|||0px|false|false\u00a0\u00bb custom_css_main_element=\u00a0\u00bbwhite-space: nowrap;\u00a0\u00bb global_colors_info=\u00a0\u00bb{}\u00a0\u00bb number__hover_enabled=\u00a0\u00bboff|desktop\u00a0\u00bb][\/et_pb_number_counter][\/et_pb_column_inner][\/et_pb_row_inner][et_pb_row_inner _builder_version=\u00a0\u00bb4.21.0&Prime; _module_preset=\u00a0\u00bbdefault\u00a0\u00bb custom_margin=\u00a0\u00bb|||40%|false|false\u00a0\u00bb custom_margin_tablet=\u00a0\u00bb|||0%|false|false\u00a0\u00bb custom_margin_phone=\u00a0\u00bb\u00a0\u00bb custom_margin_last_edited=\u00a0\u00bbon|tablet\u00a0\u00bb custom_padding=\u00a0\u00bb25px||25px||false|false\u00a0\u00bb global_colors_info=\u00a0\u00bb{}\u00a0\u00bb][et_pb_column_inner saved_specialty_column_type=\u00a0\u00bb1_2&Prime; _builder_version=\u00a0\u00bb4.16&Prime; _module_preset=\u00a0\u00bbdefault\u00a0\u00bb custom_css_main_element=\u00a0\u00bbdisplay: flex;\u00a0\u00bb global_colors_info=\u00a0\u00bb{}\u00a0\u00bb][et_pb_image src=\u00a0\u00bbhttps:\/\/fondationaleo.ca\/wp-content\/uploads\/2022\/11\/dollar_icon.svg\u00a0\u00bb title_text=\u00a0\u00bbdollar_icon\u00a0\u00bb _builder_version=\u00a0\u00bb4.16&Prime; _module_preset=\u00a0\u00bbdefault\u00a0\u00bb width=\u00a0\u00bb80px\u00a0\u00bb global_colors_info=\u00a0\u00bb{}\u00a0\u00bb][\/et_pb_image][et_pb_number_counter title=\u00a0\u00bbpour chaque bourse\u00a0\u00bb number=\u00a0\u00bb4000&Prime; percent_sign=\u00a0\u00bboff\u00a0\u00bb module_class=\u00a0\u00bbdollar\u00a0\u00bb _builder_version=\u00a0\u00bb4.21.0&Prime; _module_preset=\u00a0\u00bbdefault\u00a0\u00bb text_orientation=\u00a0\u00bbleft\u00a0\u00bb custom_margin=\u00a0\u00bb-10px|||-40%|false|false\u00a0\u00bb global_colors_info=\u00a0\u00bb{}\u00a0\u00bb][\/et_pb_number_counter][\/et_pb_column_inner][\/et_pb_row_inner][\/et_pb_column][\/et_pb_section][et_pb_section fb_built=\u00a0\u00bb1&Prime; _builder_version=\u00a0\u00bb4.21.0&Prime; _module_preset=\u00a0\u00bbdefault\u00a0\u00bb custom_margin=\u00a0\u00bb||||false|false\u00a0\u00bb custom_padding=\u00a0\u00bb25px||25px||false|false\u00a0\u00bb locked=\u00a0\u00bboff\u00a0\u00bb global_colors_info=\u00a0\u00bb{}\u00a0\u00bb][et_pb_row column_structure=\u00a0\u00bb3_4,1_4&Prime; module_id=\u00a0\u00bbGala-Fondation-Bruny-Surin\u00a0\u00bb _builder_version=\u00a0\u00bb4.16&Prime; _module_preset=\u00a0\u00bbdefault\u00a0\u00bb global_colors_info=\u00a0\u00bb{}\u00a0\u00bb][et_pb_column type=\u00a0\u00bb3_4&Prime; _builder_version=\u00a0\u00bb4.16&Prime; _module_preset=\u00a0\u00bbdefault\u00a0\u00bb global_colors_info=\u00a0\u00bb{}\u00a0\u00bb][et_pb_text _builder_version=\u00a0\u00bb4.27.6&Prime; _module_preset=\u00a0\u00bbdefault\u00a0\u00bb global_colors_info=\u00a0\u00bb{}\u00a0\u00bb]<\/p>\n<h2>Comment appliquer<\/h2>\n<p>[\/et_pb_text][et_pb_image src=\u00a0\u00bbhttps:\/\/fondationaleo.ca\/wp-content\/uploads\/2022\/11\/divider.svg\u00a0\u00bb title_text=\u00a0\u00bbdivider\u00a0\u00bb _builder_version=\u00a0\u00bb4.27.6&Prime; _module_preset=\u00a0\u00bb721d87e2-e859-4484-ba2c-2b5f9115c03f\u00a0\u00bb global_colors_info=\u00a0\u00bb{}\u00a0\u00bb][\/et_pb_image][\/et_pb_column][et_pb_column type=\u00a0\u00bb1_4&Prime; _builder_version=\u00a0\u00bb4.16&Prime; _module_preset=\u00a0\u00bbdefault\u00a0\u00bb global_colors_info=\u00a0\u00bb{}\u00a0\u00bb][\/et_pb_column][\/et_pb_row][et_pb_row column_structure=\u00a0\u00bb1_2,1_2&Prime; _builder_version=\u00a0\u00bb4.16&Prime; _module_preset=\u00a0\u00bbdefault\u00a0\u00bb global_colors_info=\u00a0\u00bb{}\u00a0\u00bb][et_pb_column type=\u00a0\u00bb1_2&Prime; _builder_version=\u00a0\u00bb4.16&Prime; _module_preset=\u00a0\u00bbdefault\u00a0\u00bb global_colors_info=\u00a0\u00bb{}\u00a0\u00bb][et_pb_text _builder_version=\u00a0\u00bb4.27.6&Prime; _module_preset=\u00a0\u00bbdefault\u00a0\u00bb global_colors_info=\u00a0\u00bb{}\u00a0\u00bb]<\/p>\n<p><span class=\"TextRun SCXW263471332 BCX0\" lang=\"FR-CA\" xml:lang=\"FR-CA\" data-contrast=\"auto\">Tu es un<span class=\"NormalTextRun SpellingErrorV2Themed SCXW263471332 BCX0\">\u00b7e <\/span><span class=\"NormalTextRun SpellingErrorV2Themed SCXW263471332 BCX0\">\u00e9tudiant\u00b7e<\/span><span class=\"NormalTextRun SpellingErrorV2Themed SCXW263471332 BCX0\">-athl\u00e8te<\/span><span class=\"NormalTextRun SCXW263471332 BCX0\"> qui se d\u00e9marque par son<\/span><span class=\"NormalTextRun SCXW263471332 BCX0\"> leadership et son <\/span><span class=\"NormalTextRun SpellingErrorV2Themed SCXW263471332 BCX0\">engagement, et ce, m\u00eame en dehors de ton sport!<\/span><span class=\"NormalTextRun SCXW263471332 BCX0\"> Tu es <\/span><span class=\"NormalTextRun SpellingErrorV2Themed SCXW263471332 BCX0\">passionn\u00e9<\/span><span class=\"NormalTextRun SpellingErrorV2Themed SCXW263471332 BCX0\">\u00b7e<\/span><span class=\"NormalTextRun SCXW263471332 BCX0\"> par le d\u00e9veloppement personnel? Tu veux te d\u00e9marquer et souhaites prendre les moyens pour y arriver? Le programme Leadership McCall MacBain X Al\u00e9o veut recevoir ta candidature.<\/span><\/span><\/p>\n<p><strong>Admissibilit\u00e9:<\/strong><br \/>-\u00bb \u00catre <span class=\"TextRun SCXW263471332 BCX0\" lang=\"FR-CA\" xml:lang=\"FR-CA\" data-contrast=\"auto\"><span class=\"NormalTextRun SCXW263471332 BCX0\">admissible<\/span>\u00a0<span class=\"NormalTextRun SCXW263471332 BCX0\">aux volets<\/span><span class=\"NormalTextRun SCXW263471332 BCX0\"> acad\u00e9mique et sportif du <\/span><span class=\"NormalTextRun SCXW263471332 BCX0\">RSEQ \u00e0 l&rsquo;automne 2026.<br \/>(Du lot, des<\/span><\/span><span data-contrast=\"auto\"> \u00e9tudiant<span class=\"TextRun SCXW263471332 BCX0\" lang=\"FR-CA\" xml:lang=\"FR-CA\" data-contrast=\"auto\"><span class=\"NormalTextRun SpellingErrorV2Themed SCXW263471332 BCX0\">\u00b7e\u00b7s<\/span><\/span>-athl\u00e8tes originaires d&rsquo;une autre province et qui poursuivent leurs \u00e9tudes dans une institution qu\u00e9b\u00e9coise seront consid\u00e9r\u00e9s.<br \/>-\u00bb \u00catre disponible pour des journ\u00e9es d&rsquo;ateliers en personne les <strong>26\u00a0ao\u00fbt<\/strong> 2026, <strong>30 novembre et 1er d\u00e9cembre<\/strong> 2026, et <b>les 2 et 3 juin <\/b>2027<b>.<\/b><\/span><\/p>\n<p><strong>Montant:<\/strong><br \/>4 000 $ par bourse<\/p>\n<p><strong>Formulaire d&rsquo;application<br \/><\/strong><span data-contrast=\"auto\">-\u00bb Date limite pour soumettre une candidature: <strong>29 mai 2026<\/strong>, \u00e0 23h59<\/span><span data-ccp-props=\"{&quot;201341983&quot;:0,&quot;335551550&quot;:2,&quot;335551620&quot;:2,&quot;335559739&quot;:160,&quot;335559740&quot;:259}\"><br \/><\/span><span data-contrast=\"auto\">-\u00bb Pour information, veuillez contacter Fr\u00e9d\u00e9ric Chagnon: frederic.chagnon@fondationaleo.ca<\/span><\/p>\n<p>[\/et_pb_text][et_pb_text _builder_version=\u00a0\u00bb4.27.6&Prime; _module_preset=\u00a0\u00bb89be2cad-54d4-48ba-8324-b808613e81d5&Prime; text_text_color=\u00a0\u00bb#0A0A0A\u00a0\u00bb background_color=\u00a0\u00bb#FFE400&Prime; transform_skew=\u00a0\u00bb0deg|0deg\u00a0\u00bb link_option_url=\u00a0\u00bbhttps:\/\/forms.office.com\/pages\/responsepage.aspx?id=s6HweMHMI02KZnzjEij7vnKRljvINtVArX4QBhVQkARUMUlNNFFCSVVaNjdIMzROSkE4TDZQSDAwTSQlQCNjPTEkJUAjdD1n&#038;route=shorturl\u00a0\u00bb link_option_url_new_window=\u00a0\u00bbon\u00a0\u00bb global_colors_info=\u00a0\u00bb{}\u00a0\u00bb background_color__hover=\u00a0\u00bb#4100F5&Prime;]<\/p>\n<p>Formulaire application<br \/><em>Form<\/em><\/p>\n<p>[\/et_pb_text][et_pb_text _builder_version=\u00a0\u00bb4.27.6&Prime; _module_preset=\u00a0\u00bbdefault\u00a0\u00bb hover_enabled=\u00a0\u00bb0&Prime; global_colors_info=\u00a0\u00bb{}\u00a0\u00bb sticky_enabled=\u00a0\u00bb0&Prime;]<\/p>\n<p>Are you a student-athlete who stands out for your leadership and commitment, even outside of your sport? Are you passionate about personal development? Do you want to distinguish yourself and are willing to take the steps to achieve it? The McCall MacBain X Al\u00e9o Leadership program wants to receive your application.<\/p>\n<p><strong>Application<\/strong><br \/>-\u00bbBe eligible for the academic and sports the RSEQ in the fall of 2024. (Student-athletes from another province studying at a Quebec institution will be considered.)<br \/>-\u00bbBe available for in-person workshop days on <strong>August 26<\/strong>, 2026, <strong>Novembre 30 and December 1st<\/strong>, 2026, and <strong>June 1st and 2nd<\/strong>, 2027.<br \/><span data-contrast=\"auto\">-\u00bb Application deadline: <strong>May 29, 2026<\/strong>, at 11:59 p.m.<\/span><span data-ccp-props=\"{&quot;201341983&quot;:0,&quot;335551550&quot;:2,&quot;335551620&quot;:2,&quot;335559739&quot;:160,&quot;335559740&quot;:259}\"><br \/><\/span><span data-contrast=\"auto\">-\u00bb For information, please contact Fr\u00e9d\u00e9ric Chagnon: frederic.chagnon@fondationaleo.ca<\/span><\/p>\n<p>[\/et_pb_text][\/et_pb_column][et_pb_column type=\u00a0\u00bb1_2&Prime; _builder_version=\u00a0\u00bb4.16&Prime; _module_preset=\u00a0\u00bbdefault\u00a0\u00bb global_colors_info=\u00a0\u00bb{}\u00a0\u00bb][et_pb_image src=\u00a0\u00bbhttps:\/\/fondationaleo.ca\/wp-content\/uploads\/2026\/02\/GroupeLeadership-BoursesCollUniv2024-scaled.jpg\u00a0\u00bb title_text=\u00a0\u00bbPhoto Bernard Brault,  \u00a92024&Prime; _builder_version=\u00a0\u00bb4.27.4&Prime; _module_preset=\u00a0\u00bbdefault\u00a0\u00bb global_colors_info=\u00a0\u00bb{}\u00a0\u00bb][\/et_pb_image][\/et_pb_column][\/et_pb_row][\/et_pb_section][et_pb_section fb_built=\u00a0\u00bb1&Prime; _builder_version=\u00a0\u00bb4.21.0&Prime; _module_preset=\u00a0\u00bbdefault\u00a0\u00bb custom_margin=\u00a0\u00bb||||false|false\u00a0\u00bb custom_padding=\u00a0\u00bb25px||25px||true|false\u00a0\u00bb locked=\u00a0\u00bboff\u00a0\u00bb global_colors_info=\u00a0\u00bb{}\u00a0\u00bb][et_pb_row column_structure=\u00a0\u00bb1_2,1_2&Prime; module_id=\u00a0\u00bbGala-Coaching-Financier-Trek\u00a0\u00bb _builder_version=\u00a0\u00bb4.16&Prime; _module_preset=\u00a0\u00bbdefault\u00a0\u00bb global_colors_info=\u00a0\u00bb{}\u00a0\u00bb][et_pb_column type=\u00a0\u00bb1_2&Prime; _builder_version=\u00a0\u00bb4.16&Prime; _module_preset=\u00a0\u00bbdefault\u00a0\u00bb global_colors_info=\u00a0\u00bb{}\u00a0\u00bb][\/et_pb_column][et_pb_column type=\u00a0\u00bb1_2&Prime; _builder_version=\u00a0\u00bb4.16&Prime; _module_preset=\u00a0\u00bbdefault\u00a0\u00bb global_colors_info=\u00a0\u00bb{}\u00a0\u00bb][et_pb_text _builder_version=\u00a0\u00bb4.21.0&Prime; _module_preset=\u00a0\u00bbdefault\u00a0\u00bb global_colors_info=\u00a0\u00bb{}\u00a0\u00bb]<\/p>\n<h2>Bien au-del\u00e0 d&rsquo;une bourse<\/h2>\n<p>[\/et_pb_text][et_pb_image src=\u00a0\u00bbhttps:\/\/fondationaleo.ca\/wp-content\/uploads\/2022\/11\/divider.svg\u00a0\u00bb title_text=\u00a0\u00bbdivider\u00a0\u00bb _builder_version=\u00a0\u00bb4.21.0&Prime; _module_preset=\u00a0\u00bb721d87e2-e859-4484-ba2c-2b5f9115c03f\u00a0\u00bb global_colors_info=\u00a0\u00bb{}\u00a0\u00bb][\/et_pb_image][\/et_pb_column][\/et_pb_row][et_pb_row column_structure=\u00a0\u00bb1_2,1_2&Prime; _builder_version=\u00a0\u00bb4.16&Prime; _module_preset=\u00a0\u00bbdefault\u00a0\u00bb global_colors_info=\u00a0\u00bb{}\u00a0\u00bb][et_pb_column type=\u00a0\u00bb1_2&Prime; _builder_version=\u00a0\u00bb4.16&Prime; _module_preset=\u00a0\u00bbdefault\u00a0\u00bb global_colors_info=\u00a0\u00bb{}\u00a0\u00bb][et_pb_image src=\u00a0\u00bbhttps:\/\/fondationaleo.ca\/wp-content\/uploads\/2024\/03\/Capture-decran-le-2024-03-03-a-17.34.51.png\u00a0\u00bb title_text=\u00a0\u00bbCapture d\u2019e\u0301cran, le 2024-03-03 a\u0300 17.34.51&Prime; _builder_version=\u00a0\u00bb4.21.0&Prime; _module_preset=\u00a0\u00bbdefault\u00a0\u00bb global_colors_info=\u00a0\u00bb{}\u00a0\u00bb][\/et_pb_image][\/et_pb_column][et_pb_column type=\u00a0\u00bb1_2&Prime; _builder_version=\u00a0\u00bb4.16&Prime; _module_preset=\u00a0\u00bbdefault\u00a0\u00bb global_colors_info=\u00a0\u00bb{}\u00a0\u00bb][et_pb_text _builder_version=\u00a0\u00bb4.21.0&Prime; _module_preset=\u00a0\u00bbdefault\u00a0\u00bb global_colors_info=\u00a0\u00bb{}\u00a0\u00bb]<\/p>\n<p><span class=\"NormalTextRun SCXW199359474 BCX0\">Les boursi\u00e8res et les boursiers du programme Leadership emprunteront ensemble un chemin qui les m\u00e8nera vers trois rencontres en personne (d\u00e9but de la session d&rsquo;automne, d\u00e9but d\u00e9cembre et apr\u00e8s la session d&rsquo;hiver). \u00c9changes d&rsquo;id\u00e9es, rencontres de groupe avec des experts, partage d&rsquo;exp\u00e9rience, r\u00e9seautage, appels individuels. Un journal de bord devra \u00e9galement \u00eatre tenu afin de documenter le cheminement de chacun.<\/span><\/p>\n<p><strong>Bien au-del\u00e0 d&rsquo;une bourse<\/strong>, le programme Leadership McCall MacBain X Al\u00e9o laissera un impact durable sur les boursi\u00e8res et les boursiers, et sur leur communaut\u00e9 respective!<\/p>\n<p>___________________<\/p>\n<p><em>The recipients of the Leadership program will embark on a journey together that will lead them to three in-person meetings (beginning of the fall semester, early December, and after the winter semester). Idea exchanges, group meetings with experts, sharing experiences, networking, individual calls. A journal must also be kept to document each person\u2019s progress. <\/em><em>Far beyond just a scholarship, the McCall MacBain X Al\u00e9o Leadership program will leave a lasting impact on the recipients and their respective communities!<\/em><\/p>\n<p>&nbsp;<\/p>\n<p>&nbsp;<\/p>\n<p>[\/et_pb_text][\/et_pb_column][\/et_pb_row][\/et_pb_section][et_pb_section fb_built=\u00a0\u00bb1&Prime; _builder_version=\u00a0\u00bb4.21.0&Prime; _module_preset=\u00a0\u00bbdefault\u00a0\u00bb global_colors_info=\u00a0\u00bb{}\u00a0\u00bb][et_pb_row _builder_version=\u00a0\u00bb4.21.0&Prime; _module_preset=\u00a0\u00bbdefault\u00a0\u00bb global_colors_info=\u00a0\u00bb{}\u00a0\u00bb][et_pb_column type=\u00a0\u00bb4_4&Prime; _builder_version=\u00a0\u00bb4.21.0&Prime; _module_preset=\u00a0\u00bbdefault\u00a0\u00bb global_colors_info=\u00a0\u00bb{}\u00a0\u00bb][\/et_pb_column][\/et_pb_row][\/et_pb_section]<\/p>\n","protected":false},"excerpt":{"rendered":"<p>Programme leadershipMcCall MacBain X Al\u00e9oUn programme unique pour encourager les \u00e9tudiant\u00b7e\u00b7s-athl\u00e8tes universitaires s\u00e9lectionn\u00e9\u00b7e\u00b7s \u00e0 d\u00e9velopper leurs comp\u00e9tences en leadership, tout en conciliant leurs \u00e9tudes et leur sport!Le programmeLa Fondation Al\u00e9o en partenariat avec la Fondation McCall MacBain lance un tout nouveau programme misant sp\u00e9cifiquement sur le d\u00e9veloppement du leadership!\u00a0En plus des bourses de 4000$ qui [&hellip;]<\/p>\n","protected":false},"author":5,"featured_media":0,"parent":0,"menu_order":0,"comment_status":"closed","ping_status":"closed","template":"","meta":{"_et_pb_use_builder":"on","_et_pb_old_content":"","_et_gb_content_width":"","inline_featured_image":false,"footnotes":""},"class_list":["post-6528","page","type-page","status-publish","hentry"],"_links":{"self":[{"href":"https:\/\/fondationaleo.ca\/en\/wp-json\/wp\/v2\/pages\/6528","targetHints":{"allow":["GET"]}}],"collection":[{"href":"https:\/\/fondationaleo.ca\/en\/wp-json\/wp\/v2\/pages"}],"about":[{"href":"https:\/\/fondationaleo.ca\/en\/wp-json\/wp\/v2\/types\/page"}],"author":[{"embeddable":true,"href":"https:\/\/fondationaleo.ca\/en\/wp-json\/wp\/v2\/users\/5"}],"replies":[{"embeddable":true,"href":"https:\/\/fondationaleo.ca\/en\/wp-json\/wp\/v2\/comments?post=6528"}],"version-history":[{"count":0,"href":"https:\/\/fondationaleo.ca\/en\/wp-json\/wp\/v2\/pages\/6528\/revisions"}],"wp:attachment":[{"href":"https:\/\/fondationaleo.ca\/en\/wp-json\/wp\/v2\/media?parent=6528"}],"curies":[{"name":"wp","href":"https:\/\/api.w.org\/{rel}","templated":true}]}}