{"id":7784,"date":"2025-02-21T19:18:53","date_gmt":"2025-02-21T19:18:53","guid":{"rendered":"https:\/\/fondationaleo.ca\/?page_id=7784"},"modified":"2025-06-16T15:21:56","modified_gmt":"2025-06-16T15:21:56","slug":"generationsdimpact","status":"publish","type":"page","link":"https:\/\/fondationaleo.ca\/en\/generationsdimpact\/","title":{"rendered":"G\u00e9n\u00e9rations d&rsquo;impact"},"content":{"rendered":"<p>[et_pb_section fb_built=\u00a0\u00bb1&Prime; _builder_version=\u00a0\u00bb4.27.4&Prime; _module_preset=\u00a0\u00bbdefault\u00a0\u00bb background_color=\u00a0\u00bb#20385e\u00a0\u00bb background_image=\u00a0\u00bbhttps:\/\/fondationaleo.ca\/wp-content\/uploads\/2025\/05\/confetti-scaled.png\u00a0\u00bb parallax=\u00a0\u00bbon\u00a0\u00bb border_width_all=\u00a0\u00bb15px\u00a0\u00bb border_color_all=\u00a0\u00bb#4100F5&Prime; border_width_bottom=\u00a0\u00bb0px\u00a0\u00bb locked=\u00a0\u00bboff\u00a0\u00bb global_colors_info=\u00a0\u00bb{}\u00a0\u00bb][et_pb_row column_structure=\u00a0\u00bb1_2,1_2&Prime; use_custom_gutter=\u00a0\u00bbon\u00a0\u00bb gutter_width=\u00a0\u00bb1&Prime; _builder_version=\u00a0\u00bb4.27.4&Prime; _module_preset=\u00a0\u00bbdefault\u00a0\u00bb custom_padding=\u00a0\u00bb0px||||false|false\u00a0\u00bb global_colors_info=\u00a0\u00bb{}\u00a0\u00bb][et_pb_column type=\u00a0\u00bb1_2&Prime; _builder_version=\u00a0\u00bb4.27.4&Prime; _module_preset=\u00a0\u00bbdefault\u00a0\u00bb global_colors_info=\u00a0\u00bb{}\u00a0\u00bb][et_pb_text _builder_version=\u00a0\u00bb4.27.4&Prime; _module_preset=\u00a0\u00bb4174990c-c7fd-4fe0-b35e-af2c8240af30&Prime; header_text_align=\u00a0\u00bbleft\u00a0\u00bb header_font_size=\u00a0\u00bb33px\u00a0\u00bb custom_margin=\u00a0\u00bb3vw||1vw||false|false\u00a0\u00bb custom_margin_tablet=\u00a0\u00bb15%||10px||false|false\u00a0\u00bb custom_margin_phone=\u00a0\u00bb1vw||0px||false|false\u00a0\u00bb custom_margin_last_edited=\u00a0\u00bbon|phone\u00a0\u00bb header_font_size_phone=\u00a0\u00bb28px\u00a0\u00bb locked=\u00a0\u00bboff\u00a0\u00bb global_colors_info=\u00a0\u00bb{}\u00a0\u00bb custom_margin__hover_enabled=\u00a0\u00bboff|desktop\u00a0\u00bb]<\/p>\n<h1>Campagne<\/h1>\n<p>[\/et_pb_text][et_pb_code _builder_version=\u00a0\u00bb4.27.4&Prime; _module_preset=\u00a0\u00bbdefault\u00a0\u00bb width=\u00a0\u00bb75%\u00a0\u00bb width_tablet=\u00a0\u00bb80%\u00a0\u00bb width_phone=\u00a0\u00bb100%\u00a0\u00bb width_last_edited=\u00a0\u00bbon|phone\u00a0\u00bb global_colors_info=\u00a0\u00bb{}\u00a0\u00bb]<img decoding=\"async\" src=\"https:\/\/fondationaleo.ca\/wp-content\/uploads\/2025\/06\/gi-2lignes.svg\"<!-- [et_pb_line_break_holder] -->     alt=\u00a0\u00bbLogo de la campagne\u00a0\u00bb<!-- [et_pb_line_break_holder] -->     loading=\u00a0\u00bbeager\u00a0\u00bb<!-- [et_pb_line_break_holder] -->     width=\u00a0\u00bb100%\u00a0\u00bb height=\u00a0\u00bbauto\u00a0\u00bb>[\/et_pb_code][et_pb_code _builder_version=\u00a0\u00bb4.27.4&Prime; _module_preset=\u00a0\u00bbdefault\u00a0\u00bb global_colors_info=\u00a0\u00bb{}\u00a0\u00bb][\/et_pb_code][et_pb_text _builder_version=\u00a0\u00bb4.27.4&Prime; _module_preset=\u00a0\u00bbdefault\u00a0\u00bb text_text_color=\u00a0\u00bb#FFFFFF\u00a0\u00bb text_font_size=\u00a0\u00bb16px\u00a0\u00bb custom_margin=\u00a0\u00bb3vw||||false|false\u00a0\u00bb custom_margin_tablet=\u00a0\u00bb3vw||||false|false\u00a0\u00bb custom_margin_phone=\u00a0\u00bb5vw||||false|false\u00a0\u00bb custom_margin_last_edited=\u00a0\u00bbon|phone\u00a0\u00bb locked=\u00a0\u00bboff\u00a0\u00bb global_colors_info=\u00a0\u00bb{}\u00a0\u00bb]<\/p>\n<p><span data-contrast=\"none\">La campagne de financement <\/span><b><span data-contrast=\"none\">\u00abG\u00e9n\u00e9rations<\/span><\/b><b><span data-contrast=\"none\"> d\u2019impact\u00bb<\/span><\/b><span data-contrast=\"none\"> a \u00e9t\u00e9 lanc\u00e9e dans le cadre des festivit\u00e9s du 40<\/span><span data-contrast=\"none\">e<\/span><span data-contrast=\"none\"> anniversaire de la Fondation Al\u00e9o.\u00a0<\/span><\/p>\n<p><b><span data-contrast=\"none\">\u00abG\u00e9n\u00e9rations<\/span><\/b><b><span data-contrast=\"none\"> d\u2019impact\u00bb<\/span><\/b><span data-contrast=\"none\"> \u00e9voque, d\u2019une part, les diff\u00e9rentes g\u00e9n\u00e9rations de boursiers et boursi\u00e8res qui ont eu un impact dans leur milieu et dans la soci\u00e9t\u00e9 qu\u00e9b\u00e9coise depuis 1985. D\u2019autre part, il est \u00e9galement question de l\u2019action de g\u00e9n\u00e9rer des impacts en contribuant au succ\u00e8s de la Fondation Al\u00e9o.\u202f<\/span><\/p>\n<p>[\/et_pb_text][et_pb_text _builder_version=\u00a0\u00bb4.27.4&Prime; _module_preset=\u00a0\u00bbdefault\u00a0\u00bb header_text_color=\u00a0\u00bb#FFE400&Prime; header_font_size=\u00a0\u00bb33px\u00a0\u00bb custom_margin=\u00a0\u00bb2vw||||false|false\u00a0\u00bb custom_margin_tablet=\u00a0\u00bb2vw||||false|false\u00a0\u00bb custom_margin_phone=\u00a0\u00bb20px||20px||true|false\u00a0\u00bb custom_margin_last_edited=\u00a0\u00bbon|phone\u00a0\u00bb scroll_fade_enable=\u00a0\u00bbon\u00a0\u00bb scroll_fade=\u00a0\u00bb5|56|73|97|0|100|60%\u00a0\u00bb header_font_size_tablet=\u00a0\u00bb33px\u00a0\u00bb header_font_size_phone=\u00a0\u00bb18px\u00a0\u00bb header_font_size_last_edited=\u00a0\u00bbon|phone\u00a0\u00bb global_colors_info=\u00a0\u00bb{}\u00a0\u00bb]<\/p>\n<h1 style=\"text-align: left;\"><strong>OBJECTIF\u202f: 6 millions $ sur 3 ans<\/strong><\/h1>\n<p>[\/et_pb_text][\/et_pb_column][et_pb_column type=\u00a0\u00bb1_2&Prime; _builder_version=\u00a0\u00bb4.27.4&Prime; _module_preset=\u00a0\u00bbdefault\u00a0\u00bb global_colors_info=\u00a0\u00bb{}\u00a0\u00bb][et_pb_code _builder_version=\u00a0\u00bb4.27.4&Prime; _module_preset=\u00a0\u00bbdefault\u00a0\u00bb background_color=\u00a0\u00bb#f5f5f5&Prime; width=\u00a0\u00bb71%\u00a0\u00bb width_tablet=\u00a0\u00bb80%\u00a0\u00bb width_phone=\u00a0\u00bb100%\u00a0\u00bb width_last_edited=\u00a0\u00bbon|tablet\u00a0\u00bb module_alignment=\u00a0\u00bbright\u00a0\u00bb sticky_limit_bottom=\u00a0\u00bbsection\u00a0\u00bb module_alignment_tablet=\u00a0\u00bbcenter\u00a0\u00bb module_alignment_phone=\u00a0\u00bbcenter\u00a0\u00bb module_alignment_last_edited=\u00a0\u00bbon|phone\u00a0\u00bb border_radii=\u00a0\u00bbon|13px|13px|13px|13px\u00a0\u00bb border_width_all=\u00a0\u00bb12px\u00a0\u00bb border_color_all=\u00a0\u00bb#FFE400&Prime; global_colors_info=\u00a0\u00bb{}\u00a0\u00bb width__hover_enabled=\u00a0\u00bboff|desktop\u00a0\u00bb]<iframe loading=\"lazy\" src=\"https:\/\/www.canadahelps.org\/fr\/dn\/130982\" width=\"100%\" height=\"710\" frameborder=\"0\"><\/iframe><!-- [et_pb_line_break_holder] --><!-- [et_pb_line_break_holder] -->[\/et_pb_code][\/et_pb_column][\/et_pb_row][\/et_pb_section][et_pb_section fb_built=\u00a0\u00bb1&Prime; _builder_version=\u00a0\u00bb4.27.4&Prime; _module_preset=\u00a0\u00bbdefault\u00a0\u00bb background_color=\u00a0\u00bb#20385e\u00a0\u00bb use_background_color_gradient=\u00a0\u00bbon\u00a0\u00bb background_color_gradient_stops=\u00a0\u00bbrgba(65,0,245,0.79) 0%|rgba(65,0,245,0.8) 100%\u00a0\u00bb background_image=\u00a0\u00bbhttps:\/\/fondationaleo.ca\/wp-content\/uploads\/2025\/05\/confetti-scaled.png\u00a0\u00bb parallax=\u00a0\u00bbon\u00a0\u00bb vertical_offset=\u00a0\u00bb-10vw\u00a0\u00bb custom_padding=\u00a0\u00bb||2vw||false|false\u00a0\u00bb border_width_all=\u00a0\u00bb16px\u00a0\u00bb border_color_all=\u00a0\u00bb#4100F5&Prime; border_width_top=\u00a0\u00bb0px\u00a0\u00bb border_width_bottom=\u00a0\u00bb0px\u00a0\u00bb locked=\u00a0\u00bboff\u00a0\u00bb global_colors_info=\u00a0\u00bb{}\u00a0\u00bb][et_pb_row column_structure=\u00a0\u00bb1_2,1_2&Prime; use_custom_gutter=\u00a0\u00bbon\u00a0\u00bb _builder_version=\u00a0\u00bb4.27.4&Prime; _module_preset=\u00a0\u00bbdefault\u00a0\u00bb custom_margin=\u00a0\u00bb5vw||||false|false\u00a0\u00bb global_colors_info=\u00a0\u00bb{}\u00a0\u00bb][et_pb_column type=\u00a0\u00bb1_2&Prime; _builder_version=\u00a0\u00bb4.27.4&Prime; _module_preset=\u00a0\u00bbdefault\u00a0\u00bb global_colors_info=\u00a0\u00bb{}\u00a0\u00bb][et_pb_text _builder_version=\u00a0\u00bb4.27.4&Prime; _module_preset=\u00a0\u00bbdefault\u00a0\u00bb text_text_color=\u00a0\u00bb#FFFFFF\u00a0\u00bb header_2_text_align=\u00a0\u00bbleft\u00a0\u00bb header_2_text_color=\u00a0\u00bb#FFFFFF\u00a0\u00bb width=\u00a0\u00bb80%\u00a0\u00bb width_tablet=\u00a0\u00bb65%\u00a0\u00bb width_phone=\u00a0\u00bb90%\u00a0\u00bb width_last_edited=\u00a0\u00bbon|tablet\u00a0\u00bb custom_margin=\u00a0\u00bb||10px||false|false\u00a0\u00bb custom_padding=\u00a0\u00bb|||0px|false|false\u00a0\u00bb global_colors_info=\u00a0\u00bb{}\u00a0\u00bb]<\/p>\n<h2><span data-contrast=\"none\">Pourquoi la Fondation Al\u00e9o?<\/span><\/h2>\n<p>[\/et_pb_text][et_pb_divider color=\u00a0\u00bb#FFE400&Prime; divider_weight=\u00a0\u00bb6px\u00a0\u00bb _builder_version=\u00a0\u00bb4.27.4&Prime; _module_preset=\u00a0\u00bbdefault\u00a0\u00bb background_enable_color=\u00a0\u00bboff\u00a0\u00bb width=\u00a0\u00bb300px\u00a0\u00bb global_colors_info=\u00a0\u00bb{}\u00a0\u00bb][\/et_pb_divider][et_pb_text _builder_version=\u00a0\u00bb4.27.4&Prime; _module_preset=\u00a0\u00bbdefault\u00a0\u00bb text_text_color=\u00a0\u00bb#FFFFFF\u00a0\u00bb text_font_size=\u00a0\u00bb16px\u00a0\u00bb custom_margin=\u00a0\u00bb40px||||false|false\u00a0\u00bb locked=\u00a0\u00bboff\u00a0\u00bb global_colors_info=\u00a0\u00bb{}\u00a0\u00bb]<\/p>\n<p><span data-contrast=\"none\">Investir \u00e0 la Fondation Al\u00e9o c\u2019est <\/span><b><span data-contrast=\"none\">contribuer \u00e0 cr\u00e9er les prochaines g\u00e9n\u00e9rations d\u2019impact<\/span><\/b><span data-contrast=\"none\">, c\u2019est<\/span><b><span data-contrast=\"none\"> faire une diff\u00e9rence durable, tangible <\/span><\/b><span data-contrast=\"none\">et <\/span><span data-contrast=\"none\">provoquer<\/span><b><span data-contrast=\"none\">\u00a0l\u2019ascension de nouveaux philanthropes<\/span><\/b><span data-contrast=\"none\"> qui redonneront via la philanthropie circulaire!<\/span><span data-ccp-props=\"{&quot;134233117&quot;:false,&quot;134233118&quot;:false,&quot;335559685&quot;:0,&quot;335559738&quot;:0,&quot;335559739&quot;:0}\">\u00a0<\/span><\/p>\n<p><span data-ccp-props=\"{}\">\u00a0<\/span><\/p>\n<p>[\/et_pb_text][\/et_pb_column][et_pb_column type=\u00a0\u00bb1_2&Prime; _builder_version=\u00a0\u00bb4.27.4&Prime; _module_preset=\u00a0\u00bbdefault\u00a0\u00bb global_colors_info=\u00a0\u00bb{}\u00a0\u00bb][et_pb_text _builder_version=\u00a0\u00bb4.27.4&Prime; _module_preset=\u00a0\u00bbdefault\u00a0\u00bb text_text_color=\u00a0\u00bb#FFFFFF\u00a0\u00bb header_2_text_align=\u00a0\u00bbleft\u00a0\u00bb header_2_text_color=\u00a0\u00bb#FFFFFF\u00a0\u00bb header_2_line_height=\u00a0\u00bb1.5em\u00a0\u00bb width=\u00a0\u00bb80%\u00a0\u00bb width_tablet=\u00a0\u00bb65%\u00a0\u00bb width_phone=\u00a0\u00bb90%\u00a0\u00bb width_last_edited=\u00a0\u00bbon|tablet\u00a0\u00bb custom_margin=\u00a0\u00bb||10px||false|false\u00a0\u00bb custom_padding=\u00a0\u00bb|||0px|false|false\u00a0\u00bb global_colors_info=\u00a0\u00bb{}\u00a0\u00bb]<\/p>\n<h2>Philanthropie circulaire<sup class=\"mo-expo\">M<span class=\"underline\">O<\/span><\/sup><\/h2>\n<p>[\/et_pb_text][et_pb_divider color=\u00a0\u00bb#FFE400&Prime; divider_weight=\u00a0\u00bb6px\u00a0\u00bb _builder_version=\u00a0\u00bb4.27.4&Prime; _module_preset=\u00a0\u00bbdefault\u00a0\u00bb background_enable_color=\u00a0\u00bboff\u00a0\u00bb width=\u00a0\u00bb300px\u00a0\u00bb global_colors_info=\u00a0\u00bb{}\u00a0\u00bb][\/et_pb_divider][et_pb_text _builder_version=\u00a0\u00bb4.27.4&Prime; _module_preset=\u00a0\u00bbdefault\u00a0\u00bb text_text_color=\u00a0\u00bb#FFFFFF\u00a0\u00bb text_font_size=\u00a0\u00bb16px\u00a0\u00bb custom_margin=\u00a0\u00bb40px||||false|false\u00a0\u00bb locked=\u00a0\u00bboff\u00a0\u00bb global_colors_info=\u00a0\u00bb{}\u00a0\u00bb]<\/p>\n<p><span data-contrast=\"auto\">Mouvement de g\u00e9n\u00e9rosit\u00e9 qui initie la culture philanthropique aupr\u00e8s des b\u00e9n\u00e9ficiaires d\u00e8s leur premi\u00e8re bourse par diff\u00e9rents gestes de partage non mon\u00e9taires et, \u00e0 terme, les am\u00e8ne \u00e0 inverser les r\u00f4les pour redonner financi\u00e8rement au mouvement afin d\u2019alimenter la roue de cr\u00e9ation de revenus au b\u00e9n\u00e9fice des \u00e9tudiant\u00b7e\u00b7s-athl\u00e8tes qui leur succ\u00e8dent. <\/span><span data-contrast=\"auto\">C\u2019est un cercle vertueux !<\/span><\/p>\n<p><span data-contrast=\"none\">En plus des bourses, la Fondation Al\u00e9o d\u00e9ploie des <\/span><b><span data-contrast=\"none\">services d\u2019accompagnement \u00e0 vie<\/span><\/b><span data-contrast=\"none\"> \u00e0 chacun\u00b7e des boursiers et boursi\u00e8res. Ces services leur sont offerts pendant et apr\u00e8s leurs parcours sportif et acad\u00e9mique, \u00e0 n\u2019importe quel moment ou transition de leur vie.\u202f<\/span><span data-ccp-props=\"{&quot;134233117&quot;:false,&quot;134233118&quot;:false,&quot;335559738&quot;:0,&quot;335559739&quot;:0}\">\u00a0<\/span><\/p>\n<p><span data-ccp-props=\"{}\">\u00a0<\/span><\/p>\n<p>[\/et_pb_text][\/et_pb_column][\/et_pb_row][\/et_pb_section][et_pb_section fb_built=\u00a0\u00bb1&Prime; _builder_version=\u00a0\u00bb4.27.4&Prime; _module_preset=\u00a0\u00bbdefault\u00a0\u00bb background_color=\u00a0\u00bb#20385e\u00a0\u00bb background_image=\u00a0\u00bbhttps:\/\/fondationaleo.ca\/wp-content\/uploads\/2025\/05\/confetti-scaled.png\u00a0\u00bb parallax=\u00a0\u00bbon\u00a0\u00bb vertical_offset=\u00a0\u00bb-10vw\u00a0\u00bb custom_margin=\u00a0\u00bb||||false|false\u00a0\u00bb hover_enabled=\u00a0\u00bb0&Prime; border_width_all=\u00a0\u00bb10px\u00a0\u00bb border_color_all=\u00a0\u00bb#4100F5&Prime; border_width_top=\u00a0\u00bb0px\u00a0\u00bb border_width_right=\u00a0\u00bb15px\u00a0\u00bb border_width_bottom=\u00a0\u00bb0px\u00a0\u00bb border_width_left=\u00a0\u00bb15px\u00a0\u00bb locked=\u00a0\u00bboff\u00a0\u00bb global_colors_info=\u00a0\u00bb{}\u00a0\u00bb sticky_enabled=\u00a0\u00bb0&Prime;][et_pb_row module_id=\u00a0\u00bbDefi-808-Bonneville\u00a0\u00bb _builder_version=\u00a0\u00bb4.27.4&Prime; _module_preset=\u00a0\u00bbdefault\u00a0\u00bb width_tablet=\u00a0\u00bb\u00a0\u00bb width_phone=\u00a0\u00bb100%\u00a0\u00bb width_last_edited=\u00a0\u00bbon|phone\u00a0\u00bb custom_margin=\u00a0\u00bb||||false|false\u00a0\u00bb custom_margin_tablet=\u00a0\u00bb||||false|false\u00a0\u00bb custom_margin_phone=\u00a0\u00bb\u00a0\u00bb custom_margin_last_edited=\u00a0\u00bbon|tablet\u00a0\u00bb custom_padding=\u00a0\u00bb0px||||false|false\u00a0\u00bb locked=\u00a0\u00bboff\u00a0\u00bb global_colors_info=\u00a0\u00bb{}\u00a0\u00bb][et_pb_column type=\u00a0\u00bb4_4&Prime; _builder_version=\u00a0\u00bb4.16&Prime; _module_preset=\u00a0\u00bbdefault\u00a0\u00bb global_colors_info=\u00a0\u00bb{}\u00a0\u00bb][et_pb_video src=\u00a0\u00bbhttps:\/\/www.youtube.com\/watch?v=oE-Qe88H6DQ\u00a0\u00bb _builder_version=\u00a0\u00bb4.27.4&Prime; _module_preset=\u00a0\u00bbdefault\u00a0\u00bb animation_style=\u00a0\u00bbslide\u00a0\u00bb animation_direction=\u00a0\u00bbbottom\u00a0\u00bb animation_duration=\u00a0\u00bb800ms\u00a0\u00bb animation_delay=\u00a0\u00bb50ms\u00a0\u00bb animation_intensity_slide=\u00a0\u00bb3%\u00a0\u00bb global_colors_info=\u00a0\u00bb{}\u00a0\u00bb][\/et_pb_video][\/et_pb_column][\/et_pb_row][et_pb_row _builder_version=\u00a0\u00bb4.27.4&Prime; _module_preset=\u00a0\u00bbdefault\u00a0\u00bb custom_margin=\u00a0\u00bb0px||||false|false\u00a0\u00bb custom_padding=\u00a0\u00bb0px||||false|false\u00a0\u00bb animation_style=\u00a0\u00bbslide\u00a0\u00bb animation_direction=\u00a0\u00bbbottom\u00a0\u00bb animation_delay=\u00a0\u00bb100ms\u00a0\u00bb animation_intensity_slide=\u00a0\u00bb3%\u00a0\u00bb global_colors_info=\u00a0\u00bb{}\u00a0\u00bb][et_pb_column type=\u00a0\u00bb4_4&Prime; _builder_version=\u00a0\u00bb4.27.4&Prime; _module_preset=\u00a0\u00bbdefault\u00a0\u00bb global_colors_info=\u00a0\u00bb{}\u00a0\u00bb][et_pb_text quote_border_weight=\u00a0\u00bb10px\u00a0\u00bb quote_border_color=\u00a0\u00bb#FFE400&Prime; _builder_version=\u00a0\u00bb4.27.4&Prime; _module_preset=\u00a0\u00bbdefault\u00a0\u00bb quote_text_color=\u00a0\u00bb#FFFFFF\u00a0\u00bb quote_font_size=\u00a0\u00bb17px\u00a0\u00bb width=\u00a0\u00bb80%\u00a0\u00bb width_tablet=\u00a0\u00bb80%\u00a0\u00bb width_phone=\u00a0\u00bb95%\u00a0\u00bb width_last_edited=\u00a0\u00bbon|phone\u00a0\u00bb global_colors_info=\u00a0\u00bb{}\u00a0\u00bb]<\/p>\n<blockquote>\n<p><b><i><span lang=\"FR\">F\u00e9lix<\/span><\/i><\/b><b><i><span lang=\"FR\">\u202f<\/span><\/i><\/b><b><i><span lang=\"FR\">Dolci<\/span><\/i><\/b><i><span lang=\"FR\">, gymnaste, Olympien des Jeux de Paris 2024 et boursier depuis 2015, est le fier porte-parole la campagne G\u00e9n\u00e9rations d&rsquo;impact. F\u00e9lix a \u00e9t\u00e9 sacr\u00e9 champion du concours multiple et des exercices au sol des Jeux panam\u00e9ricains de 2023, devenant ainsi le premier Canadien en 60 ans \u00e0 remporter ce titre. Pr\u00e9c\u00e9demment, en 2019, il a \u00e9galement \u00e9t\u00e9 couronn\u00e9 champion du monde junior aux anneaux.<\/span><\/i><\/p>\n<\/blockquote>\n<p>[\/et_pb_text][\/et_pb_column][\/et_pb_row][et_pb_row module_id=\u00a0\u00bbDefi-808-Bonneville\u00a0\u00bb _builder_version=\u00a0\u00bb4.27.4&Prime; _module_preset=\u00a0\u00bbdefault\u00a0\u00bb custom_margin=\u00a0\u00bb2%||||false|false\u00a0\u00bb custom_margin_tablet=\u00a0\u00bb||||false|false\u00a0\u00bb custom_margin_phone=\u00a0\u00bb\u00a0\u00bb custom_margin_last_edited=\u00a0\u00bbon|tablet\u00a0\u00bb animation_style=\u00a0\u00bbslide\u00a0\u00bb animation_direction=\u00a0\u00bbbottom\u00a0\u00bb animation_delay=\u00a0\u00bb50ms\u00a0\u00bb animation_intensity_slide=\u00a0\u00bb2%\u00a0\u00bb locked=\u00a0\u00bboff\u00a0\u00bb global_colors_info=\u00a0\u00bb{}\u00a0\u00bb][et_pb_column type=\u00a0\u00bb4_4&Prime; _builder_version=\u00a0\u00bb4.16&Prime; _module_preset=\u00a0\u00bbdefault\u00a0\u00bb global_colors_info=\u00a0\u00bb{}\u00a0\u00bb][et_pb_text _builder_version=\u00a0\u00bb4.27.4&Prime; _module_preset=\u00a0\u00bbdefault\u00a0\u00bb text_text_color=\u00a0\u00bb#FFFFFF\u00a0\u00bb header_2_text_align=\u00a0\u00bbleft\u00a0\u00bb header_2_text_color=\u00a0\u00bb#FFFFFF\u00a0\u00bb width=\u00a0\u00bb60%\u00a0\u00bb width_tablet=\u00a0\u00bb65%\u00a0\u00bb width_phone=\u00a0\u00bb90%\u00a0\u00bb width_last_edited=\u00a0\u00bbon|tablet\u00a0\u00bb custom_margin=\u00a0\u00bb||10px||false|false\u00a0\u00bb custom_padding=\u00a0\u00bb|||0px|false|false\u00a0\u00bb global_colors_info=\u00a0\u00bb{}\u00a0\u00bb]<\/p>\n<h2>D\u00e9couvrez comment soutenir la jeunesse qu\u00e9b\u00e9coise avec la Fondation Al\u00e9o<\/h2>\n<p>[\/et_pb_text][et_pb_divider color=\u00a0\u00bb#FFE400&Prime; divider_weight=\u00a0\u00bb6px\u00a0\u00bb _builder_version=\u00a0\u00bb4.27.4&Prime; _module_preset=\u00a0\u00bbdefault\u00a0\u00bb background_enable_color=\u00a0\u00bboff\u00a0\u00bb width=\u00a0\u00bb300px\u00a0\u00bb global_colors_info=\u00a0\u00bb{}\u00a0\u00bb][\/et_pb_divider][\/et_pb_column][\/et_pb_row][et_pb_row column_structure=\u00a0\u00bb1_4,1_4,1_4,1_4&Prime; use_custom_gutter=\u00a0\u00bbon\u00a0\u00bb gutter_width=\u00a0\u00bb2&Prime; make_equal=\u00a0\u00bbon\u00a0\u00bb _builder_version=\u00a0\u00bb4.27.4&Prime; _module_preset=\u00a0\u00bbdefault\u00a0\u00bb animation_style=\u00a0\u00bbslide\u00a0\u00bb animation_direction=\u00a0\u00bbbottom\u00a0\u00bb animation_delay=\u00a0\u00bb50ms\u00a0\u00bb animation_intensity_slide=\u00a0\u00bb3%\u00a0\u00bb global_colors_info=\u00a0\u00bb{}\u00a0\u00bb][et_pb_column type=\u00a0\u00bb1_4&Prime; _builder_version=\u00a0\u00bb4.27.4&Prime; _module_preset=\u00a0\u00bbdefault\u00a0\u00bb global_colors_info=\u00a0\u00bb{}\u00a0\u00bb][\/et_pb_column][et_pb_column type=\u00a0\u00bb1_4&Prime; _builder_version=\u00a0\u00bb4.27.4&Prime; _module_preset=\u00a0\u00bbdefault\u00a0\u00bb global_colors_info=\u00a0\u00bb{}\u00a0\u00bb][et_pb_blurb url=\u00a0\u00bbhttps:\/\/fondationaleo.ca\/acces-nouvelle-generation\/\u00a0\u00bb image=\u00a0\u00bbhttps:\/\/fondationaleo.ca\/wp-content\/uploads\/2025\/05\/access-nouvelle-generation-bleu-o-blanc-2-scaled.png\u00a0\u00bb icon_placement=\u00a0\u00bbtop\u00a0\u00bb image_icon_width=\u00a0\u00bb90%\u00a0\u00bb module_class=\u00a0\u00bbclickable-blurb\u00a0\u00bb _builder_version=\u00a0\u00bb4.27.4&Prime; _module_preset=\u00a0\u00bbdefault\u00a0\u00bb background_color=\u00a0\u00bb#54FDBF\u00a0\u00bb custom_padding=\u00a0\u00bb50px||30px||false|false\u00a0\u00bb global_colors_info=\u00a0\u00bb{}\u00a0\u00bb background__hover_enabled=\u00a0\u00bbon|hover\u00a0\u00bb background_color__hover=\u00a0\u00bb#4100F5&Prime; background_enable_color__hover=\u00a0\u00bbon\u00a0\u00bb child_filter_brightness__hover_enabled=\u00a0\u00bbon|hover\u00a0\u00bb child_filter_brightness__hover=\u00a0\u00bb0%\u00a0\u00bb child_filter_invert__hover_enabled=\u00a0\u00bbon|hover\u00a0\u00bb child_filter_invert__hover=\u00a0\u00bb100%\u00a0\u00bb border_radii__hover_enabled=\u00a0\u00bbon|hover\u00a0\u00bb border_radii__hover=\u00a0\u00bbon|14px|14px|14px|14px\u00a0\u00bb][\/et_pb_blurb][\/et_pb_column][et_pb_column type=\u00a0\u00bb1_4&Prime; _builder_version=\u00a0\u00bb4.27.4&Prime; _module_preset=\u00a0\u00bbdefault\u00a0\u00bb global_colors_info=\u00a0\u00bb{}\u00a0\u00bb][et_pb_blurb url=\u00a0\u00bbhttps:\/\/fondationaleo.ca\/donnez-au-suivant\/\u00a0\u00bb image=\u00a0\u00bbhttps:\/\/fondationaleo.ca\/wp-content\/uploads\/2025\/05\/donnez-au-suivant-3-scaled.png\u00a0\u00bb icon_placement=\u00a0\u00bbtop\u00a0\u00bb image_icon_width=\u00a0\u00bb90%\u00a0\u00bb module_class=\u00a0\u00bbclickable-blurb\u00a0\u00bb _builder_version=\u00a0\u00bb4.27.4&Prime; _module_preset=\u00a0\u00bbdefault\u00a0\u00bb background_color=\u00a0\u00bb#ff5092&Prime; custom_padding=\u00a0\u00bb50px||30px||false|false\u00a0\u00bb global_colors_info=\u00a0\u00bb{}\u00a0\u00bb background__hover_enabled=\u00a0\u00bbon|hover\u00a0\u00bb background_color__hover=\u00a0\u00bb#4100F5&Prime; background_enable_color__hover=\u00a0\u00bbon\u00a0\u00bb child_filter_brightness__hover_enabled=\u00a0\u00bbon|hover\u00a0\u00bb child_filter_brightness__hover=\u00a0\u00bb0%\u00a0\u00bb child_filter_invert__hover_enabled=\u00a0\u00bbon|hover\u00a0\u00bb child_filter_invert__hover=\u00a0\u00bb100%\u00a0\u00bb border_radii__hover_enabled=\u00a0\u00bbon|hover\u00a0\u00bb border_radii__hover=\u00a0\u00bbon|14px|14px|14px|14px\u00a0\u00bb][\/et_pb_blurb][\/et_pb_column][et_pb_column type=\u00a0\u00bb1_4&Prime; _builder_version=\u00a0\u00bb4.27.4&Prime; _module_preset=\u00a0\u00bbdefault\u00a0\u00bb global_colors_info=\u00a0\u00bb{}\u00a0\u00bb][\/et_pb_column][\/et_pb_row][\/et_pb_section]<\/p>\n","protected":false},"excerpt":{"rendered":"<p>CampagneLa campagne de financement \u00abG\u00e9n\u00e9rations d\u2019impact\u00bb a \u00e9t\u00e9 lanc\u00e9e dans le cadre des festivit\u00e9s du 40e anniversaire de la Fondation Al\u00e9o.\u00a0 \u00abG\u00e9n\u00e9rations d\u2019impact\u00bb \u00e9voque, d\u2019une part, les diff\u00e9rentes g\u00e9n\u00e9rations de boursiers et boursi\u00e8res qui ont eu un impact dans leur milieu et dans la soci\u00e9t\u00e9 qu\u00e9b\u00e9coise depuis 1985. D\u2019autre part, il est \u00e9galement question de [&hellip;]<\/p>\n","protected":false},"author":5,"featured_media":0,"parent":0,"menu_order":0,"comment_status":"closed","ping_status":"closed","template":"","meta":{"_et_pb_use_builder":"on","_et_pb_old_content":"","_et_gb_content_width":"","inline_featured_image":false,"footnotes":""},"class_list":["post-7784","page","type-page","status-publish","hentry"],"_links":{"self":[{"href":"https:\/\/fondationaleo.ca\/en\/wp-json\/wp\/v2\/pages\/7784","targetHints":{"allow":["GET"]}}],"collection":[{"href":"https:\/\/fondationaleo.ca\/en\/wp-json\/wp\/v2\/pages"}],"about":[{"href":"https:\/\/fondationaleo.ca\/en\/wp-json\/wp\/v2\/types\/page"}],"author":[{"embeddable":true,"href":"https:\/\/fondationaleo.ca\/en\/wp-json\/wp\/v2\/users\/5"}],"replies":[{"embeddable":true,"href":"https:\/\/fondationaleo.ca\/en\/wp-json\/wp\/v2\/comments?post=7784"}],"version-history":[{"count":0,"href":"https:\/\/fondationaleo.ca\/en\/wp-json\/wp\/v2\/pages\/7784\/revisions"}],"wp:attachment":[{"href":"https:\/\/fondationaleo.ca\/en\/wp-json\/wp\/v2\/media?parent=7784"}],"curies":[{"name":"wp","href":"https:\/\/api.w.org\/{rel}","templated":true}]}}