{"id":8645,"date":"2025-12-15T19:05:02","date_gmt":"2025-12-15T19:05:02","guid":{"rendered":"https:\/\/fondationaleo.ca\/?page_id=8645"},"modified":"2026-04-22T22:20:32","modified_gmt":"2026-04-22T22:20:32","slug":"a-vos-marques","status":"publish","type":"page","link":"https:\/\/fondationaleo.ca\/en\/a-vos-marques\/","title":{"rendered":"Programme \u00c0 vos marques"},"content":{"rendered":"<p>[et_pb_section fb_built=\u00a0\u00bb1&Prime; admin_label=\u00a0\u00bbHero &#8211; Section\u00a0\u00bb module_class=\u00a0\u00bbgradient-overlay\u00a0\u00bb _builder_version=\u00a0\u00bb4.27.4&Prime; _module_preset=\u00a0\u00bbdf9e349b-e74a-4278-a6b0-e8745b7adebe\u00a0\u00bb background_color_gradient_stops=\u00a0\u00bb#0a0000 0%|rgba(16,47,87,0) 100%\u00a0\u00bb background_color_gradient_start=\u00a0\u00bb#0a0000&Prime; background_color_gradient_end=\u00a0\u00bbrgba(16,47,87,0)\u00a0\u00bb background_image=\u00a0\u00bbhttps:\/\/fondationaleo.ca\/wp-content\/uploads\/2025\/12\/entete-tierce-partie.png\u00a0\u00bb min_height=\u00a0\u00bb200px\u00a0\u00bb max_height=\u00a0\u00bb700px\u00a0\u00bb custom_padding_phone=\u00a0\u00bb25px||25px||false|false\u00a0\u00bb global_colors_info=\u00a0\u00bb{}\u00a0\u00bb][et_pb_row _builder_version=\u00a0\u00bb4.27.4&Prime; _module_preset=\u00a0\u00bbdefault\u00a0\u00bb global_colors_info=\u00a0\u00bb{}\u00a0\u00bb][et_pb_column type=\u00a0\u00bb4_4&Prime; _builder_version=\u00a0\u00bb4.16&Prime; _module_preset=\u00a0\u00bbdefault\u00a0\u00bb global_colors_info=\u00a0\u00bb{}\u00a0\u00bb][et_pb_text _builder_version=\u00a0\u00bb4.27.4&Prime; _module_preset=\u00a0\u00bb4174990c-c7fd-4fe0-b35e-af2c8240af30&Prime; text_text_color=\u00a0\u00bb#54FDBF\u00a0\u00bb header_text_color=\u00a0\u00bb#54FDBF\u00a0\u00bb header_font_size=\u00a0\u00bb70px\u00a0\u00bb global_colors_info=\u00a0\u00bb{}\u00a0\u00bb]<\/p>\n<h1>Programme<br \/>\u00c0 vos marques<\/h1>\n<p>[\/et_pb_text][\/et_pb_column][\/et_pb_row][\/et_pb_section][et_pb_section fb_built=\u00a0\u00bb1&Prime; admin_label=\u00a0\u00bbAbout I &#8211; Section\u00a0\u00bb _builder_version=\u00a0\u00bb4.21.0&Prime; _module_preset=\u00a0\u00bbdefault\u00a0\u00bb custom_padding=\u00a0\u00bb25px||25px||false|false\u00a0\u00bb global_colors_info=\u00a0\u00bb{}\u00a0\u00bb][et_pb_row column_structure=\u00a0\u00bb1_2,1_2&Prime; _builder_version=\u00a0\u00bb4.21.0&Prime; _module_preset=\u00a0\u00bbdefault\u00a0\u00bb custom_css_main_element=\u00a0\u00bbdisplay: flex;||align-items: center;\u00a0\u00bb global_colors_info=\u00a0\u00bb{}\u00a0\u00bb custom_css_main_element_last_edited=\u00a0\u00bbon|tablet\u00a0\u00bb custom_css_main_element_tablet=\u00a0\u00bbdisplay: block;\u00a0\u00bb custom_css_main_element_phone=\u00a0\u00bbdisplay: block;\u00a0\u00bb][et_pb_column type=\u00a0\u00bb1_2&Prime; _builder_version=\u00a0\u00bb4.16&Prime; _module_preset=\u00a0\u00bbdefault\u00a0\u00bb global_colors_info=\u00a0\u00bb{}\u00a0\u00bb][et_pb_text _builder_version=\u00a0\u00bb4.27.6&Prime; _module_preset=\u00a0\u00bb8805badd-7a41-4da9-8c45-1a83f3b17007&Prime; text_text_color=\u00a0\u00bb#0a0a0a\u00a0\u00bb background_color=\u00a0\u00bb#54FDBF\u00a0\u00bb transform_skew=\u00a0\u00bb0deg|0deg\u00a0\u00bb width=\u00a0\u00bb300px\u00a0\u00bb custom_margin=\u00a0\u00bb15px||-10px||false|false\u00a0\u00bb link_option_url=\u00a0\u00bbhttps:\/\/www.canadahelps.org\/fr\/organismesdebienfaisance\/FondationAleo\/p2p\/avosmarques\/page\/aidez-nous-a-supporter-un-recipiendaire-de-la-fondation-aleo\u00a0\u00bb link_option_url_new_window=\u00a0\u00bbon\u00a0\u00bb hover_enabled=\u00a0\u00bb0&Prime; text_text_color_tablet=\u00a0\u00bb#0a0a0a\u00a0\u00bb text_text_color_phone=\u00a0\u00bb#0a0a0a\u00a0\u00bb text_text_color_last_edited=\u00a0\u00bbon|desktop\u00a0\u00bb locked=\u00a0\u00bboff\u00a0\u00bb global_colors_info=\u00a0\u00bb{}\u00a0\u00bb background_color__hover=\u00a0\u00bb#4100F5&Prime; transform_skew__hover=\u00a0\u00bb0deg|0deg\u00a0\u00bb transform_translate__hover=\u00a0\u00bb0px|0px\u00a0\u00bb content__hover_enabled=\u00a0\u00bbon|hover\u00a0\u00bb text_text_color__hover_enabled=\u00a0\u00bbon|hover\u00a0\u00bb text_text_color__hover=\u00a0\u00bb#ffffff\u00a0\u00bb content__hover=\u00a0\u00bb<\/p>\n<p>Nos collectes en cours<\/p>\n<p>\u00a0\u00bb sticky_enabled=\u00a0\u00bb0&Prime;]<\/p>\n<p>Nos collectes en cours<\/p>\n<p>[\/et_pb_text][et_pb_text _builder_version=\u00a0\u00bb4.27.6&Prime; _module_preset=\u00a0\u00bbdefault\u00a0\u00bb hover_enabled=\u00a0\u00bb0&Prime; global_colors_info=\u00a0\u00bb{}\u00a0\u00bb custom_margin=\u00a0\u00bb20px||10px||false|false\u00a0\u00bb sticky_enabled=\u00a0\u00bb0&Prime; text_text_color=\u00a0\u00bb#4100F5&Prime; header_text_color=\u00a0\u00bb#0A0A0A\u00a0\u00bb]<\/p>\n<h2>Le programme<\/h2>\n<p>[\/et_pb_text][et_pb_text _builder_version=\u00a0\u00bb4.27.4&Prime; _module_preset=\u00a0\u00bbdefault\u00a0\u00bb global_colors_info=\u00a0\u00bb{}\u00a0\u00bb]<\/p>\n<p>Vous aimeriez amasser des fonds pour les \u00e9tudiant\u00b7e\u00b7s-athl\u00e8tes du Qu\u00e9bec? Vous avez un d\u00e9fi qui pourrait vous permettre de mobiliser des donateurs potentiels autour de votre cause? <strong>Le programme \u00c0 vos marques, de la Fondation Al\u00e9o, est b\u00e2ti pour vous.<\/strong><\/p>\n<p>Que ce soit lors d\u2019un d\u00e9fi sportif, une aventure ou une activit\u00e9 rassembleuse en solo ou en \u00e9quipe, vous pouvez d\u00e9sormais lancer <strong>votre propre collecte de fonds<\/strong> au profit de la Fondation Al\u00e9o.<\/p>\n<p>Depuis 2023, des dizaines de participants et d\u2019\u00e9quipes ont <strong>uni leurs forces<\/strong> lors du Marathon Beneva de Montr\u00e9al. Ils et elles ont choisi leur d\u00e9fi et ont amass\u00e9 pr\u00e8s de 100\u00a0000$ pour la mission de la Fondation Al\u00e9o.<\/p>\n<p>Comme Al\u00e9o soutient des \u00e9tudiant\u00b7e\u00b7s-atlh\u00e8tes de partout au Qu\u00e9bec et a un impact dans toutes les r\u00e9gions de la province,<strong> le Programme \u00c0 vos marques permet d\u00e9sormais d\u2019\u00e9tendre les possibilit\u00e9s<\/strong> de collectes avec plus de flexibilit\u00e9.<\/p>\n<p>Trouvez le bon d\u00e9fi pour vous! <span data-teams=\"true\">D\u00e9fi de v\u00e9lo, courses de longue distance, record Guinness, ascension d&rsquo;une montagne, le Chemin de Compostelle, un 24h d&rsquo;exercice sans arr\u00eat, une longue travers\u00e9e en embarcation ou \u00e0 la nage! <\/span>Que vous soyez en solitaire ou en \u00e9quipe, utilisez la cause de la Fondation Al\u00e9o pour vous motiver! Nous aurons une bo\u00eete \u00e0 outils personnalis\u00e9e pour vous, \u00e0 votre page de collectes. Ensemble, pour les \u00e9tudiant\u00b7e\u00b7s-athl\u00e8tes!<\/p>\n<p>&nbsp;<\/p>\n<p>[\/et_pb_text][et_pb_text _builder_version=\u00a0\u00bb4.27.4&Prime; _module_preset=\u00a0\u00bb8805badd-7a41-4da9-8c45-1a83f3b17007&Prime; text_text_color=\u00a0\u00bb#0a0a0a\u00a0\u00bb background_color=\u00a0\u00bb#fff500&Prime; transform_skew=\u00a0\u00bb0deg|0deg\u00a0\u00bb width=\u00a0\u00bb300px\u00a0\u00bb custom_margin=\u00a0\u00bb-30px||||false|false\u00a0\u00bb link_option_url=\u00a0\u00bbmailto:marie-eve@fondationaleo.ca\u00a0\u00bb link_option_url_new_window=\u00a0\u00bbon\u00a0\u00bb hover_enabled=\u00a0\u00bb0&Prime; text_text_color_tablet=\u00a0\u00bb#0a0a0a\u00a0\u00bb text_text_color_phone=\u00a0\u00bb#0a0a0a\u00a0\u00bb text_text_color_last_edited=\u00a0\u00bbon|desktop\u00a0\u00bb locked=\u00a0\u00bboff\u00a0\u00bb global_colors_info=\u00a0\u00bb{}\u00a0\u00bb background_color__hover=\u00a0\u00bb#4100F5&Prime; transform_skew__hover=\u00a0\u00bb0deg|0deg\u00a0\u00bb transform_translate__hover=\u00a0\u00bb0px|0px\u00a0\u00bb content__hover_enabled=\u00a0\u00bbon|hover\u00a0\u00bb text_text_color__hover_enabled=\u00a0\u00bbon|hover\u00a0\u00bb text_text_color__hover=\u00a0\u00bb#ffffff\u00a0\u00bb content__hover=\u00a0\u00bb<\/p>\n<p>Cr\u00e9ez votre collecte <br \/>de fonds<\/p>\n<p>\u00a0\u00bb sticky_enabled=\u00a0\u00bb0&Prime;]<\/p>\n<p>Cr\u00e9ez votre collecte<br \/>de fonds<\/p>\n<p>[\/et_pb_text][\/et_pb_column][et_pb_column type=\u00a0\u00bb1_2&Prime; _builder_version=\u00a0\u00bb4.16&Prime; _module_preset=\u00a0\u00bbdefault\u00a0\u00bb global_colors_info=\u00a0\u00bb{}\u00a0\u00bb][et_pb_image src=\u00a0\u00bbhttps:\/\/fondationaleo.ca\/wp-content\/uploads\/2025\/12\/A-vos-marques-1.png\u00a0\u00bb title_text=\u00a0\u00bbA vos marques 1&Prime; _builder_version=\u00a0\u00bb4.27.4&Prime; _module_preset=\u00a0\u00bbdefault\u00a0\u00bb global_colors_info=\u00a0\u00bb{}\u00a0\u00bb][\/et_pb_image][\/et_pb_column][\/et_pb_row][et_pb_row column_structure=\u00a0\u00bb1_2,1_2&Prime; _builder_version=\u00a0\u00bb4.21.0&Prime; _module_preset=\u00a0\u00bbdefault\u00a0\u00bb custom_css_main_element=\u00a0\u00bbdisplay: flex;||align-items: center;\u00a0\u00bb global_colors_info=\u00a0\u00bb{}\u00a0\u00bb custom_css_main_element_last_edited=\u00a0\u00bbon|tablet\u00a0\u00bb custom_css_main_element_tablet=\u00a0\u00bbdisplay: block;\u00a0\u00bb custom_css_main_element_phone=\u00a0\u00bbdisplay: block;\u00a0\u00bb][et_pb_column type=\u00a0\u00bb1_2&Prime; _builder_version=\u00a0\u00bb4.16&Prime; _module_preset=\u00a0\u00bbdefault\u00a0\u00bb global_colors_info=\u00a0\u00bb{}\u00a0\u00bb][et_pb_image src=\u00a0\u00bbhttps:\/\/fondationaleo.ca\/wp-content\/uploads\/2025\/12\/a-vos-marques-7.png\u00a0\u00bb title_text=\u00a0\u00bba vos marques 7&Prime; _builder_version=\u00a0\u00bb4.27.4&Prime; _module_preset=\u00a0\u00bbdefault\u00a0\u00bb global_colors_info=\u00a0\u00bb{}\u00a0\u00bb][\/et_pb_image][\/et_pb_column][et_pb_column type=\u00a0\u00bb1_2&Prime; _builder_version=\u00a0\u00bb4.16&Prime; _module_preset=\u00a0\u00bbdefault\u00a0\u00bb global_colors_info=\u00a0\u00bb{}\u00a0\u00bb][et_pb_text _builder_version=\u00a0\u00bb4.27.4&Prime; _module_preset=\u00a0\u00bbdefault\u00a0\u00bb custom_margin=\u00a0\u00bb-25px||||false|false\u00a0\u00bb global_colors_info=\u00a0\u00bb{}\u00a0\u00bb]<\/p>\n<h2>Votre don remis <br \/>\u00e0 100% en bourses<\/h2>\n<p>[\/et_pb_text][et_pb_text _builder_version=\u00a0\u00bb4.27.4&Prime; _module_preset=\u00a0\u00bbdefault\u00a0\u00bb custom_margin=\u00a0\u00bb-20px||||false|false\u00a0\u00bb global_colors_info=\u00a0\u00bb{}\u00a0\u00bb]<\/p>\n<p>En faisant un don \u00e0 la Fondation Al\u00e9o, <strong>vous aidez \u00e0 soutenir les \u00e9tudiant\u00b7e\u00b7s-athl\u00e8tes en favorisant leur \u00e9panouissement global.<\/strong> Chaque dollar investi dans notre mission est remis sous forme de bourse et de services d\u2019accompagnement. Il n\u2019y a donc aucun frais de gestion pour les dons li\u00e9s au programme \u00c0 vos marques. Votre g\u00e9n\u00e9reux geste fera une grande diff\u00e9rence.<\/p>\n<p>Et si votre collecte conna\u00eet un franc succ\u00e8s et s\u2019\u00e9l\u00e8ve au-del\u00e0 de 1500$, vous remettrez votre bourse directement \u00e0 \u00abvotre\u00bb r\u00e9cipiendaire lors d\u2019une remise de bourses Al\u00e9o.<\/p>\n<p>Le don d\u00e9di\u00e9 pr\u00e9cis\u00e9ment \u00e0 un boursier ou une boursi\u00e8re n\u2019est pas autoris\u00e9, mais vous serez invit\u00e9 \u00e0 identifier vos objectifs et nous trouverons des candidatures en fonction de vos crit\u00e8res (r\u00e9gion, sport, champ d\u2019\u00e9tudes).<\/p>\n<p>[\/et_pb_text][\/et_pb_column][\/et_pb_row][et_pb_row column_structure=\u00a0\u00bb3_5,2_5&Prime; _builder_version=\u00a0\u00bb4.21.0&Prime; _module_preset=\u00a0\u00bbdefault\u00a0\u00bb custom_margin=\u00a0\u00bb-20px||||false|false\u00a0\u00bb custom_css_main_element=\u00a0\u00bbdisplay: flex;||align-items: center;\u00a0\u00bb global_colors_info=\u00a0\u00bb{}\u00a0\u00bb custom_css_main_element_last_edited=\u00a0\u00bbon|tablet\u00a0\u00bb custom_css_main_element_tablet=\u00a0\u00bbdisplay: block;\u00a0\u00bb custom_css_main_element_phone=\u00a0\u00bbdisplay: block;\u00a0\u00bb][et_pb_column type=\u00a0\u00bb3_5&Prime; _builder_version=\u00a0\u00bb4.16&Prime; _module_preset=\u00a0\u00bbdefault\u00a0\u00bb global_colors_info=\u00a0\u00bb{}\u00a0\u00bb][et_pb_text _builder_version=\u00a0\u00bb4.27.4&Prime; _module_preset=\u00a0\u00bbdefault\u00a0\u00bb custom_margin=\u00a0\u00bb-20px||||false|false\u00a0\u00bb custom_padding=\u00a0\u00bb22px||||false|false\u00a0\u00bb global_colors_info=\u00a0\u00bb{}\u00a0\u00bb]<\/p>\n<h2>\u00c0 vous de jouer<\/h2>\n<p>[\/et_pb_text][et_pb_text _builder_version=\u00a0\u00bb4.27.4&Prime; _module_preset=\u00a0\u00bbdefault\u00a0\u00bb custom_margin=\u00a0\u00bb-20px||||false|false\u00a0\u00bb link_option_url=\u00a0\u00bbmailto:marie-eve@fondationaleo.ca\u00a0\u00bb global_colors_info=\u00a0\u00bb{}\u00a0\u00bb]<\/p>\n<p>Un ancien boursier d\u00e9sirant redonner et courir pour la Fondation Al\u00e9o, une gang de coll\u00e8gues crinqu\u00e9s et un week-end de course \u00e0 Qu\u00e9bec. Il n\u2019en fallait pas plus pour que Guillaume Rioux et ses coll\u00e8gues du Crew Run Club mobilisent leur vaste r\u00e9seau autour de leur collecte de fonds au profit de la Fondation Al\u00e9o.<\/p>\n<p>Ainsi, quatre entra\u00eeneurs du Crew ont r\u00e9colt\u00e9 l\u2019impressionnante somme de 2 400$ gr\u00e2ce \u00e0 leur engagement et leur participation au Marathon Beneva de Qu\u00e9bec. <strong>Une somme assurant la remise d\u2019une bourse \u00e0 un athl\u00e8te de la rel\u00e8ve!<\/strong> Le Crew a d\u00e9cid\u00e9 de remettre cette somme \u00e0 un \u00e9tudiant-athl\u00e8te d\u2019athl\u00e9tisme et de cross-country bas\u00e9 dans la r\u00e9gion de Qu\u00e9bec.<\/p>\n<p>Ce geste remarquable change une carri\u00e8re et offre un soutien consid\u00e9rable \u00e0 un athl\u00e8te qui entre ainsi dans la grande famille Al\u00e9o.<\/p>\n<p>Vous souhaitez vous aussi vous lancer un d\u00e9fi et contribuer de fa\u00e7on significative au succ\u00e8s de la Fondation Al\u00e9o?<\/p>\n<p><strong>Contactez Marie-Eve, directrice du d\u00e9veloppement philanthropique au marie-eve@fondationaleo.ca<\/strong><\/p>\n<p>&nbsp;<\/p>\n<p>&nbsp;<\/p>\n<p>[\/et_pb_text][\/et_pb_column][et_pb_column type=\u00a0\u00bb2_5&Prime; _builder_version=\u00a0\u00bb4.16&Prime; _module_preset=\u00a0\u00bbdefault\u00a0\u00bb global_colors_info=\u00a0\u00bb{}\u00a0\u00bb][et_pb_image src=\u00a0\u00bbhttps:\/\/fondationaleo.ca\/wp-content\/uploads\/2025\/12\/A-vos-marques-4.png\u00a0\u00bb title_text=\u00a0\u00bbA vos marques 4&Prime; _builder_version=\u00a0\u00bb4.27.4&Prime; _module_preset=\u00a0\u00bbdefault\u00a0\u00bb global_colors_info=\u00a0\u00bb{}\u00a0\u00bb][\/et_pb_image][\/et_pb_column][\/et_pb_row][\/et_pb_section]<\/p>\n","protected":false},"excerpt":{"rendered":"<p>Programme\u00c0 vos marquesNos collectes en coursLe programmeVous aimeriez amasser des fonds pour les \u00e9tudiant\u00b7e\u00b7s-athl\u00e8tes du Qu\u00e9bec? Vous avez un d\u00e9fi qui pourrait vous permettre de mobiliser des donateurs potentiels autour de votre cause? Le programme \u00c0 vos marques, de la Fondation Al\u00e9o, est b\u00e2ti pour vous. Que ce soit lors d\u2019un d\u00e9fi sportif, une aventure [&hellip;]<\/p>\n","protected":false},"author":5,"featured_media":0,"parent":0,"menu_order":0,"comment_status":"closed","ping_status":"closed","template":"","meta":{"_et_pb_use_builder":"on","_et_pb_old_content":"","_et_gb_content_width":"","inline_featured_image":false,"footnotes":""},"class_list":["post-8645","page","type-page","status-publish","hentry"],"_links":{"self":[{"href":"https:\/\/fondationaleo.ca\/en\/wp-json\/wp\/v2\/pages\/8645","targetHints":{"allow":["GET"]}}],"collection":[{"href":"https:\/\/fondationaleo.ca\/en\/wp-json\/wp\/v2\/pages"}],"about":[{"href":"https:\/\/fondationaleo.ca\/en\/wp-json\/wp\/v2\/types\/page"}],"author":[{"embeddable":true,"href":"https:\/\/fondationaleo.ca\/en\/wp-json\/wp\/v2\/users\/5"}],"replies":[{"embeddable":true,"href":"https:\/\/fondationaleo.ca\/en\/wp-json\/wp\/v2\/comments?post=8645"}],"version-history":[{"count":1,"href":"https:\/\/fondationaleo.ca\/en\/wp-json\/wp\/v2\/pages\/8645\/revisions"}],"predecessor-version":[{"id":8951,"href":"https:\/\/fondationaleo.ca\/en\/wp-json\/wp\/v2\/pages\/8645\/revisions\/8951"}],"wp:attachment":[{"href":"https:\/\/fondationaleo.ca\/en\/wp-json\/wp\/v2\/media?parent=8645"}],"curies":[{"name":"wp","href":"https:\/\/api.w.org\/{rel}","templated":true}]}}